{"id":7296,"date":"2021-11-08T14:32:51","date_gmt":"2021-11-08T13:32:51","guid":{"rendered":"https:\/\/ovotrack.com\/events-exhibitions\/"},"modified":"2026-02-18T11:18:53","modified_gmt":"2026-02-18T10:18:53","slug":"eventos-feiras","status":"publish","type":"page","link":"https:\/\/ovotrack.com\/pt-br\/eventos-feiras\/","title":{"rendered":"Eventos e Feiras"},"content":{"rendered":"<h1>Oportunidades de nos encontrar em eventos e feiras<\/h1>\n<p>Se voc\u00ea est\u00e1 planejando participar de um feira ou evento do setor, ser\u00e1 um prazer conhec\u00ea-lo. Durante os pr\u00f3ximos meses, estaremos visitando os seguintes eventos.<\/p>\n<p><em>Devido ao surto de COVID-19, estamos seguindo cuidadosamente as precau\u00e7\u00f5es das autoridades locais para proteger nossos clientes, funcion\u00e1rios e sociedade. Estamos monitorando a situa\u00e7\u00e3o para que possamos ajustar nossas a\u00e7\u00f5es nesse sentido e, caso haja alguma altera\u00e7\u00e3o na nossa participa\u00e7\u00e3o na feira, iremos inform\u00e1-lo atrav\u00e9s dos nossos canais de m\u00eddia social.<\/em><\/p>\n<p><img loading=\"lazy\" decoding=\"async\" class=\"wp-image-9338 alignleft\" src=\"https:\/\/ovotrack.com\/wp-content\/uploads\/2025\/11\/Logo-Pig-Poultry-2026-scaled.png\" alt=\"Pig &amp; Poultry 2026\" width=\"400\" height=\"191\" srcset=\"https:\/\/ovotrack.com\/wp-content\/uploads\/2025\/11\/Logo-Pig-Poultry-2026-scaled.png 2048w, https:\/\/ovotrack.com\/wp-content\/uploads\/2025\/11\/Logo-Pig-Poultry-2026-300x143.png 300w, https:\/\/ovotrack.com\/wp-content\/uploads\/2025\/11\/Logo-Pig-Poultry-2026-1024x488.png 1024w, https:\/\/ovotrack.com\/wp-content\/uploads\/2025\/11\/Logo-Pig-Poultry-2026-768x366.png 768w, https:\/\/ovotrack.com\/wp-content\/uploads\/2025\/11\/Logo-Pig-Poultry-2026-1536x732.png 1536w\" sizes=\"auto, (max-width: 400px) 100vw, 400px\" \/><\/p>\n<h2>May 13 &#8211; 14, 2026<br \/>\nThe British Pig &amp; Poultry fair<\/h2>\n<p>The British Pig and Poultry Fair 2026 is a chance for the industry to get together, see what is new and share ideas. It is a must attend event for anyone in the industry to keep up to date. The poultry theatre will host the ever-popular Poultry Meat and Egg Outlook forums. Hear from experts across the supply chain on the challenges and opportunities ahead. Of course we will also be present at Pig and Poultry 2026,\u00a0 we look forward to welcome you at <em>booth 6-730<\/em>!<\/p>\n<p><img loading=\"lazy\" decoding=\"async\" class=\"wp-image-9342 alignleft\" style=\"font-size: 15.008px;\" src=\"https:\/\/ovotrack.com\/wp-content\/uploads\/2025\/11\/VIV_Europe-logo.jpg\" alt=\"\" width=\"400\" height=\"174\" srcset=\"https:\/\/ovotrack.com\/wp-content\/uploads\/2025\/11\/VIV_Europe-logo.jpg 1920w, https:\/\/ovotrack.com\/wp-content\/uploads\/2025\/11\/VIV_Europe-logo-300x131.jpg 300w, https:\/\/ovotrack.com\/wp-content\/uploads\/2025\/11\/VIV_Europe-logo-1024x446.jpg 1024w, https:\/\/ovotrack.com\/wp-content\/uploads\/2025\/11\/VIV_Europe-logo-768x334.jpg 768w, https:\/\/ovotrack.com\/wp-content\/uploads\/2025\/11\/VIV_Europe-logo-1536x669.jpg 1536w\" sizes=\"auto, (max-width: 400px) 100vw, 400px\" \/><\/p>\n<h2>June 2 &#8211; 4, 2026<br \/>\nVIV Europe<\/h2>\n<p>Global food systems make us vulnerable in the time of worldwide crisis. In addition, the call of consumers for sustainable food production becomes louder. The role of local food production is essential next to the global supply chains. The global and local systems need to be brought into a suitable balance. VIV Europe 2026 provides the required global expertise to boast the local practice in a sustainable way. It puts focus on how current and future trends in feed, breeding &amp; hatching, farming, health &amp; nutrition, slaughtering and egg handling &amp; processing \u2013 may lead to develop a supply chain with fewer links. We look forward to meet you at our <em>booth 09.C104<\/em>!<\/p>\n","protected":false},"excerpt":{"rendered":"<p>Oportunidades de nos encontrar em eventos e feiras Se voc\u00ea est\u00e1 planejando participar de um feira ou evento do setor, ser\u00e1 um prazer conhec\u00ea-lo. Durante os pr\u00f3ximos meses, estaremos visitando os seguintes eventos. Devido ao surto de COVID-19, estamos seguindo cuidadosamente as precau\u00e7\u00f5es das autoridades locais para proteger nossos clientes, funcion\u00e1rios e sociedade. Estamos monitorando [&hellip;]<\/p>\n","protected":false},"author":8,"featured_media":0,"parent":0,"menu_order":0,"comment_status":"closed","ping_status":"closed","template":"","meta":{"footnotes":""},"class_list":["post-7296","page","type-page","status-publish","hentry"],"_links":{"self":[{"href":"https:\/\/ovotrack.com\/pt-br\/wp-json\/wp\/v2\/pages\/7296","targetHints":{"allow":["GET"]}}],"collection":[{"href":"https:\/\/ovotrack.com\/pt-br\/wp-json\/wp\/v2\/pages"}],"about":[{"href":"https:\/\/ovotrack.com\/pt-br\/wp-json\/wp\/v2\/types\/page"}],"author":[{"embeddable":true,"href":"https:\/\/ovotrack.com\/pt-br\/wp-json\/wp\/v2\/users\/8"}],"replies":[{"embeddable":true,"href":"https:\/\/ovotrack.com\/pt-br\/wp-json\/wp\/v2\/comments?post=7296"}],"version-history":[{"count":5,"href":"https:\/\/ovotrack.com\/pt-br\/wp-json\/wp\/v2\/pages\/7296\/revisions"}],"predecessor-version":[{"id":9416,"href":"https:\/\/ovotrack.com\/pt-br\/wp-json\/wp\/v2\/pages\/7296\/revisions\/9416"}],"wp:attachment":[{"href":"https:\/\/ovotrack.com\/pt-br\/wp-json\/wp\/v2\/media?parent=7296"}],"curies":[{"name":"wp","href":"https:\/\/api.w.org\/{rel}","templated":true}]}}