{"id":6624,"date":"2021-03-05T13:49:55","date_gmt":"2021-03-05T12:49:55","guid":{"rendered":"https:\/\/ovotrack.com\/?page_id=6624"},"modified":"2021-03-05T15:19:12","modified_gmt":"2021-03-05T14:19:12","slug":"avisos-no-recebimento","status":"publish","type":"page","link":"https:\/\/ovotrack.com\/pt-br\/solucoes-processamento\/avisos-no-recebimento\/","title":{"rendered":"Avisos no Recebimento"},"content":{"rendered":"\t\t<div id=\"pootle-page-builder\">\n\t\t\t<!----------Pootle Page Builder Inline Styles---------->\n\t\t\t<style id=\"pootle-live-editor-styles\" type=\"text\/css\" media=\"all\">\n\t\t\t\t#pgc-6624-3-0 , #pgc-6624-3-1 , #pgc-6624-3-2 , #pgc-6624-3-3 { width:23.5% } .panel-grid-cell .panel { margin-bottom: 0px } @media ( max-width:780px ) { #pootle-page-builder .panel-grid-cell-container .panel-grid-cell { width:100%;flex: 1 0; } #pootle-page-builder .panel-grid-cell-container { flex-direction: column; } .panel-grid-cell:not(:last-child) { margin-bottom: 0px } .ppb-no-mobile-spacing { padding: 0 !important; margin: 0 !important; } .hide-on-mobile { display: none } br.rwd { display: block } .ppb-mobile-behaviour-2.ppb-block { margin-left:auto!important;margin-right:auto!important;margin-top:auto!important;margin-bottom:auto!important } .panel-grid { margin-left: 0 !important; margin-right: 0 !important; } .panel-grid-cell { padding: 0 !important; max-width: 100% !important; }  } \t\t\t<\/style>\n\t\t\t<div class=\"panel-grid ppb-row\" id=\"pg-6624-0\" style=\"margin-top: 40px;margin-bottom: 0;\" ><div class=\"ppb-row panel-row-style panel-row-style- \" style=\"\" ><style>#pg-6624-0 .panel-grid-cell { padding: 0 0.5% 0; }<\/style><div class='panel-grid-cell-container'><div class=\"ppb-col panel-grid-cell \" id=\"pgc-6624-0-0\" ><div id=\"panel-6624-0-0-0\" class=\"ppb-block ppb-no-mobile-spacing\" style=\"\" ><h1>Avisos no Recebimento<\/h1><\/div><\/div><\/div><!--.panel-grid-cell-container--><\/div><!--.panel-row-style--><\/div><!--.panel-grid--><div class=\"panel-grid ppb-row\" id=\"pg-6624-1\" style=\"margin-bottom: 0;\" ><div class=\"ppb-row panel-row-style panel-row-style- \" style=\"\" ><style>#pg-6624-1 .panel-grid-cell { padding: 0 0.5% 0; }<\/style><div class='panel-grid-cell-container'><div class=\"ppb-col panel-grid-cell \" id=\"pgc-6624-1-0\" ><div id=\"panel-6624-1-0-0\" class=\"ppb-block ppb-no-mobile-spacing\" style=\"\" ><p>\nCom a ajuda do Ovotrack Avisos no Recebimento, os avisos podem ser gerados automaticamente para verifica\u00e7\u00f5es espec\u00edficas de qualidade no departamento de recebimento.\n<\/p><p>\nEssas verifica\u00e7\u00f5es podem ser de diferentes tipos e v\u00e3o desde \"verifique de qual granja temos que tirar uma amostra de 12 ovos para o laborat\u00f3rio para verificar a cor da gema, a resist\u00eancia da casca e assim por diante\" para \"verificar se os testes de Salmonella foram feitos a tempo deste lote\". Algumas dessas verifica\u00e7\u00f5es resultam em um aviso dentro do Ovotrack Recebimento, \u00a0mas outras podem resultar em um \"Ovos n\u00e3o podem ser recebidos devido \u00e0 falha nos testes de qualidade\".\n<\/p><\/div><\/div><\/div><!--.panel-grid-cell-container--><\/div><!--.panel-row-style--><\/div><!--.panel-grid--><div class=\"panel-grid ppb-row\" id=\"pg-6624-2\" style=\"margin-bottom: 0;\" ><div class=\"ppb-row panel-row-style panel-row-style-  ppb-stretch-full-width ppb-stretch-full-width-1 ppb-full-width-no-bg\" style=\"background-color: #f69f07;\" ><style>#pg-6624-2 .panel-grid-cell { padding: 0 0.5% 0; }<\/style><div class='panel-grid-cell-container'><div class=\"ppb-col panel-grid-cell \" id=\"pgc-6624-2-0\" ><div id=\"panel-6624-2-0-0\" class=\"ppb-block ppb-mobile-behaviour-1\" style=\"margin-top: 20px;\" ><h2 style=\"text-align: center;\" data-mce-style=\"text-align: center;\"><span style=\"color: #ffffff;\" data-mce-style=\"color: #ffffff;\">D\u00ea uma olhada nos outros m\u00f3dulos de software para processamento de ovos<\/span><\/h2><\/div><\/div><\/div><!--.panel-grid-cell-container--><\/div><!--.panel-row-style--><\/div><!--.panel-grid--><div class=\"panel-grid ppb-row\" id=\"pg-6624-3\" style=\"margin-bottom: 0;\" ><div class=\"ppb-row panel-row-style panel-row-style-  ppb-stretch-full-width ppb-stretch-full-width-1 ppb-full-width-no-bg\" style=\"background-color: #f69f07;\" ><style>#pg-6624-3 .panel-grid-cell { padding: 0 1% 0; }<\/style><div class='panel-grid-cell-container'><div class=\"ppb-col panel-grid-cell ppb-desktop-transparent\" id=\"pgc-6624-3-0\" data--100-bottom-top=\"@data-animation:!FadeInUp\" data-bottom-top=\"@data-animation:!0\" ><div id=\"panel-6624-3-0-0\" class=\"ppb-block ppb-mobile-behaviour-1\" style=\"color: #ffffff;margin-top: 10px;margin-bottom: 20px;\" ><p style=\"text-align: left;\"><strong>ANTES DE PROCESSAMENTO<\/strong>\n<\/p><p>\n<span style=\"color: #ffffff;\"><a style=\"color: #ffffff;\" href=\"https:\/\/ovotrack.com\/pt-br\/solucoes-processamento\/base-de-dados\/\">Base de Dados<\/a><\/span><br \/><span style=\"color: #ffffff;\"><a style=\"color: #ffffff;\" href=\"https:\/\/ovotrack.com\/pt-br\/solucoes-processamento\/impressao-de-etiqueta-de-fornecedor\/\">Impress\u00e3o de etiqueta de Fornecedor<br \/><\/a><\/span><a style=\"color: #ffffff;\" href=\"https:\/\/ovotrack.com\/pt-br\/solucoes-processamento\/pesagem-de-caminhao\/\">Pesagem de caminh\u00e3o<\/a><br \/><span style=\"color: #ffffff;\"><a style=\"color: #ffffff;\" href=\"https:\/\/ovotrack.com\/pt-br\/solucoes-processamento\/recebimento\/\">Recebimento<\/a><\/span><br \/><span style=\"color: #ffffff;\"><a style=\"color: #ffffff;\" href=\"https:\/\/ovotrack.com\/pt-br\/solucoes-processamento\/weighing-scale-connection\/\">Conex\u00e3o de balan\u00e7a de Pesagem<\/a><\/span><br \/><span style=\"color: #ffffff;\"><a style=\"color: #ffffff;\" href=\"https:\/\/ovotrack.com\/pt-br\/solucoes-processamento\/embalagem\/\">Embalagem<\/a><\/span><br \/><span style=\"color: #ffffff;\"><a style=\"color: #ffffff;\" href=\"https:\/\/ovotrack.com\/pt-br\/solucoes-processamento\/qualidade-do-ovo\/\">Qualidade do Ovo<\/a><\/span>\n<\/p><\/div><\/div><div class=\"ppb-col panel-grid-cell ppb-desktop-transparent\" id=\"pgc-6624-3-1\" data--100-bottom-top=\"@data-animation:!FadeInUp\" data-bottom-top=\"@data-animation:!0\" ><div id=\"panel-6624-3-1-0\" class=\"ppb-block ppb-mobile-behaviour-1\" style=\"color: #ffffff;margin-top: 10px;margin-bottom: 20px;\" ><p style=\"text-align: left;\" data-mce-style=\"text-align: left;\"><strong>DURANTE O PROCESSAMENTO<\/strong>\n<\/p><p>\n<span style=\"color: #ffffff;\" data-mce-style=\"color: #ffffff;\"><a style=\"color: #ffffff;\" href=\"https:\/\/ovotrack.com\/pt-br\/solucoes-processamento\/carregador\/\" data-mce-href=\"https:\/\/ovotrack.com\/pt-br\/solucoes-processamento\/carregador\/\" data-mce-style=\"color: #ffffff;\">Carregador<\/a><\/span><br><span style=\"color: #ffffff;\" data-mce-style=\"color: #ffffff;\"><a style=\"color: #ffffff;\" href=\"https:\/\/ovotrack.com\/pt-br\/solucoes-processamento\/lotes-de-ingredientes\/\" data-mce-href=\"https:\/\/ovotrack.com\/pt-br\/solucoes-processamento\/lotes-de-ingredientes\/\" data-mce-style=\"color: #ffffff;\" data-mce-selected=\"inline-boundary\">Lotes de Ingredientes<\/a><\/span><br><span style=\"color: #ffffff;\" data-mce-style=\"color: #ffffff;\"><a style=\"color: #ffffff;\" href=\"https:\/\/ovotrack.com\/pt-br\/solucoes-processamento\/lotes-da-quebradora\/\" data-mce-href=\"https:\/\/ovotrack.com\/pt-br\/solucoes-processamento\/lotes-da-quebradora\/\" data-mce-style=\"color: #ffffff;\">Lotes da Quebradora<\/a><\/span><br><span style=\"color: #ffffff;\" data-mce-style=\"color: #ffffff;\"><a style=\"color: #ffffff;\" href=\"https:\/\/ovotrack.com\/pt-br\/solucoes-processamento\/rastreamento-de-produtos\/\" data-mce-href=\"https:\/\/ovotrack.com\/pt-br\/solucoes-processamento\/rastreamento-de-produtos\/\" data-mce-style=\"color: #ffffff;\">Rastreamento de Produtos<\/a><\/span>\n<\/p><\/div><\/div><div class=\"ppb-col panel-grid-cell ppb-desktop-transparent\" id=\"pgc-6624-3-2\" data--100-bottom-top=\"@data-animation:!FadeInUp\" data-bottom-top=\"@data-animation:!0\" ><div id=\"panel-6624-3-2-0\" class=\"ppb-block ppb-mobile-behaviour-1\" style=\"color: #ffffff;margin-top: 10px;margin-bottom: 20px;\" ><p style=\"text-align: left;\"><strong>AP\u00d3S O PROCESSAMENTO<\/strong>\n<\/p><p>\n<span style=\"color: #ffffff;\"><a style=\"color: #ffffff;\" href=\"\/pt-br?page_id=5547\">Fim de Linha<\/a><\/span><br \/><span style=\"color: #ffffff;\"><a style=\"color: #ffffff;\" href=\"\/pt-br?page_id=5549\">Imprimir e Aplicar<\/a><\/span><br \/><span style=\"color: #ffffff;\"><a style=\"color: #ffffff;\" href=\"\/pt-br?page_id=5551\">Paletiza\u00e7\u00e3o<\/a><\/span><br \/><span style=\"color: #ffffff;\"><a style=\"color: #ffffff;\" href=\"\/pt-br?page_id=5553\">Expedi\u00e7\u00e3o<\/a><\/span>\n<\/p><\/div><\/div><div class=\"ppb-col panel-grid-cell ppb-desktop-transparent\" id=\"pgc-6624-3-3\" data--100-bottom-top=\"@data-animation:!FadeInUp\" data-bottom-top=\"@data-animation:!0\" ><div id=\"panel-6624-3-3-0\" class=\"ppb-block ppb-mobile-behaviour-1\" style=\"color: #ffffff;margin-top: 10px;margin-bottom: 20px;\" ><p style=\"text-align: left;\" data-mce-style=\"text-align: left;\"><strong>OUTROS M\u00d3DULOS<\/strong>\n<\/p><p>\n<span style=\"text-decoration: underline;\" data-mce-style=\"text-decoration: underline;\"><span style=\"color: rgb(235, 235, 235); text-decoration: underline;\" data-mce-style=\"color: #ebebeb; text-decoration: underline;\"><a style=\"color: rgb(235, 235, 235); text-decoration: underline;\" href=\"https:\/\/ovotrack.com\/pt-br\/solucoes-processamento\/avisos-no-recebimento\/\" data-mce-href=\"https:\/\/ovotrack.com\/pt-br\/solucoes-processamento\/avisos-no-recebimento\/\" data-mce-style=\"color: #ebebeb; text-decoration: underline;\" data-mce-selected=\"inline-boundary\">Avisos no Recebimento<\/a><\/span><\/span><br><span style=\"color: #ffffff;\" data-mce-style=\"color: #ffffff;\"><a style=\"color: #ffffff;\" href=\"https:\/\/ovotrack.com\/pt-br\/solucoes-processamento\/localizacoes-de-estoque\/\" data-mce-href=\"https:\/\/ovotrack.com\/pt-br\/solucoes-processamento\/localizacoes-de-estoque\/\" data-mce-style=\"color: #ffffff;\">Localiza\u00e7\u00f5es de Estoque<\/a><\/span><br><span style=\"color: #ffffff;\" data-mce-style=\"color: #ffffff;\"><a style=\"color: #ffffff;\" href=\"https:\/\/ovotrack.com\/pt-br\/solucoes-processamento\/agendador-de-tarefas\/\" data-mce-href=\"https:\/\/ovotrack.com\/pt-br\/solucoes-processamento\/agendador-de-tarefas\/\" data-mce-style=\"color: #ffffff;\">Agendador de Tarefas<\/a><\/span><br><span style=\"color: #ffffff;\" data-mce-style=\"color: #ffffff;\"><a style=\"color: #ffffff;\" href=\"https:\/\/ovotrack.com\/pt-br\/solucoes-processamento\/atualizacao-de-dados-de-etiqueta\/\" data-mce-href=\"https:\/\/ovotrack.com\/pt-br\/solucoes-processamento\/atualizacao-de-dados-de-etiqueta\/\" data-mce-style=\"color: #ffffff;\">Atualiza\u00e7\u00e3o de dados de Etiqueta<\/a><\/span>\n<\/p><\/div><\/div><\/div><!--.panel-grid-cell-container--><\/div><!--.panel-row-style--><\/div><!--.panel-grid--><div class=\"panel-grid ppb-row\" id=\"pg-6624-4\" style=\"margin-bottom: 0;\" ><div class=\"ppb-row panel-row-style panel-row-style-  ppb-stretch-full-width ppb-stretch-full-width-1 ppb-full-width-no-bg\" style=\"background-image: url( https:\/\/ovotrack.com\/wp-content\/uploads\/2018\/03\/Barcode.jpg ); background-size: cover; background-repeat: no-repeat; min-height:15px;\" ><style>#pg-6624-4 .panel-grid-cell { padding: 0 0.5% 0; }<\/style><div class='panel-grid-cell-container'><div class=\"ppb-col panel-grid-cell \" id=\"pgc-6624-4-0\" ><\/div><\/div><!--.panel-grid-cell-container--><\/div><!--.panel-row-style--><\/div><!--.panel-grid-->\t\t<\/div>\n\t\t","protected":false},"excerpt":{"rendered":"<p>Avisos no Recebimento Com a ajuda do Ovotrack Avisos no Recebimento, os avisos podem ser gerados automaticamente para verifica\u00e7\u00f5es espec\u00edficas de qualidade no departamento de recebimento. Essas verifica\u00e7\u00f5es podem ser de diferentes tipos e v\u00e3o desde &#8220;verifique de qual granja temos que tirar uma amostra de 12 ovos para o laborat\u00f3rio para verificar a cor [&hellip;]<\/p>\n","protected":false},"author":5,"featured_media":0,"parent":6636,"menu_order":0,"comment_status":"closed","ping_status":"closed","template":"","meta":{"footnotes":""},"class_list":["post-6624","page","type-page","status-publish","hentry"],"_links":{"self":[{"href":"https:\/\/ovotrack.com\/pt-br\/wp-json\/wp\/v2\/pages\/6624","targetHints":{"allow":["GET"]}}],"collection":[{"href":"https:\/\/ovotrack.com\/pt-br\/wp-json\/wp\/v2\/pages"}],"about":[{"href":"https:\/\/ovotrack.com\/pt-br\/wp-json\/wp\/v2\/types\/page"}],"author":[{"embeddable":true,"href":"https:\/\/ovotrack.com\/pt-br\/wp-json\/wp\/v2\/users\/5"}],"replies":[{"embeddable":true,"href":"https:\/\/ovotrack.com\/pt-br\/wp-json\/wp\/v2\/comments?post=6624"}],"version-history":[{"count":4,"href":"https:\/\/ovotrack.com\/pt-br\/wp-json\/wp\/v2\/pages\/6624\/revisions"}],"predecessor-version":[{"id":6690,"href":"https:\/\/ovotrack.com\/pt-br\/wp-json\/wp\/v2\/pages\/6624\/revisions\/6690"}],"up":[{"embeddable":true,"href":"https:\/\/ovotrack.com\/pt-br\/wp-json\/wp\/v2\/pages\/6636"}],"wp:attachment":[{"href":"https:\/\/ovotrack.com\/pt-br\/wp-json\/wp\/v2\/media?parent=6624"}],"curies":[{"name":"wp","href":"https:\/\/api.w.org\/{rel}","templated":true}]}}