{"id":6621,"date":"2021-03-05T13:47:02","date_gmt":"2021-03-05T12:47:02","guid":{"rendered":"https:\/\/ovotrack.com\/?page_id=6621"},"modified":"2021-03-05T15:17:58","modified_gmt":"2021-03-05T14:17:58","slug":"expedicao","status":"publish","type":"page","link":"https:\/\/ovotrack.com\/pt-br\/solucoes-processamento\/expedicao\/","title":{"rendered":"Expedi\u00e7\u00e3o"},"content":{"rendered":"\t\t<div id=\"pootle-page-builder\">\n\t\t\t<!----------Pootle Page Builder Inline Styles---------->\n\t\t\t<style id=\"pootle-live-editor-styles\" type=\"text\/css\" media=\"all\">\n\t\t\t\t#pgc-6621-1-0 { width:24.041% } #pgc-6621-1-1 { width:71.959% } #pgc-6621-3-0 , #pgc-6621-3-1 , #pgc-6621-3-2 , #pgc-6621-3-3 { width:23.5% } .panel-grid-cell .panel { margin-bottom: 0px } @media ( max-width:780px ) { #pootle-page-builder .panel-grid-cell-container .panel-grid-cell { width:100%;flex: 1 0; } #pootle-page-builder .panel-grid-cell-container { flex-direction: column; } .panel-grid-cell:not(:last-child) { margin-bottom: 0px } .ppb-no-mobile-spacing { padding: 0 !important; margin: 0 !important; } .hide-on-mobile { display: none } br.rwd { display: block } .ppb-mobile-behaviour-2.ppb-block { margin-left:auto!important;margin-right:auto!important;margin-top:auto!important;margin-bottom:auto!important } .panel-grid { margin-left: 0 !important; margin-right: 0 !important; } .panel-grid-cell { padding: 0 !important; max-width: 100% !important; }  } \t\t\t<\/style>\n\t\t\t<div class=\"panel-grid ppb-row\" id=\"pg-6621-0\" style=\"margin-top: 40px;margin-bottom: 0;\" ><div class=\"ppb-row panel-row-style panel-row-style- \" style=\"\" ><style>#pg-6621-0 .panel-grid-cell { padding: 0 0.5% 0; }<\/style><div class='panel-grid-cell-container'><div class=\"ppb-col panel-grid-cell \" id=\"pgc-6621-0-0\" ><div id=\"panel-6621-0-0-0\" class=\"ppb-block ppb-no-mobile-spacing\" style=\"\" ><h1>Expedi\u00e7\u00e3o<\/h1><\/div><\/div><\/div><!--.panel-grid-cell-container--><\/div><!--.panel-row-style--><\/div><!--.panel-grid--><div class=\"panel-grid ppb-row\" id=\"pg-6621-1\" style=\"margin-bottom: 0;\" ><div class=\"ppb-row panel-row-style panel-row-style- \" style=\"\" ><style>#pg-6621-1 .panel-grid-cell { padding: 0 2% 0; }<\/style><div class='panel-grid-cell-container'><div class=\"ppb-col panel-grid-cell \" id=\"pgc-6621-1-0\" ><div id=\"panel-6621-1-0-0\" class=\"ppb-block ppb-no-mobile-spacing\" style=\"margin-top: 12px;\" ><p>\n<img loading=\"lazy\" decoding=\"async\" class=\"aligncenter size-full wp-image-770\" src=\"https:\/\/ovotrack.com\/wp-content\/uploads\/2018\/02\/Ontvangst-gesorteerd.jpg\" alt=\"Ontvangst gesorteerde eieren Receive Graded eggs\" width=\"450\" height=\"350\" srcset=\"https:\/\/ovotrack.com\/wp-content\/uploads\/2018\/02\/Ontvangst-gesorteerd.jpg 450w, https:\/\/ovotrack.com\/wp-content\/uploads\/2018\/02\/Ontvangst-gesorteerd-300x233.jpg 300w\" sizes=\"auto, (max-width: 450px) 100vw, 450px\" \/>\n<\/p><\/div><\/div><div class=\"ppb-col panel-grid-cell \" id=\"pgc-6621-1-1\" ><div id=\"panel-6621-1-1-0\" class=\"ppb-block ppb-no-mobile-spacing\" style=\"\" ><p>\nPara completar a rastreabilidade, os produtos acabados que est\u00e3o preparados para o estoque devem ser conectados \u00e0s ordens de venda no departamento de expedi\u00e7\u00e3o antes de carregar os caminh\u00f5es e enviar os produtos para o cliente. Por essa raz\u00e3o, um PC Ovotrack com um ou mais \u201cscanners\u201d sem fio pode ser instalado no departamento de expedi\u00e7\u00e3o. No computador de expedi\u00e7\u00e3o, uma impressora de etiquetas \u00e9 conectada para imprimir novas etiquetas, se necess\u00e1rio.\n<\/p><p>\nCom os \u201cscanners\u201d sem fio, o c\u00f3digo de barras na lista de sele\u00e7\u00e3o ser\u00e1 escaneado primeiro e depois disso os c\u00f3digos de barras dos produtos acabados ou paletes completos devem ser digitalizados. O sistema verificar\u00e1 se o produto correto est\u00e1 digitalizado e a data de vencimento ou venda tamb\u00e9m ser\u00e1 verificada.\n<\/p><p>\nDepois de conectar produtos a pedidos de vendas na expedi\u00e7\u00e3o, uma nota de entrega ou uma nota de embarque podem ser geradas e os dados podem ser encaminhados para o sistema ERP para faturamento.\n<\/p><\/div><\/div><\/div><!--.panel-grid-cell-container--><\/div><!--.panel-row-style--><\/div><!--.panel-grid--><div class=\"panel-grid ppb-row\" id=\"pg-6621-2\" style=\"margin-bottom: 0;\" ><div class=\"ppb-row panel-row-style panel-row-style-  ppb-stretch-full-width ppb-stretch-full-width-1 ppb-full-width-no-bg\" style=\"background-color: #f69f07;\" ><style>#pg-6621-2 .panel-grid-cell { padding: 0 0.5% 0; }<\/style><div class='panel-grid-cell-container'><div class=\"ppb-col panel-grid-cell \" id=\"pgc-6621-2-0\" ><div id=\"panel-6621-2-0-0\" class=\"ppb-block ppb-mobile-behaviour-1\" style=\"margin-top: 20px;\" ><h2 style=\"text-align: center;\" data-mce-style=\"text-align: center;\"><span style=\"color: #ffffff;\" data-mce-style=\"color: #ffffff;\">D\u00ea uma olhada nos outros m\u00f3dulos de software para processamento de ovos<\/span><\/h2><\/div><\/div><\/div><!--.panel-grid-cell-container--><\/div><!--.panel-row-style--><\/div><!--.panel-grid--><div class=\"panel-grid ppb-row\" id=\"pg-6621-3\" style=\"margin-bottom: 0;\" ><div class=\"ppb-row panel-row-style panel-row-style-  ppb-stretch-full-width ppb-stretch-full-width-1 ppb-full-width-no-bg\" style=\"background-color: #f69f07;\" ><style>#pg-6621-3 .panel-grid-cell { padding: 0 1% 0; }<\/style><div class='panel-grid-cell-container'><div class=\"ppb-col panel-grid-cell ppb-desktop-transparent\" id=\"pgc-6621-3-0\" data--100-bottom-top=\"@data-animation:!FadeInUp\" data-bottom-top=\"@data-animation:!0\" ><div id=\"panel-6621-3-0-0\" class=\"ppb-block ppb-mobile-behaviour-1\" style=\"color: #ffffff;margin-top: 10px;margin-bottom: 20px;\" ><p style=\"text-align: left;\"><strong>ANTES DE PROCESSAMENTO<\/strong>\n<\/p><p>\n<span style=\"color: #ffffff;\"><a style=\"color: #ffffff;\" href=\"https:\/\/ovotrack.com\/pt-br\/solucoes-processamento\/base-de-dados\/\">Base de Dados<\/a><\/span><br \/><span style=\"color: #ffffff;\"><a style=\"color: #ffffff;\" href=\"https:\/\/ovotrack.com\/pt-br\/solucoes-processamento\/impressao-de-etiqueta-de-fornecedor\/\">Impress\u00e3o de etiqueta de Fornecedor<br \/><\/a><\/span><a style=\"color: #ffffff;\" href=\"https:\/\/ovotrack.com\/pt-br\/solucoes-processamento\/pesagem-de-caminhao\/\">Pesagem de caminh\u00e3o<\/a><br \/><span style=\"color: #ffffff;\"><a style=\"color: #ffffff;\" href=\"https:\/\/ovotrack.com\/pt-br\/solucoes-processamento\/recebimento\/\">Recebimento<\/a><\/span><br \/><span style=\"color: #ffffff;\"><a style=\"color: #ffffff;\" href=\"https:\/\/ovotrack.com\/pt-br\/solucoes-processamento\/weighing-scale-connection\/\">Conex\u00e3o de balan\u00e7a de Pesagem<\/a><\/span><br \/><span style=\"color: #ffffff;\"><a style=\"color: #ffffff;\" href=\"https:\/\/ovotrack.com\/pt-br\/solucoes-processamento\/embalagem\/\">Embalagem<\/a><\/span><br \/><span style=\"color: #ffffff;\"><a style=\"color: #ffffff;\" href=\"https:\/\/ovotrack.com\/pt-br\/solucoes-processamento\/qualidade-do-ovo\/\">Qualidade do Ovo<\/a><\/span>\n<\/p><\/div><\/div><div class=\"ppb-col panel-grid-cell ppb-desktop-transparent\" id=\"pgc-6621-3-1\" data--100-bottom-top=\"@data-animation:!FadeInUp\" data-bottom-top=\"@data-animation:!0\" ><div id=\"panel-6621-3-1-0\" class=\"ppb-block ppb-mobile-behaviour-1\" style=\"color: #ffffff;margin-top: 10px;margin-bottom: 20px;\" ><p style=\"text-align: left;\" data-mce-style=\"text-align: left;\"><strong>DURANTE O PROCESSAMENTO<\/strong>\n<\/p><p>\n<span style=\"color: #ffffff;\" data-mce-style=\"color: #ffffff;\"><a style=\"color: #ffffff;\" href=\"https:\/\/ovotrack.com\/pt-br\/solucoes-processamento\/carregador\/\" data-mce-href=\"https:\/\/ovotrack.com\/pt-br\/solucoes-processamento\/carregador\/\" data-mce-style=\"color: #ffffff;\">Carregador<\/a><\/span><br><span style=\"color: #ffffff;\" data-mce-style=\"color: #ffffff;\"><a style=\"color: #ffffff;\" href=\"https:\/\/ovotrack.com\/pt-br\/solucoes-processamento\/lotes-de-ingredientes\/\" data-mce-href=\"https:\/\/ovotrack.com\/pt-br\/solucoes-processamento\/lotes-de-ingredientes\/\" data-mce-style=\"color: #ffffff;\" data-mce-selected=\"inline-boundary\">Lotes de Ingredientes<\/a><\/span><br><span style=\"color: #ffffff;\" data-mce-style=\"color: #ffffff;\"><a style=\"color: #ffffff;\" href=\"https:\/\/ovotrack.com\/pt-br\/solucoes-processamento\/lotes-da-quebradora\/\" data-mce-href=\"https:\/\/ovotrack.com\/pt-br\/solucoes-processamento\/lotes-da-quebradora\/\" data-mce-style=\"color: #ffffff;\">Lotes da Quebradora<\/a><\/span><br><span style=\"color: #ffffff;\" data-mce-style=\"color: #ffffff;\"><a style=\"color: #ffffff;\" href=\"https:\/\/ovotrack.com\/pt-br\/solucoes-processamento\/rastreamento-de-produtos\/\" data-mce-href=\"https:\/\/ovotrack.com\/pt-br\/solucoes-processamento\/rastreamento-de-produtos\/\" data-mce-style=\"color: #ffffff;\">Rastreamento de Produtos<\/a><\/span>\n<\/p><\/div><\/div><div class=\"ppb-col panel-grid-cell ppb-desktop-transparent\" id=\"pgc-6621-3-2\" data--100-bottom-top=\"@data-animation:!FadeInUp\" data-bottom-top=\"@data-animation:!0\" ><div id=\"panel-6621-3-2-0\" class=\"ppb-block ppb-mobile-behaviour-1\" style=\"color: #ffffff;margin-top: 10px;margin-bottom: 20px;\" ><p style=\"text-align: left;\" data-mce-style=\"text-align: left;\"><strong>AP\u00d3S O PROCESSAMENTO<\/strong>\n<\/p><p>\n<span style=\"color: #ffffff;\" data-mce-style=\"color: #ffffff;\"><a style=\"color: #ffffff;\" href=\"https:\/\/ovotrack.com\/pt-br\/solucoes-processamento\/fim-de-linha\/\" data-mce-href=\"https:\/\/ovotrack.com\/pt-br\/solucoes-processamento\/fim-de-linha\/\" data-mce-style=\"color: #ffffff;\">Fim de Linha<\/a><\/span><br><span style=\"color: #ffffff;\" data-mce-style=\"color: #ffffff;\"><a style=\"color: #ffffff;\" href=\"https:\/\/ovotrack.com\/pt-br\/solucoes-processamento\/imprimir-e-aplicar\/\" data-mce-href=\"https:\/\/ovotrack.com\/pt-br\/solucoes-processamento\/imprimir-e-aplicar\/\" data-mce-style=\"color: #ffffff;\">Imprimir e Aplicar<\/a><\/span><br><span style=\"color: #ffffff;\" data-mce-style=\"color: #ffffff;\"><a style=\"color: #ffffff;\" href=\"https:\/\/ovotrack.com\/pt-br\/solucoes-processamento\/paletizacao\/\" data-mce-href=\"https:\/\/ovotrack.com\/pt-br\/solucoes-processamento\/paletizacao\/\" data-mce-style=\"color: #ffffff;\">Paletiza\u00e7\u00e3o<\/a><\/span><br><span style=\"text-decoration: underline;\" data-mce-style=\"text-decoration: underline;\"><span style=\"color: rgb(235, 235, 235);\" data-mce-style=\"color: #ebebeb;\"><a style=\"color: rgb(235, 235, 235); text-decoration: underline;\" href=\"https:\/\/ovotrack.com\/pt-br\/solucoes-processamento\/expedicao\/\" data-mce-href=\"https:\/\/ovotrack.com\/pt-br\/solucoes-processamento\/expedicao\/\" data-mce-style=\"color: #ebebeb; text-decoration: underline;\" data-mce-selected=\"inline-boundary\">Expedi\u00e7\u00e3o<\/a><\/span><\/span>\n<\/p><\/div><\/div><div class=\"ppb-col panel-grid-cell ppb-desktop-transparent\" id=\"pgc-6621-3-3\" data--100-bottom-top=\"@data-animation:!FadeInUp\" data-bottom-top=\"@data-animation:!0\" ><div id=\"panel-6621-3-3-0\" class=\"ppb-block ppb-mobile-behaviour-1\" style=\"color: #ffffff;margin-top: 10px;margin-bottom: 20px;\" ><p style=\"text-align: left;\"><strong>OUTROS M\u00d3DULOS<\/strong>\n<\/p><p>\n<span style=\"color: #ffffff;\"><a style=\"color: #ffffff;\" href=\"\/pt-br?page_id=5555\">Avisos no Recebimento<\/a><\/span><br \/><span style=\"color: #ffffff;\"><a style=\"color: #ffffff;\" href=\"\/pt-br?page_id=5557\">Localiza\u00e7\u00f5es de Estoque<\/a><\/span><br \/><span style=\"color: #ffffff;\"><a style=\"color: #ffffff;\" href=\"\/pt-br?page_id=5559\">Agendador de Tarefas<\/a><\/span><br \/><span style=\"color: #ffffff;\"><a style=\"color: #ffffff;\" href=\"\/pt-br?page_id=5561\">Atualiza\u00e7\u00e3o de dados de Etiqueta<\/a><\/span>\n<\/p><\/div><\/div><\/div><!--.panel-grid-cell-container--><\/div><!--.panel-row-style--><\/div><!--.panel-grid--><div class=\"panel-grid ppb-row\" id=\"pg-6621-4\" style=\"margin-bottom: 0;\" ><div class=\"ppb-row panel-row-style panel-row-style-  ppb-stretch-full-width ppb-stretch-full-width-1 ppb-full-width-no-bg\" style=\"background-image: url( https:\/\/ovotrack.com\/wp-content\/uploads\/2018\/03\/Barcode.jpg ); background-size: cover; background-repeat: no-repeat; min-height:15px;\" ><style>#pg-6621-4 .panel-grid-cell { padding: 0 0.5% 0; }<\/style><div class='panel-grid-cell-container'><div class=\"ppb-col panel-grid-cell \" id=\"pgc-6621-4-0\" ><\/div><\/div><!--.panel-grid-cell-container--><\/div><!--.panel-row-style--><\/div><!--.panel-grid-->\t\t<\/div>\n\t\t","protected":false},"excerpt":{"rendered":"<p>Expedi\u00e7\u00e3o Para completar a rastreabilidade, os produtos acabados que est\u00e3o preparados para o estoque devem ser conectados \u00e0s ordens de venda no departamento de expedi\u00e7\u00e3o antes de carregar os caminh\u00f5es e enviar os produtos para o cliente. Por essa raz\u00e3o, um PC Ovotrack com um ou mais \u201cscanners\u201d sem fio pode ser instalado no departamento [&hellip;]<\/p>\n","protected":false},"author":5,"featured_media":0,"parent":6636,"menu_order":0,"comment_status":"closed","ping_status":"closed","template":"","meta":{"footnotes":""},"class_list":["post-6621","page","type-page","status-publish","hentry"],"_links":{"self":[{"href":"https:\/\/ovotrack.com\/pt-br\/wp-json\/wp\/v2\/pages\/6621","targetHints":{"allow":["GET"]}}],"collection":[{"href":"https:\/\/ovotrack.com\/pt-br\/wp-json\/wp\/v2\/pages"}],"about":[{"href":"https:\/\/ovotrack.com\/pt-br\/wp-json\/wp\/v2\/types\/page"}],"author":[{"embeddable":true,"href":"https:\/\/ovotrack.com\/pt-br\/wp-json\/wp\/v2\/users\/5"}],"replies":[{"embeddable":true,"href":"https:\/\/ovotrack.com\/pt-br\/wp-json\/wp\/v2\/comments?post=6621"}],"version-history":[{"count":4,"href":"https:\/\/ovotrack.com\/pt-br\/wp-json\/wp\/v2\/pages\/6621\/revisions"}],"predecessor-version":[{"id":6688,"href":"https:\/\/ovotrack.com\/pt-br\/wp-json\/wp\/v2\/pages\/6621\/revisions\/6688"}],"up":[{"embeddable":true,"href":"https:\/\/ovotrack.com\/pt-br\/wp-json\/wp\/v2\/pages\/6636"}],"wp:attachment":[{"href":"https:\/\/ovotrack.com\/pt-br\/wp-json\/wp\/v2\/media?parent=6621"}],"curies":[{"name":"wp","href":"https:\/\/api.w.org\/{rel}","templated":true}]}}