{"id":6609,"date":"2021-03-05T13:23:58","date_gmt":"2021-03-05T12:23:58","guid":{"rendered":"https:\/\/ovotrack.com\/?page_id=6609"},"modified":"2021-03-05T15:05:44","modified_gmt":"2021-03-05T14:05:44","slug":"fim-de-linha","status":"publish","type":"page","link":"https:\/\/ovotrack.com\/pt-br\/modulos-de-classificacao\/fim-de-linha\/","title":{"rendered":"Fim de Linha"},"content":{"rendered":"\t\t<div id=\"pootle-page-builder\">\n\t\t\t<!----------Pootle Page Builder Inline Styles---------->\n\t\t\t<style id=\"pootle-live-editor-styles\" type=\"text\/css\" media=\"all\">\n\t\t\t\t#pgc-6609-1-0 { width:24.019% } #pgc-6609-1-1 { width:71.981% } #pgc-6609-3-0 , #pgc-6609-3-1 , #pgc-6609-3-2 , #pgc-6609-3-3 { width:23.5% } .panel-grid-cell .panel { margin-bottom: 0px } @media ( max-width:780px ) { #pootle-page-builder .panel-grid-cell-container .panel-grid-cell { width:100%;flex: 1 0; } #pootle-page-builder .panel-grid-cell-container { flex-direction: column; } .panel-grid-cell:not(:last-child) { margin-bottom: 0px } .ppb-no-mobile-spacing { padding: 0 !important; margin: 0 !important; } .hide-on-mobile { display: none } br.rwd { display: block } .ppb-mobile-behaviour-2.ppb-block { margin-left:auto!important;margin-right:auto!important;margin-top:auto!important;margin-bottom:auto!important } .panel-grid { margin-left: 0 !important; margin-right: 0 !important; } .panel-grid-cell { padding: 0 !important; max-width: 100% !important; }  } \t\t\t<\/style>\n\t\t\t<div class=\"panel-grid ppb-row\" id=\"pg-6609-0\" style=\"margin-top: 40px;margin-bottom: 0;\" ><div class=\"ppb-row panel-row-style panel-row-style- \" style=\"\" ><style>#pg-6609-0 .panel-grid-cell { padding: 0 0.5% 0; }<\/style><div class='panel-grid-cell-container'><div class=\"ppb-col panel-grid-cell \" id=\"pgc-6609-0-0\" ><div id=\"panel-6609-0-0-0\" class=\"ppb-block ppb-no-mobile-spacing\" style=\"\" ><h1>Fim de Linha<\/h1><\/div><\/div><\/div><!--.panel-grid-cell-container--><\/div><!--.panel-row-style--><\/div><!--.panel-grid--><div class=\"panel-grid ppb-row\" id=\"pg-6609-1\" style=\"margin-bottom: 0;\" ><div class=\"ppb-row panel-row-style panel-row-style- \" style=\"\" ><style>#pg-6609-1 .panel-grid-cell { padding: 0 2% 0; }<\/style><div class='panel-grid-cell-container'><div class=\"ppb-col panel-grid-cell \" id=\"pgc-6609-1-0\" ><div id=\"panel-6609-1-0-0\" class=\"ppb-block ppb-no-mobile-spacing\" style=\"margin-top: 12px;\" ><p style=\"text-align: center;\"><img loading=\"lazy\" decoding=\"async\" class=\" wp-image-2209 aligncenter\" src=\"https:\/\/ovotrack.com\/wp-content\/uploads\/2018\/12\/dsc1504.970x0-550-x-350.jpg\" alt=\"Wulro &amp; DEPS\" width=\"508\" height=\"323\" srcset=\"https:\/\/ovotrack.com\/wp-content\/uploads\/2018\/12\/dsc1504.970x0-550-x-350.jpg 550w, https:\/\/ovotrack.com\/wp-content\/uploads\/2018\/12\/dsc1504.970x0-550-x-350-300x191.jpg 300w\" sizes=\"auto, (max-width: 508px) 100vw, 508px\" \/>\n<\/p><p>\n<img loading=\"lazy\" decoding=\"async\" class=\"alignnone  wp-image-5629 aligncenter\" src=\"https:\/\/ovotrack.com\/wp-content\/uploads\/2020\/11\/End-of-Lane-egg-processing-1.png\" alt=\"End of Lane egg processing\" width=\"508\" height=\"381\" srcset=\"https:\/\/ovotrack.com\/wp-content\/uploads\/2020\/11\/End-of-Lane-egg-processing-1.png 400w, https:\/\/ovotrack.com\/wp-content\/uploads\/2020\/11\/End-of-Lane-egg-processing-1-300x225.png 300w\" sizes=\"auto, (max-width: 508px) 100vw, 508px\" \/>\n<\/p><\/div><\/div><div class=\"ppb-col panel-grid-cell \" id=\"pgc-6609-1-1\" ><div id=\"panel-6609-1-1-0\" class=\"ppb-block ppb-no-mobile-spacing\" style=\"\" ><p>\nPara manter a rastreabilidade e o controle de estoque dos produtos acabados, os produtos devem ser etiquetados com um ID exclusivo. O Ovotrack Fim de Linha consiste em um PC de painel Ovotrack, caixas de bot\u00f5es e impressoras de etiquetas quando necess\u00e1rio.\n<\/p><p>\nExistem v\u00e1rias maneiras de configurar o software Ovotrack Fim de Linha. Os produtos podem ser selecionados manualmente, mas tamb\u00e9m \u00e9 poss\u00edvel enviar ordens de venda ou produ\u00e7\u00e3o para o software automaticamente ou digitalizando esses pedidos de uma lista. Ao configurar o produto correto, vendas ou ordem de produ\u00e7\u00e3o para uma linha de embalagem, tamb\u00e9m \u00e9 definido o lay-out de uma etiqueta, bem como outros dados a serem impressos na etiqueta.\n<\/p><p>\nSempre que um \u201cbag-in-box\u201d ou \u201cpallecon\u201d estiver pronto, o operador apertar\u00e1 o bot\u00e3o para essa linha de embalagem e uma etiqueta \u00e9 impressa com o layout correto e um ID \u00fanico, tanto em texto quanto em c\u00f3digo de barras. \u00c0s vezes, o sinal \"pronto para o produto\" tamb\u00e9m pode vir de um sensor ou da comunica\u00e7\u00e3o com a m\u00e1quina de enchimento.\n<\/p><p>\nO ID exclusivo, bem como a origem dos ovos neste produto, est\u00e3o agora armazenados no banco de dados da Ovotrack.\n<\/p><p>\nA etiquetagem tamb\u00e9m pode ser feita automaticamente, com a ajuda do m\u00f3dulo Imprimir e Aplicar.\n<\/p><\/div><\/div><\/div><!--.panel-grid-cell-container--><\/div><!--.panel-row-style--><\/div><!--.panel-grid--><div class=\"panel-grid ppb-row\" id=\"pg-6609-2\" style=\"margin-bottom: 0;\" ><div class=\"ppb-row panel-row-style panel-row-style-  ppb-stretch-full-width ppb-stretch-full-width-1 ppb-full-width-no-bg\" style=\"background-color: #f69f07;\" ><style>#pg-6609-2 .panel-grid-cell { padding: 0 0.5% 0; }<\/style><div class='panel-grid-cell-container'><div class=\"ppb-col panel-grid-cell \" id=\"pgc-6609-2-0\" ><div id=\"panel-6609-2-0-0\" class=\"ppb-block ppb-mobile-behaviour-1\" style=\"margin-top: 20px;\" ><h2 style=\"text-align: center;\" data-mce-style=\"text-align: center;\"><span style=\"color: #ffffff;\" data-mce-style=\"color: #ffffff;\">D\u00ea uma olhada nos outros m\u00f3dulos de software para processamento de ovos<\/span><\/h2><\/div><\/div><\/div><!--.panel-grid-cell-container--><\/div><!--.panel-row-style--><\/div><!--.panel-grid--><div class=\"panel-grid ppb-row\" id=\"pg-6609-3\" style=\"margin-bottom: 0;\" ><div class=\"ppb-row panel-row-style panel-row-style-  ppb-stretch-full-width ppb-stretch-full-width-1 ppb-full-width-no-bg\" style=\"background-color: #f69f07;\" ><style>#pg-6609-3 .panel-grid-cell { padding: 0 1% 0; }<\/style><div class='panel-grid-cell-container'><div class=\"ppb-col panel-grid-cell ppb-desktop-transparent\" id=\"pgc-6609-3-0\" data--100-bottom-top=\"@data-animation:!FadeInUp\" data-bottom-top=\"@data-animation:!0\" ><div id=\"panel-6609-3-0-0\" class=\"ppb-block ppb-mobile-behaviour-1\" style=\"color: #ffffff;margin-top: 10px;margin-bottom: 20px;\" ><p style=\"text-align: left;\"><strong>ANTES DE PROCESSAMENTO<\/strong>\n<\/p><p>\n<span style=\"color: #ffffff;\"><a style=\"color: #ffffff;\" href=\"https:\/\/ovotrack.com\/pt-br\/solucoes-processamento\/base-de-dados\/\">Base de Dados<\/a><\/span><br \/><span style=\"color: #ffffff;\"><a style=\"color: #ffffff;\" href=\"https:\/\/ovotrack.com\/pt-br\/solucoes-processamento\/impressao-de-etiqueta-de-fornecedor\/\">Impress\u00e3o de etiqueta de Fornecedor<br \/><\/a><\/span><a style=\"color: #ffffff;\" href=\"https:\/\/ovotrack.com\/pt-br\/solucoes-processamento\/pesagem-de-caminhao\/\">Pesagem de caminh\u00e3o<\/a><br \/><span style=\"color: #ffffff;\"><a style=\"color: #ffffff;\" href=\"https:\/\/ovotrack.com\/pt-br\/solucoes-processamento\/recebimento\/\">Recebimento<\/a><\/span><br \/><span style=\"color: #ffffff;\"><a style=\"color: #ffffff;\" href=\"https:\/\/ovotrack.com\/pt-br\/solucoes-processamento\/weighing-scale-connection\/\">Conex\u00e3o de balan\u00e7a de Pesagem<\/a><\/span><br \/><span style=\"color: #ffffff;\"><a style=\"color: #ffffff;\" href=\"https:\/\/ovotrack.com\/pt-br\/solucoes-processamento\/embalagem\/\">Embalagem<\/a><\/span><br \/><span style=\"color: #ffffff;\"><a style=\"color: #ffffff;\" href=\"https:\/\/ovotrack.com\/pt-br\/solucoes-processamento\/qualidade-do-ovo\/\">Qualidade do Ovo<\/a><\/span>\n<\/p><\/div><\/div><div class=\"ppb-col panel-grid-cell ppb-desktop-transparent\" id=\"pgc-6609-3-1\" data--100-bottom-top=\"@data-animation:!FadeInUp\" data-bottom-top=\"@data-animation:!0\" ><div id=\"panel-6609-3-1-0\" class=\"ppb-block ppb-mobile-behaviour-1\" style=\"color: #ffffff;margin-top: 10px;margin-bottom: 20px;\" ><p style=\"text-align: left;\" data-mce-style=\"text-align: left;\"><strong>DURANTE O PROCESSAMENTO<\/strong>\n<\/p><p>\n<span style=\"color: #ffffff;\" data-mce-style=\"color: #ffffff;\"><a style=\"color: #ffffff;\" href=\"https:\/\/ovotrack.com\/pt-br\/solucoes-processamento\/carregador\/\" data-mce-href=\"https:\/\/ovotrack.com\/pt-br\/solucoes-processamento\/carregador\/\" data-mce-style=\"color: #ffffff;\">Carregador<\/a><\/span><br><span style=\"color: #ffffff;\" data-mce-style=\"color: #ffffff;\"><a style=\"color: #ffffff;\" href=\"https:\/\/ovotrack.com\/pt-br\/solucoes-processamento\/lotes-de-ingredientes\/\" data-mce-href=\"https:\/\/ovotrack.com\/pt-br\/solucoes-processamento\/lotes-de-ingredientes\/\" data-mce-style=\"color: #ffffff;\" data-mce-selected=\"inline-boundary\">Lotes de Ingredientes<\/a><\/span><br><span style=\"color: #ffffff;\" data-mce-style=\"color: #ffffff;\"><a style=\"color: #ffffff;\" href=\"https:\/\/ovotrack.com\/pt-br\/solucoes-processamento\/lotes-da-quebradora\/\" data-mce-href=\"https:\/\/ovotrack.com\/pt-br\/solucoes-processamento\/lotes-da-quebradora\/\" data-mce-style=\"color: #ffffff;\">Lotes da Quebradora<\/a><\/span><br><span style=\"color: #ffffff;\" data-mce-style=\"color: #ffffff;\"><a style=\"color: #ffffff;\" href=\"https:\/\/ovotrack.com\/pt-br\/solucoes-processamento\/rastreamento-de-produtos\/\" data-mce-href=\"https:\/\/ovotrack.com\/pt-br\/solucoes-processamento\/rastreamento-de-produtos\/\" data-mce-style=\"color: #ffffff;\">Rastreamento de Produtos<\/a><\/span>\n<\/p><\/div><\/div><div class=\"ppb-col panel-grid-cell ppb-desktop-transparent\" id=\"pgc-6609-3-2\" data--100-bottom-top=\"@data-animation:!FadeInUp\" data-bottom-top=\"@data-animation:!0\" ><div id=\"panel-6609-3-2-0\" class=\"ppb-block ppb-mobile-behaviour-1\" style=\"color: #ffffff;margin-top: 10px;margin-bottom: 20px;\" ><p style=\"text-align: left;\" data-mce-style=\"text-align: left;\"><strong>AP\u00d3S O PROCESSAMENTO<\/strong>\n<\/p><p>\n<span style=\"text-decoration: underline;\" data-mce-style=\"text-decoration: underline;\"><span style=\"color: rgb(235, 235, 235); text-decoration: underline;\" data-mce-style=\"color: #ebebeb; text-decoration: underline;\"><a style=\"color: rgb(235, 235, 235); text-decoration: underline;\" href=\"https:\/\/ovotrack.com\/pt-br\/solucoes-processamento\/fim-de-linha\/\" data-mce-href=\"https:\/\/ovotrack.com\/pt-br\/solucoes-processamento\/fim-de-linha\/\" data-mce-style=\"color: #ebebeb; text-decoration: underline;\" data-mce-selected=\"inline-boundary\">Fim de Linha<\/a><\/span><\/span><br><span style=\"color: #ffffff;\" data-mce-style=\"color: #ffffff;\"><a style=\"color: #ffffff;\" href=\"https:\/\/ovotrack.com\/pt-br\/solucoes-processamento\/imprimir-e-aplicar\/\" data-mce-href=\"https:\/\/ovotrack.com\/pt-br\/solucoes-processamento\/imprimir-e-aplicar\/\" data-mce-style=\"color: #ffffff;\">Imprimir e Aplicar<\/a><\/span><br><span style=\"color: #ffffff;\" data-mce-style=\"color: #ffffff;\"><a style=\"color: #ffffff;\" href=\"https:\/\/ovotrack.com\/pt-br\/solucoes-processamento\/paletizacao\/\" data-mce-href=\"https:\/\/ovotrack.com\/pt-br\/solucoes-processamento\/paletizacao\/\" data-mce-style=\"color: #ffffff;\">Paletiza\u00e7\u00e3o<\/a><\/span><br><span style=\"color: #ffffff;\" data-mce-style=\"color: #ffffff;\"><a style=\"color: #ffffff;\" href=\"https:\/\/ovotrack.com\/pt-br\/solucoes-processamento\/expedicao\/\" data-mce-href=\"https:\/\/ovotrack.com\/pt-br\/solucoes-processamento\/expedicao\/\" data-mce-style=\"color: #ffffff;\">Expedi\u00e7\u00e3o<\/a><\/span>\n<\/p><\/div><\/div><div class=\"ppb-col panel-grid-cell ppb-desktop-transparent\" id=\"pgc-6609-3-3\" data--100-bottom-top=\"@data-animation:!FadeInUp\" data-bottom-top=\"@data-animation:!0\" ><div id=\"panel-6609-3-3-0\" class=\"ppb-block ppb-mobile-behaviour-1\" style=\"color: #ffffff;margin-top: 10px;margin-bottom: 20px;\" ><p style=\"text-align: left;\"><strong>OUTROS M\u00d3DULOS<\/strong>\n<\/p><p>\n<span style=\"color: #ffffff;\"><a style=\"color: #ffffff;\" href=\"\/pt-br?page_id=5555\">Avisos no Recebimento<\/a><\/span><br \/><span style=\"color: #ffffff;\"><a style=\"color: #ffffff;\" href=\"\/pt-br?page_id=5557\">Localiza\u00e7\u00f5es de Estoque<\/a><\/span><br \/><span style=\"color: #ffffff;\"><a style=\"color: #ffffff;\" href=\"\/pt-br?page_id=5559\">Agendador de Tarefas<\/a><\/span><br \/><span style=\"color: #ffffff;\"><a style=\"color: #ffffff;\" href=\"\/pt-br?page_id=5561\">Atualiza\u00e7\u00e3o de dados de Etiqueta<\/a><\/span>\n<\/p><\/div><\/div><\/div><!--.panel-grid-cell-container--><\/div><!--.panel-row-style--><\/div><!--.panel-grid--><div class=\"panel-grid ppb-row\" id=\"pg-6609-4\" style=\"margin-bottom: 0;\" ><div class=\"ppb-row panel-row-style panel-row-style-  ppb-stretch-full-width ppb-stretch-full-width-1 ppb-full-width-no-bg\" style=\"background-image: url( https:\/\/ovotrack.com\/wp-content\/uploads\/2018\/03\/Barcode.jpg ); background-size: cover; background-repeat: no-repeat; min-height:15px;\" ><style>#pg-6609-4 .panel-grid-cell { padding: 0 0.5% 0; }<\/style><div class='panel-grid-cell-container'><div class=\"ppb-col panel-grid-cell \" id=\"pgc-6609-4-0\" ><\/div><\/div><!--.panel-grid-cell-container--><\/div><!--.panel-row-style--><\/div><!--.panel-grid-->\t\t<\/div>\n\t\t","protected":false},"excerpt":{"rendered":"<p>Fim de Linha Para manter a rastreabilidade e o controle de estoque dos produtos acabados, os produtos devem ser etiquetados com um ID exclusivo. O Ovotrack Fim de Linha consiste em um PC de painel Ovotrack, caixas de bot\u00f5es e impressoras de etiquetas quando necess\u00e1rio. Existem v\u00e1rias maneiras de configurar o software Ovotrack Fim de [&hellip;]<\/p>\n","protected":false},"author":5,"featured_media":0,"parent":4076,"menu_order":0,"comment_status":"closed","ping_status":"closed","template":"","meta":{"footnotes":""},"class_list":["post-6609","page","type-page","status-publish","hentry"],"_links":{"self":[{"href":"https:\/\/ovotrack.com\/pt-br\/wp-json\/wp\/v2\/pages\/6609","targetHints":{"allow":["GET"]}}],"collection":[{"href":"https:\/\/ovotrack.com\/pt-br\/wp-json\/wp\/v2\/pages"}],"about":[{"href":"https:\/\/ovotrack.com\/pt-br\/wp-json\/wp\/v2\/types\/page"}],"author":[{"embeddable":true,"href":"https:\/\/ovotrack.com\/pt-br\/wp-json\/wp\/v2\/users\/5"}],"replies":[{"embeddable":true,"href":"https:\/\/ovotrack.com\/pt-br\/wp-json\/wp\/v2\/comments?post=6609"}],"version-history":[{"count":4,"href":"https:\/\/ovotrack.com\/pt-br\/wp-json\/wp\/v2\/pages\/6609\/revisions"}],"predecessor-version":[{"id":6682,"href":"https:\/\/ovotrack.com\/pt-br\/wp-json\/wp\/v2\/pages\/6609\/revisions\/6682"}],"up":[{"embeddable":true,"href":"https:\/\/ovotrack.com\/pt-br\/wp-json\/wp\/v2\/pages\/4076"}],"wp:attachment":[{"href":"https:\/\/ovotrack.com\/pt-br\/wp-json\/wp\/v2\/media?parent=6609"}],"curies":[{"name":"wp","href":"https:\/\/api.w.org\/{rel}","templated":true}]}}