{"id":6604,"date":"2021-03-05T13:19:53","date_gmt":"2021-03-05T12:19:53","guid":{"rendered":"https:\/\/ovotrack.com\/?page_id=6604"},"modified":"2021-03-05T15:01:49","modified_gmt":"2021-03-05T14:01:49","slug":"lotes-da-quebradora","status":"publish","type":"page","link":"https:\/\/ovotrack.com\/pt-br\/solucoes-processamento\/lotes-da-quebradora\/","title":{"rendered":"Lotes da Quebradora"},"content":{"rendered":"\t\t<div id=\"pootle-page-builder\">\n\t\t\t<!----------Pootle Page Builder Inline Styles---------->\n\t\t\t<style id=\"pootle-live-editor-styles\" type=\"text\/css\" media=\"all\">\n\t\t\t\t#pgc-6604-1-0 { width:28.821% } #pgc-6604-1-1 { width:67.179% } #pgc-6604-2-0 , #pgc-6604-2-2 { width:24.518% } #pgc-6604-2-1 { width:48.964% } #pgc-6604-4-0 , #pgc-6604-4-1 , #pgc-6604-4-2 , #pgc-6604-4-3 { width:23.5% } .panel-grid-cell .panel { margin-bottom: 0px } @media ( max-width:780px ) { #pootle-page-builder .panel-grid-cell-container .panel-grid-cell { width:100%;flex: 1 0; } #pootle-page-builder .panel-grid-cell-container { flex-direction: column; } .panel-grid-cell:not(:last-child) { margin-bottom: 0px } .ppb-no-mobile-spacing { padding: 0 !important; margin: 0 !important; } .hide-on-mobile { display: none } br.rwd { display: block } .ppb-mobile-behaviour-2.ppb-block { margin-left:auto!important;margin-right:auto!important;margin-top:auto!important;margin-bottom:auto!important } .panel-grid { margin-left: 0 !important; margin-right: 0 !important; } .panel-grid-cell { padding: 0 !important; max-width: 100% !important; }  } \t\t\t<\/style>\n\t\t\t<div class=\"panel-grid ppb-row\" id=\"pg-6604-0\" style=\"margin-top: 40px;margin-bottom: 0;\" ><div class=\"ppb-row panel-row-style panel-row-style- \" style=\"\" ><style>#pg-6604-0 .panel-grid-cell { padding: 0 0.5% 0; }<\/style><div class='panel-grid-cell-container'><div class=\"ppb-col panel-grid-cell \" id=\"pgc-6604-0-0\" ><div id=\"panel-6604-0-0-0\" class=\"ppb-block ppb-no-mobile-spacing\" style=\"\" ><h1>Lotes da Quebradora<\/h1><\/div><\/div><\/div><!--.panel-grid-cell-container--><\/div><!--.panel-row-style--><\/div><!--.panel-grid--><div class=\"panel-grid ppb-row\" id=\"pg-6604-1\" style=\"margin-bottom: 0;\" ><div class=\"ppb-row panel-row-style panel-row-style- \" style=\"\" ><style>#pg-6604-1 .panel-grid-cell { padding: 0 2% 0; }<\/style><div class='panel-grid-cell-container'><div class=\"ppb-col panel-grid-cell \" id=\"pgc-6604-1-0\" ><div id=\"panel-6604-1-0-0\" class=\"ppb-block ppb-no-mobile-spacing\" style=\"\" ><p>\n<img loading=\"lazy\" decoding=\"async\" class=\"wp-image-6449 aligncenter\" src=\"https:\/\/ovotrack.com\/wp-content\/uploads\/2021\/02\/Breaker-Batches.png\" alt=\"Ovotrack Breaker Batches\" width=\"483\" height=\"362\" srcset=\"https:\/\/ovotrack.com\/wp-content\/uploads\/2021\/02\/Breaker-Batches.png 800w, https:\/\/ovotrack.com\/wp-content\/uploads\/2021\/02\/Breaker-Batches-300x225.png 300w, https:\/\/ovotrack.com\/wp-content\/uploads\/2021\/02\/Breaker-Batches-768x576.png 768w\" sizes=\"auto, (max-width: 483px) 100vw, 483px\" \/>\n<\/p><\/div><\/div><div class=\"ppb-col panel-grid-cell \" id=\"pgc-6604-1-1\" ><div id=\"panel-6604-1-1-0\" class=\"ppb-block ppb-no-mobile-spacing\" style=\"\" ><p>\nSe a m\u00e1quina de quebrar suportar a comunica\u00e7\u00e3o, um PC <a href=\"https:\/\/ovotrack.com\/pt-br\/carregador\/\">Ovotrack Carregador<\/a> ser\u00e1 instalado no carregador para permitir a comunica\u00e7\u00e3o. Ap\u00f3s a digitaliza\u00e7\u00e3o da etiqueta, as informa\u00e7\u00f5es necess\u00e1rias podem ser encaminhadas para a quebradora, como nome do fornecedor, quantidade de ovos e a data de postura. A m\u00e1quina de quebrar usa esses dados para criar um novo lote. No final do lote, a m\u00e1quina de quebrar enviar\u00e1 os resultados de quebra de volta para Ovotrack, como quantidade de ovos inteiros e quantidade de copos vazios.\n<\/p><p>\nDepois de digitalizar a etiqueta, o momento exato da troca de lotes deve ser sinalizado na m\u00e1quina de quebrar com a ajuda do RFID ovo. Gra\u00e7as a esta mudan\u00e7a autom\u00e1tica de lote, o carregador n\u00e3o precisa correr vazio para capturar os resultados exatos de quebra, portanto n\u00e3o haver\u00e1 nenhuma perda de produ\u00e7\u00e3o.\n<\/p><\/div><\/div><\/div><!--.panel-grid-cell-container--><\/div><!--.panel-row-style--><\/div><!--.panel-grid--><div class=\"panel-grid ppb-row\" id=\"pg-6604-2\" style=\"margin-bottom: 0;\" ><div class=\"ppb-row panel-row-style panel-row-style- \" style=\"\" ><style>#pg-6604-2 .panel-grid-cell { padding: 0 0.5% 0; }<\/style><div class='panel-grid-cell-container'><div class=\"ppb-col panel-grid-cell \" id=\"pgc-6604-2-0\" ><\/div><div class=\"ppb-col panel-grid-cell \" id=\"pgc-6604-2-1\" ><div id=\"panel-6604-2-1-0\" class=\"ppb-block ppb-no-mobile-spacing\" style=\"\" ><p style=\"text-align: center;\"><div class=\"su-youtube su-u-responsive-media-yes\"><iframe loading=\"lazy\" width=\"100\" height=\"33\" src=\"https:\/\/www.youtube.com\/embed\/EXMkyM9k9x8?autohide=2&amp;autoplay=0&amp;mute=0&amp;controls=1&amp;fs=1&amp;loop=0&amp;modestbranding=0&amp;rel=1&amp;showinfo=1&amp;theme=dark&amp;wmode=&amp;playsinline=0\" frameborder=\"0\" allowfullscreen allow=\"autoplay; encrypted-media; picture-in-picture\" title=\"\"><\/iframe><\/div>\n<\/p><\/div><\/div><div class=\"ppb-col panel-grid-cell \" id=\"pgc-6604-2-2\" ><\/div><\/div><!--.panel-grid-cell-container--><\/div><!--.panel-row-style--><\/div><!--.panel-grid--><div class=\"panel-grid ppb-row\" id=\"pg-6604-3\" style=\"margin-bottom: 0;\" ><div class=\"ppb-row panel-row-style panel-row-style-  ppb-stretch-full-width ppb-stretch-full-width-1 ppb-full-width-no-bg\" style=\"background-color: #f69f07;\" ><style>#pg-6604-3 .panel-grid-cell { padding: 0 0.5% 0; }<\/style><div class='panel-grid-cell-container'><div class=\"ppb-col panel-grid-cell \" id=\"pgc-6604-3-0\" ><div id=\"panel-6604-3-0-0\" class=\"ppb-block ppb-mobile-behaviour-1\" style=\"margin-top: 20px;\" ><h2 style=\"text-align: center;\" data-mce-style=\"text-align: center;\"><span style=\"color: #ffffff;\" data-mce-style=\"color: #ffffff;\">D\u00ea uma olhada nos outros m\u00f3dulos de software para processamento de ovos<\/span><\/h2><\/div><\/div><\/div><!--.panel-grid-cell-container--><\/div><!--.panel-row-style--><\/div><!--.panel-grid--><div class=\"panel-grid ppb-row\" id=\"pg-6604-4\" style=\"margin-bottom: 0;\" ><div class=\"ppb-row panel-row-style panel-row-style-  ppb-stretch-full-width ppb-stretch-full-width-1 ppb-full-width-no-bg\" style=\"background-color: #f69f07;\" ><style>#pg-6604-4 .panel-grid-cell { padding: 0 1% 0; }<\/style><div class='panel-grid-cell-container'><div class=\"ppb-col panel-grid-cell ppb-desktop-transparent\" id=\"pgc-6604-4-0\" data--100-bottom-top=\"@data-animation:!FadeInUp\" data-bottom-top=\"@data-animation:!0\" ><div id=\"panel-6604-4-0-0\" class=\"ppb-block ppb-mobile-behaviour-1\" style=\"color: #ffffff;margin-top: 10px;margin-bottom: 20px;\" ><p style=\"text-align: left;\"><strong>ANTES DE PROCESSAMENTO<\/strong>\n<\/p><p>\n<span style=\"color: #ffffff;\"><a style=\"color: #ffffff;\" href=\"https:\/\/ovotrack.com\/pt-br\/solucoes-processamento\/base-de-dados\/\">Base de Dados<\/a><\/span><br \/><span style=\"color: #ffffff;\"><a style=\"color: #ffffff;\" href=\"https:\/\/ovotrack.com\/pt-br\/solucoes-processamento\/impressao-de-etiqueta-de-fornecedor\/\">Impress\u00e3o de etiqueta de Fornecedor<br \/><\/a><\/span><a style=\"color: #ffffff;\" href=\"https:\/\/ovotrack.com\/pt-br\/solucoes-processamento\/pesagem-de-caminhao\/\">Pesagem de caminh\u00e3o<\/a><br \/><span style=\"color: #ffffff;\"><a style=\"color: #ffffff;\" href=\"https:\/\/ovotrack.com\/pt-br\/solucoes-processamento\/recebimento\/\">Recebimento<\/a><\/span><br \/><span style=\"color: #ffffff;\"><a style=\"color: #ffffff;\" href=\"https:\/\/ovotrack.com\/pt-br\/solucoes-processamento\/weighing-scale-connection\/\">Conex\u00e3o de balan\u00e7a de Pesagem<\/a><\/span><br \/><span style=\"color: #ffffff;\"><a style=\"color: #ffffff;\" href=\"https:\/\/ovotrack.com\/pt-br\/solucoes-processamento\/embalagem\/\">Embalagem<\/a><\/span><br \/><span style=\"color: #ffffff;\"><a style=\"color: #ffffff;\" href=\"https:\/\/ovotrack.com\/pt-br\/solucoes-processamento\/qualidade-do-ovo\/\">Qualidade do Ovo<\/a><\/span>\n<\/p><\/div><\/div><div class=\"ppb-col panel-grid-cell ppb-desktop-transparent\" id=\"pgc-6604-4-1\" data--100-bottom-top=\"@data-animation:!FadeInUp\" data-bottom-top=\"@data-animation:!0\" ><div id=\"panel-6604-4-1-0\" class=\"ppb-block ppb-mobile-behaviour-1\" style=\"color: #ffffff;margin-top: 10px;margin-bottom: 20px;\" ><p style=\"text-align: left;\" data-mce-style=\"text-align: left;\"><strong>DURANTE O PROCESSAMENTO<\/strong>\n<\/p><p>\n<span style=\"color: #ffffff;\" data-mce-style=\"color: #ffffff;\"><a style=\"color: #ffffff;\" href=\"\/pt-br?page_id=6598\" data-mce-href=\"https:\/\/ovotrack.com\/pt-br\/solucoes-processamento\/carregador\/\" data-mce-style=\"color: #ffffff;\">Carregador<\/a><\/span><br><span style=\"color: #ffffff;\" data-mce-style=\"color: #ffffff;\"><a style=\"color: #ffffff;\" href=\"\/pt-br?page_id=6601\" data-mce-href=\"https:\/\/ovotrack.com\/pt-br\/solucoes-processamento\/lotes-de-ingredientes\/\" data-mce-style=\"color: #ffffff;\">Lotes de Ingredientes<\/a><\/span><br><span style=\"text-decoration: underline;\" data-mce-style=\"text-decoration: underline;\"><span style=\"color: rgb(235, 235, 235); text-decoration: underline;\" data-mce-style=\"color: #ebebeb; text-decoration: underline;\"><a style=\"color: rgb(235, 235, 235); text-decoration: underline;\" href=\"\/pt-br?page_id=6604\" data-mce-href=\"https:\/\/ovotrack.com\/pt-br\/solucoes-processamento\/lotes-da-quebradora\/\" data-mce-style=\"color: #ebebeb; text-decoration: underline;\" data-mce-selected=\"inline-boundary\">Lotes da Quebradora<\/a><\/span><\/span><br><span style=\"color: #ffffff;\" data-mce-style=\"color: #ffffff;\"><a style=\"color: #ffffff;\" href=\"\/pt-br?page_id=6607\" data-mce-href=\"https:\/\/ovotrack.com\/pt-br\/solucoes-processamento\/rastreamento-de-produtos\/\" data-mce-style=\"color: #ffffff;\">Rastreamento de Produtos<\/a><\/span>\n<\/p><\/div><\/div><div class=\"ppb-col panel-grid-cell ppb-desktop-transparent\" id=\"pgc-6604-4-2\" data--100-bottom-top=\"@data-animation:!FadeInUp\" data-bottom-top=\"@data-animation:!0\" ><div id=\"panel-6604-4-2-0\" class=\"ppb-block ppb-mobile-behaviour-1\" style=\"color: #ffffff;margin-top: 10px;margin-bottom: 20px;\" ><p style=\"text-align: left;\"><strong>AP\u00d3S O PROCESSAMENTO<\/strong>\n<\/p><p>\n<span style=\"color: #ffffff;\"><a style=\"color: #ffffff;\" href=\"\/pt-br?page_id=5547\">Fim de Linha<\/a><\/span><br \/><span style=\"color: #ffffff;\"><a style=\"color: #ffffff;\" href=\"\/pt-br?page_id=5549\">Imprimir e Aplicar<\/a><\/span><br \/><span style=\"color: #ffffff;\"><a style=\"color: #ffffff;\" href=\"\/pt-br?page_id=5551\">Paletiza\u00e7\u00e3o<\/a><\/span><br \/><span style=\"color: #ffffff;\"><a style=\"color: #ffffff;\" href=\"\/pt-br?page_id=5553\">Expedi\u00e7\u00e3o<\/a><\/span>\n<\/p><\/div><\/div><div class=\"ppb-col panel-grid-cell ppb-desktop-transparent\" id=\"pgc-6604-4-3\" data--100-bottom-top=\"@data-animation:!FadeInUp\" data-bottom-top=\"@data-animation:!0\" ><div id=\"panel-6604-4-3-0\" class=\"ppb-block ppb-mobile-behaviour-1\" style=\"color: #ffffff;margin-top: 10px;margin-bottom: 20px;\" ><p style=\"text-align: left;\"><strong>OUTROS M\u00d3DULOS<\/strong>\n<\/p><p>\n<span style=\"color: #ffffff;\"><a style=\"color: #ffffff;\" href=\"\/pt-br?page_id=5555\">Avisos no Recebimento<\/a><\/span><br \/><span style=\"color: #ffffff;\"><a style=\"color: #ffffff;\" href=\"\/pt-br?page_id=5557\">Localiza\u00e7\u00f5es de Estoque<\/a><\/span><br \/><span style=\"color: #ffffff;\"><a style=\"color: #ffffff;\" href=\"\/pt-br?page_id=5559\">Agendador de Tarefas<\/a><\/span><br \/><span style=\"color: #ffffff;\"><a style=\"color: #ffffff;\" href=\"\/pt-br?page_id=5561\">Atualiza\u00e7\u00e3o de dados de Etiqueta<\/a><\/span>\n<\/p><\/div><\/div><\/div><!--.panel-grid-cell-container--><\/div><!--.panel-row-style--><\/div><!--.panel-grid--><div class=\"panel-grid ppb-row\" id=\"pg-6604-5\" style=\"margin-bottom: 0;\" ><div class=\"ppb-row panel-row-style panel-row-style-  ppb-stretch-full-width ppb-stretch-full-width-1 ppb-full-width-no-bg\" style=\"background-image: url( https:\/\/ovotrack.com\/wp-content\/uploads\/2018\/03\/Barcode.jpg ); background-size: cover; background-repeat: no-repeat; min-height:15px;\" ><style>#pg-6604-5 .panel-grid-cell { padding: 0 0.5% 0; }<\/style><div class='panel-grid-cell-container'><div class=\"ppb-col panel-grid-cell \" id=\"pgc-6604-5-0\" ><div id=\"panel-6604-5-0-0\" class=\"ppb-block ppb-no-mobile-spacing\" style=\"\" ><\/div><\/div><\/div><!--.panel-grid-cell-container--><\/div><!--.panel-row-style--><\/div><!--.panel-grid-->\t\t<\/div>\n\t\t","protected":false},"excerpt":{"rendered":"<p>Lotes da Quebradora Se a m\u00e1quina de quebrar suportar a comunica\u00e7\u00e3o, um PC Ovotrack Carregador ser\u00e1 instalado no carregador para permitir a comunica\u00e7\u00e3o. Ap\u00f3s a digitaliza\u00e7\u00e3o da etiqueta, as informa\u00e7\u00f5es necess\u00e1rias podem ser encaminhadas para a quebradora, como nome do fornecedor, quantidade de ovos e a data de postura. A m\u00e1quina de quebrar usa esses [&hellip;]<\/p>\n","protected":false},"author":5,"featured_media":0,"parent":6636,"menu_order":0,"comment_status":"closed","ping_status":"closed","template":"","meta":{"footnotes":""},"class_list":["post-6604","page","type-page","status-publish","hentry"],"_links":{"self":[{"href":"https:\/\/ovotrack.com\/pt-br\/wp-json\/wp\/v2\/pages\/6604","targetHints":{"allow":["GET"]}}],"collection":[{"href":"https:\/\/ovotrack.com\/pt-br\/wp-json\/wp\/v2\/pages"}],"about":[{"href":"https:\/\/ovotrack.com\/pt-br\/wp-json\/wp\/v2\/types\/page"}],"author":[{"embeddable":true,"href":"https:\/\/ovotrack.com\/pt-br\/wp-json\/wp\/v2\/users\/5"}],"replies":[{"embeddable":true,"href":"https:\/\/ovotrack.com\/pt-br\/wp-json\/wp\/v2\/comments?post=6604"}],"version-history":[{"count":4,"href":"https:\/\/ovotrack.com\/pt-br\/wp-json\/wp\/v2\/pages\/6604\/revisions"}],"predecessor-version":[{"id":6678,"href":"https:\/\/ovotrack.com\/pt-br\/wp-json\/wp\/v2\/pages\/6604\/revisions\/6678"}],"up":[{"embeddable":true,"href":"https:\/\/ovotrack.com\/pt-br\/wp-json\/wp\/v2\/pages\/6636"}],"wp:attachment":[{"href":"https:\/\/ovotrack.com\/pt-br\/wp-json\/wp\/v2\/media?parent=6604"}],"curies":[{"name":"wp","href":"https:\/\/api.w.org\/{rel}","templated":true}]}}