{"id":6591,"date":"2021-03-05T13:10:55","date_gmt":"2021-03-05T12:10:55","guid":{"rendered":"https:\/\/ovotrack.com\/?page_id=6591"},"modified":"2021-03-05T14:55:16","modified_gmt":"2021-03-05T13:55:16","slug":"embalagem","status":"publish","type":"page","link":"https:\/\/ovotrack.com\/pt-br\/solucoes-processamento\/embalagem\/","title":{"rendered":"Embalagem"},"content":{"rendered":"\t\t<div id=\"pootle-page-builder\">\n\t\t\t<!----------Pootle Page Builder Inline Styles---------->\n\t\t\t<style id=\"pootle-live-editor-styles\" type=\"text\/css\" media=\"all\">\n\t\t\t\t#pgc-6591-1-0 { width:24.019% } #pgc-6591-1-1 { width:71.981% } #pgc-6591-3-0 , #pgc-6591-3-1 , #pgc-6591-3-2 , #pgc-6591-3-3 { width:23.5% } .panel-grid-cell .panel { margin-bottom: 0px } @media ( max-width:780px ) { #pootle-page-builder .panel-grid-cell-container .panel-grid-cell { width:100%;flex: 1 0; } #pootle-page-builder .panel-grid-cell-container { flex-direction: column; } .panel-grid-cell:not(:last-child) { margin-bottom: 0px } .ppb-no-mobile-spacing { padding: 0 !important; margin: 0 !important; } .hide-on-mobile { display: none } br.rwd { display: block } .ppb-mobile-behaviour-2.ppb-block { margin-left:auto!important;margin-right:auto!important;margin-top:auto!important;margin-bottom:auto!important } .panel-grid { margin-left: 0 !important; margin-right: 0 !important; } .panel-grid-cell { padding: 0 !important; max-width: 100% !important; }  } \t\t\t<\/style>\n\t\t\t<div class=\"panel-grid ppb-row\" id=\"pg-6591-0\" style=\"margin-top: 40px;margin-bottom: 0;\" ><div class=\"ppb-row panel-row-style panel-row-style- \" style=\"\" ><style>#pg-6591-0 .panel-grid-cell { padding: 0 0.5% 0; }<\/style><div class='panel-grid-cell-container'><div class=\"ppb-col panel-grid-cell \" id=\"pgc-6591-0-0\" ><div id=\"panel-6591-0-0-0\" class=\"ppb-block ppb-no-mobile-spacing\" style=\"\" ><h1>Embalagem<\/h1><\/div><\/div><\/div><!--.panel-grid-cell-container--><\/div><!--.panel-row-style--><\/div><!--.panel-grid--><div class=\"panel-grid ppb-row\" id=\"pg-6591-1\" style=\"margin-bottom: 0;\" ><div class=\"ppb-row panel-row-style panel-row-style- \" style=\"\" ><style>#pg-6591-1 .panel-grid-cell { padding: 0 2% 0; }<\/style><div class='panel-grid-cell-container'><div class=\"ppb-col panel-grid-cell \" id=\"pgc-6591-1-0\" ><div id=\"panel-6591-1-0-0\" class=\"ppb-block ppb-no-mobile-spacing\" style=\"\" ><p>\n<img loading=\"lazy\" decoding=\"async\" class=\"aligncenter size-medium wp-image-668\" src=\"https:\/\/ovotrack.com\/wp-content\/uploads\/2018\/01\/Ontvangst-verpakkingen-240x300.jpg\" alt=\"Pallet verpakkingen voor eieren\" width=\"240\" height=\"300\" srcset=\"https:\/\/ovotrack.com\/wp-content\/uploads\/2018\/01\/Ontvangst-verpakkingen-240x300.jpg 240w, https:\/\/ovotrack.com\/wp-content\/uploads\/2018\/01\/Ontvangst-verpakkingen.jpg 300w\" sizes=\"auto, (max-width: 240px) 100vw, 240px\" \/>\n<\/p><\/div><\/div><div class=\"ppb-col panel-grid-cell \" id=\"pgc-6591-1-1\" ><div id=\"panel-6591-1-1-0\" class=\"ppb-block ppb-no-mobile-spacing\" style=\"\" ><p>\nSemelhante \u00e0 rastreabilidade dos ovos, o material de embalagem tamb\u00e9m pode ser rastreado. Com o software Ovotrack Embalagem, uma etiqueta para cada palete de material de embalagem pode ser impresso no recebimento. Sempre que este palete \u00e9 levado do armaz\u00e9m de embalagens para a sala de processamento, a etiqueta do palete \u00e9 escaneada novamente.\n<\/p><p>\nOs c\u00f3digos originais de rastreabilidade do fornecedor de embalagens podem ser capturados no banco de dados, de modo que informa\u00e7\u00f5es corretas e precisas estejam dispon\u00edveis para o fornecedor em caso de \u201crecall\u201d.\n<\/p><p>\nO m\u00f3dulo de embalagem Ovotrack n\u00e3o s\u00f3 cuida da rastreabilidade do material de embalagem, mas tamb\u00e9m oferece controle de estoque do material de embalagem. Como a Ovotrack sabe o estoque em tempo real da embalagem, tamb\u00e9m \u00e9 poss\u00edvel dar-lhe um aviso quando a embalagem est\u00e1 se esgotando, a fim de comprar novas embalagens quando necess\u00e1rio.\n<\/p><\/div><\/div><\/div><!--.panel-grid-cell-container--><\/div><!--.panel-row-style--><\/div><!--.panel-grid--><div class=\"panel-grid ppb-row\" id=\"pg-6591-2\" style=\"margin-bottom: 0;\" ><div class=\"ppb-row panel-row-style panel-row-style-  ppb-stretch-full-width ppb-stretch-full-width-1 ppb-full-width-no-bg\" style=\"background-color: #f69f07;\" ><style>#pg-6591-2 .panel-grid-cell { padding: 0 0.5% 0; }<\/style><div class='panel-grid-cell-container'><div class=\"ppb-col panel-grid-cell \" id=\"pgc-6591-2-0\" ><div id=\"panel-6591-2-0-0\" class=\"ppb-block ppb-mobile-behaviour-1\" style=\"margin-top: 20px;\" ><h2 style=\"text-align: center;\" data-mce-style=\"text-align: center;\"><span style=\"color: #ffffff;\" data-mce-style=\"color: #ffffff;\">D\u00ea uma olhada nos outros m\u00f3dulos de software para processamento de ovos<\/span><\/h2><\/div><\/div><\/div><!--.panel-grid-cell-container--><\/div><!--.panel-row-style--><\/div><!--.panel-grid--><div class=\"panel-grid ppb-row\" id=\"pg-6591-3\" style=\"margin-bottom: 0;\" ><div class=\"ppb-row panel-row-style panel-row-style-  ppb-stretch-full-width ppb-stretch-full-width-1 ppb-full-width-no-bg\" style=\"background-color: #f69f07;\" ><style>#pg-6591-3 .panel-grid-cell { padding: 0 1% 0; }<\/style><div class='panel-grid-cell-container'><div class=\"ppb-col panel-grid-cell ppb-desktop-transparent\" id=\"pgc-6591-3-0\" data--100-bottom-top=\"@data-animation:!FadeInUp\" data-bottom-top=\"@data-animation:!0\" ><div id=\"panel-6591-3-0-0\" class=\"ppb-block ppb-mobile-behaviour-1\" style=\"color: #ffffff;margin-top: 10px;margin-bottom: 20px;\" ><p style=\"text-align: left;\" data-mce-style=\"text-align: left;\"><strong>ANTES DE PROCESSAMENTO<\/strong>\n<\/p><p>\n<span style=\"color: #ffffff;\" data-mce-style=\"color: #ffffff;\"><a style=\"color: #ffffff;\" href=\"https:\/\/ovotrack.com\/pt-br\/solucoes-processamento\/base-de-dados\/\" data-mce-href=\"https:\/\/ovotrack.com\/pt-br\/solucoes-processamento\/base-de-dados\/\" data-mce-style=\"color: #ffffff;\">Base de Dados<\/a><\/span><br><span style=\"color: #ffffff;\" data-mce-style=\"color: #ffffff;\"><a style=\"color: #ffffff;\" href=\"https:\/\/ovotrack.com\/pt-br\/solucoes-processamento\/impressao-de-etiqueta-de-fornecedor\/\" data-mce-href=\"https:\/\/ovotrack.com\/pt-br\/solucoes-processamento\/impressao-de-etiqueta-de-fornecedor\/\" data-mce-style=\"color: #ffffff;\">Impress\u00e3o de etiqueta de Fornecedor<br><\/a><\/span><a style=\"color: #ffffff;\" href=\"https:\/\/ovotrack.com\/pt-br\/solucoes-processamento\/pesagem-de-caminhao\/\" data-mce-href=\"https:\/\/ovotrack.com\/pt-br\/solucoes-processamento\/pesagem-de-caminhao\/\" data-mce-style=\"color: #ffffff;\">Pesagem de caminh\u00e3o<\/a><br><span style=\"color: #ffffff;\" data-mce-style=\"color: #ffffff;\"><a style=\"color: #ffffff;\" href=\"https:\/\/ovotrack.com\/pt-br\/solucoes-processamento\/recebimento\/\" data-mce-href=\"https:\/\/ovotrack.com\/pt-br\/solucoes-processamento\/recebimento\/\" data-mce-style=\"color: #ffffff;\">Recebimento<\/a><\/span><br><span style=\"color: #ffffff;\" data-mce-style=\"color: #ffffff;\"><a style=\"color: #ffffff;\" href=\"https:\/\/ovotrack.com\/pt-br\/solucoes-processamento\/weighing-scale-connection\/\" data-mce-href=\"https:\/\/ovotrack.com\/pt-br\/solucoes-processamento\/weighing-scale-connection\/\" data-mce-style=\"color: #ffffff;\">Conex\u00e3o de balan\u00e7a de Pesagem<\/a><\/span><br><span style=\"text-decoration: underline;\" data-mce-style=\"text-decoration: underline;\"><span style=\"color: rgb(235, 235, 235);\" data-mce-style=\"color: #ebebeb;\"><a style=\"color: rgb(235, 235, 235);\" href=\"https:\/\/ovotrack.com\/pt-br\/solucoes-processamento\/embalagem\/\" data-mce-href=\"https:\/\/ovotrack.com\/pt-br\/solucoes-processamento\/embalagem\/\" data-mce-style=\"color: #ebebeb;\" data-mce-selected=\"inline-boundary\">Embalagem<\/a><\/span><\/span><br><span style=\"color: #ffffff;\" data-mce-style=\"color: #ffffff;\"><a style=\"color: #ffffff;\" href=\"https:\/\/ovotrack.com\/pt-br\/solucoes-processamento\/qualidade-do-ovo\/\" data-mce-href=\"https:\/\/ovotrack.com\/pt-br\/solucoes-processamento\/qualidade-do-ovo\/\" data-mce-style=\"color: #ffffff;\">Qualidade do Ovo<\/a><\/span>\n<\/p><\/div><\/div><div class=\"ppb-col panel-grid-cell ppb-desktop-transparent\" id=\"pgc-6591-3-1\" data--100-bottom-top=\"@data-animation:!FadeInUp\" data-bottom-top=\"@data-animation:!0\" ><div id=\"panel-6591-3-1-0\" class=\"ppb-block ppb-mobile-behaviour-1\" style=\"color: #ffffff;margin-top: 10px;margin-bottom: 20px;\" ><p style=\"text-align: left;\" data-mce-style=\"text-align: left;\"><strong>DURANTE O PROCESSAMENTO<\/strong>\n<\/p><p>\n<span style=\"color: #ffffff;\" data-mce-style=\"color: #ffffff;\"><a style=\"color: #ffffff;\" href=\"https:\/\/ovotrack.com\/pt-br\/solucoes-processamento\/carregador\/\" data-mce-href=\"https:\/\/ovotrack.com\/pt-br\/solucoes-processamento\/carregador\/\" data-mce-style=\"color: #ffffff;\">Carregador<\/a><\/span><br><span style=\"color: #ffffff;\" data-mce-style=\"color: #ffffff;\"><a style=\"color: #ffffff;\" href=\"https:\/\/ovotrack.com\/pt-br\/solucoes-processamento\/lotes-de-ingredientes\/\" data-mce-href=\"https:\/\/ovotrack.com\/pt-br\/solucoes-processamento\/lotes-de-ingredientes\/\" data-mce-style=\"color: #ffffff;\" data-mce-selected=\"inline-boundary\">Lotes de Ingredientes<\/a><\/span><br><span style=\"color: #ffffff;\" data-mce-style=\"color: #ffffff;\"><a style=\"color: #ffffff;\" href=\"https:\/\/ovotrack.com\/pt-br\/solucoes-processamento\/lotes-da-quebradora\/\" data-mce-href=\"https:\/\/ovotrack.com\/pt-br\/solucoes-processamento\/lotes-da-quebradora\/\" data-mce-style=\"color: #ffffff;\">Lotes da Quebradora<\/a><\/span><br><span style=\"color: #ffffff;\" data-mce-style=\"color: #ffffff;\"><a style=\"color: #ffffff;\" href=\"https:\/\/ovotrack.com\/pt-br\/solucoes-processamento\/rastreamento-de-produtos\/\" data-mce-href=\"https:\/\/ovotrack.com\/pt-br\/solucoes-processamento\/rastreamento-de-produtos\/\" data-mce-style=\"color: #ffffff;\">Rastreamento de Produtos<\/a><\/span>\n<\/p><\/div><\/div><div class=\"ppb-col panel-grid-cell ppb-desktop-transparent\" id=\"pgc-6591-3-2\" data--100-bottom-top=\"@data-animation:!FadeInUp\" data-bottom-top=\"@data-animation:!0\" ><div id=\"panel-6591-3-2-0\" class=\"ppb-block ppb-mobile-behaviour-1\" style=\"color: #ffffff;margin-top: 10px;margin-bottom: 20px;\" ><p style=\"text-align: left;\"><strong>AP\u00d3S O PROCESSAMENTO<\/strong>\n<\/p><p>\n<span style=\"color: #ffffff;\"><a style=\"color: #ffffff;\" href=\"\/pt-br?page_id=5547\">Fim de Linha<\/a><\/span><br \/><span style=\"color: #ffffff;\"><a style=\"color: #ffffff;\" href=\"\/pt-br?page_id=5549\">Imprimir e Aplicar<\/a><\/span><br \/><span style=\"color: #ffffff;\"><a style=\"color: #ffffff;\" href=\"\/pt-br?page_id=5551\">Paletiza\u00e7\u00e3o<\/a><\/span><br \/><span style=\"color: #ffffff;\"><a style=\"color: #ffffff;\" href=\"\/pt-br?page_id=5553\">Expedi\u00e7\u00e3o<\/a><\/span>\n<\/p><\/div><\/div><div class=\"ppb-col panel-grid-cell ppb-desktop-transparent\" id=\"pgc-6591-3-3\" data--100-bottom-top=\"@data-animation:!FadeInUp\" data-bottom-top=\"@data-animation:!0\" ><div id=\"panel-6591-3-3-0\" class=\"ppb-block ppb-mobile-behaviour-1\" style=\"color: #ffffff;margin-top: 10px;margin-bottom: 20px;\" ><p style=\"text-align: left;\"><strong>OUTROS M\u00d3DULOS<\/strong>\n<\/p><p>\n<span style=\"color: #ffffff;\"><a style=\"color: #ffffff;\" href=\"\/pt-br?page_id=5555\">Avisos no Recebimento<\/a><\/span><br \/><span style=\"color: #ffffff;\"><a style=\"color: #ffffff;\" href=\"\/pt-br?page_id=5557\">Localiza\u00e7\u00f5es de Estoque<\/a><\/span><br \/><span style=\"color: #ffffff;\"><a style=\"color: #ffffff;\" href=\"\/pt-br?page_id=5559\">Agendador de Tarefas<\/a><\/span><br \/><span style=\"color: #ffffff;\"><a style=\"color: #ffffff;\" href=\"\/pt-br?page_id=5561\">Atualiza\u00e7\u00e3o de dados de Etiqueta<\/a><\/span>\n<\/p><\/div><\/div><\/div><!--.panel-grid-cell-container--><\/div><!--.panel-row-style--><\/div><!--.panel-grid--><div class=\"panel-grid ppb-row\" id=\"pg-6591-4\" style=\"margin-bottom: 0;\" ><div class=\"ppb-row panel-row-style panel-row-style-  ppb-stretch-full-width ppb-stretch-full-width-1 ppb-full-width-no-bg\" style=\"background-image: url( https:\/\/ovotrack.com\/wp-content\/uploads\/2018\/03\/Barcode.jpg ); background-size: cover; background-repeat: no-repeat; min-height:15px;\" ><style>#pg-6591-4 .panel-grid-cell { padding: 0 0.5% 0; }<\/style><div class='panel-grid-cell-container'><div class=\"ppb-col panel-grid-cell \" id=\"pgc-6591-4-0\" ><\/div><\/div><!--.panel-grid-cell-container--><\/div><!--.panel-row-style--><\/div><!--.panel-grid-->\t\t<\/div>\n\t\t","protected":false},"excerpt":{"rendered":"<p>Embalagem Semelhante \u00e0 rastreabilidade dos ovos, o material de embalagem tamb\u00e9m pode ser rastreado. Com o software Ovotrack Embalagem, uma etiqueta para cada palete de material de embalagem pode ser impresso no recebimento. Sempre que este palete \u00e9 levado do armaz\u00e9m de embalagens para a sala de processamento, a etiqueta do palete \u00e9 escaneada novamente. [&hellip;]<\/p>\n","protected":false},"author":5,"featured_media":0,"parent":6636,"menu_order":0,"comment_status":"closed","ping_status":"closed","template":"","meta":{"footnotes":""},"class_list":["post-6591","page","type-page","status-publish","hentry"],"_links":{"self":[{"href":"https:\/\/ovotrack.com\/pt-br\/wp-json\/wp\/v2\/pages\/6591","targetHints":{"allow":["GET"]}}],"collection":[{"href":"https:\/\/ovotrack.com\/pt-br\/wp-json\/wp\/v2\/pages"}],"about":[{"href":"https:\/\/ovotrack.com\/pt-br\/wp-json\/wp\/v2\/types\/page"}],"author":[{"embeddable":true,"href":"https:\/\/ovotrack.com\/pt-br\/wp-json\/wp\/v2\/users\/5"}],"replies":[{"embeddable":true,"href":"https:\/\/ovotrack.com\/pt-br\/wp-json\/wp\/v2\/comments?post=6591"}],"version-history":[{"count":4,"href":"https:\/\/ovotrack.com\/pt-br\/wp-json\/wp\/v2\/pages\/6591\/revisions"}],"predecessor-version":[{"id":6670,"href":"https:\/\/ovotrack.com\/pt-br\/wp-json\/wp\/v2\/pages\/6591\/revisions\/6670"}],"up":[{"embeddable":true,"href":"https:\/\/ovotrack.com\/pt-br\/wp-json\/wp\/v2\/pages\/6636"}],"wp:attachment":[{"href":"https:\/\/ovotrack.com\/pt-br\/wp-json\/wp\/v2\/media?parent=6591"}],"curies":[{"name":"wp","href":"https:\/\/api.w.org\/{rel}","templated":true}]}}