{"id":4713,"date":"2020-06-30T10:10:40","date_gmt":"2020-06-30T08:10:40","guid":{"rendered":"https:\/\/ovotrack.com\/?page_id=4713"},"modified":"2022-08-02T10:40:26","modified_gmt":"2022-08-02T08:40:26","slug":"downloads","status":"publish","type":"page","link":"https:\/\/ovotrack.com\/pt-br\/downloads\/","title":{"rendered":"Downloads"},"content":{"rendered":"\t\t<div id=\"pootle-page-builder\">\n\t\t\t<!----------Pootle Page Builder Inline Styles---------->\n\t\t\t<style id=\"pootle-live-editor-styles\" type=\"text\/css\" media=\"all\">\n\t\t\t\t#pgc-4713-1-0 , #pgc-4713-1-1 , #pgc-4713-1-2 , #pgc-4713-2-0 , #pgc-4713-2-1 , #pgc-4713-2-2 { width:32% } .panel-grid-cell .panel { margin-bottom: 0px } @media ( max-width:780px ) { #pootle-page-builder .panel-grid-cell-container .panel-grid-cell { width:100%;flex: 1 0; } #pootle-page-builder .panel-grid-cell-container { flex-direction: column; } .panel-grid-cell:not(:last-child) { margin-bottom: 0px } .ppb-no-mobile-spacing { padding: 0 !important; margin: 0 !important; } .hide-on-mobile { display: none } br.rwd { display: block } .ppb-mobile-behaviour-2.ppb-block { margin-left:auto!important;margin-right:auto!important;margin-top:auto!important;margin-bottom:auto!important } .panel-grid { margin-left: 0 !important; margin-right: 0 !important; } .panel-grid-cell { padding: 0 !important; max-width: 100% !important; }  } \t\t\t<\/style>\n\t\t\t<div class=\"panel-grid ppb-row\" id=\"pg-4713-0\" style=\"margin-bottom: 0;\" ><div class=\"ppb-row panel-row-style panel-row-style- \" style=\"\" ><style>#pg-4713-0 .panel-grid-cell { padding: 0 0.5% 0; }<\/style><div class='panel-grid-cell-container'><div class=\"ppb-col panel-grid-cell \" id=\"pgc-4713-0-0\" ><div id=\"panel-4713-0-0-0\" class=\"ppb-block ppb-no-mobile-spacing\" style=\"margin-top: 30px;\" ><h1>Folhetos de produtos<\/h1><\/div><\/div><\/div><!--.panel-grid-cell-container--><\/div><!--.panel-row-style--><\/div><!--.panel-grid--><div class=\"panel-grid ppb-row\" id=\"pg-4713-1\" style=\"margin-top: 40px;margin-bottom: 20px;\" ><div class=\"ppb-row panel-row-style panel-row-style- \" style=\"\" ><style>#pg-4713-1 .panel-grid-cell { padding: 0 1% 0; }<\/style><div class='panel-grid-cell-container'><div class=\"ppb-col panel-grid-cell \" id=\"pgc-4713-1-0\" ><div id=\"panel-4713-1-0-0\" class=\"ppb-block ppb-no-mobile-spacing\" style=\"background-image:url(https:\/\/ovotrack.com\/wp-content\/uploads\/2020\/06\/Antes-da-Classifica\u00e7\u00e3o.jpg);\" ><p>\n\u00a0\n<\/p><p>\n<div class=\"su-animate\" style=\"opacity:0;-webkit-animation-duration:2s;-webkit-animation-delay:0s;animation-duration:2s;animation-delay:0s;\" data-animation=\"bounceInDown\" data-duration=\"2\" data-delay=\"0\"><a href=\"https:\/\/ovotrack.com\/wp-content\/uploads\/2020\/06\/Productflyer-Antes-da-Classifica\u00e7\u00e3o-min.pdf\" target=\"_blank\" rel=\"noopener\"><img loading=\"lazy\" decoding=\"async\" class=\"aligncenter wp-image-1476\" src=\"https:\/\/ovotrack.com\/wp-content\/uploads\/2018\/07\/Download-icon-1.png\" alt=\"Download Product Flyer\" width=\"99\" height=\"99\" srcset=\"https:\/\/ovotrack.com\/wp-content\/uploads\/2018\/07\/Download-icon-1.png 175w, https:\/\/ovotrack.com\/wp-content\/uploads\/2018\/07\/Download-icon-1-150x150.png 150w\" sizes=\"auto, (max-width: 99px) 100vw, 99px\" \/><\/a><\/div>\n<\/p><p>\n\u00a0\n<\/p><\/div><\/div><div class=\"ppb-col panel-grid-cell \" id=\"pgc-4713-1-1\" ><div id=\"panel-4713-1-1-0\" class=\"ppb-block ppb-no-mobile-spacing\" style=\"background-image:url(https:\/\/ovotrack.com\/wp-content\/uploads\/2020\/06\/Durante-a-classifica\u00e7\u00e3o.jpg);\" ><p>\n\u00a0\n<\/p><p>\n<div class=\"su-animate\" style=\"opacity:0;-webkit-animation-duration:2s;-webkit-animation-delay:0s;animation-duration:2s;animation-delay:0s;\" data-animation=\"bounceInDown\" data-duration=\"2\" data-delay=\"0\"><a href=\"https:\/\/ovotrack.com\/wp-content\/uploads\/2020\/06\/Productflyer-Durante-a-classifica\u00e7\u00e3o-min.pdf\" target=\"_blank\" rel=\"noopener\"><img loading=\"lazy\" decoding=\"async\" class=\"aligncenter size-full wp-image-1476\" src=\"https:\/\/ovotrack.com\/wp-content\/uploads\/2018\/07\/Download-icon-1.png\" alt=\"Download Product Flyer\" width=\"99\" height=\"99\" srcset=\"https:\/\/ovotrack.com\/wp-content\/uploads\/2018\/07\/Download-icon-1.png 175w, https:\/\/ovotrack.com\/wp-content\/uploads\/2018\/07\/Download-icon-1-150x150.png 150w\" sizes=\"auto, (max-width: 99px) 100vw, 99px\" \/><\/a><\/div>\n<\/p><p>\n\u00a0\n<\/p><\/div><\/div><div class=\"ppb-col panel-grid-cell \" id=\"pgc-4713-1-2\" ><div id=\"panel-4713-1-2-0\" class=\"ppb-block ppb-no-mobile-spacing\" style=\"background-image:url(https:\/\/ovotrack.com\/wp-content\/uploads\/2020\/06\/Ap\u00f3s-a-classifica\u00e7\u00e3o.jpg);\" ><p>\n\u00a0\n<\/p><p>\n<div class=\"su-animate\" style=\"opacity:0;-webkit-animation-duration:2s;-webkit-animation-delay:0s;animation-duration:2s;animation-delay:0s;\" data-animation=\"bounceInDown\" data-duration=\"2\" data-delay=\"0\"><a href=\"https:\/\/ovotrack.com\/wp-content\/uploads\/2020\/06\/Productflyer-Ap\u00f3s-a-classifica\u00e7\u00e3o-min.pdf\" target=\"_blank\" rel=\"noopener\"><img loading=\"lazy\" decoding=\"async\" class=\"aligncenter size-full wp-image-1476\" src=\"https:\/\/ovotrack.com\/wp-content\/uploads\/2018\/07\/Download-icon-1.png\" alt=\"Download Product Flyer\" width=\"99\" height=\"99\" srcset=\"https:\/\/ovotrack.com\/wp-content\/uploads\/2018\/07\/Download-icon-1.png 175w, https:\/\/ovotrack.com\/wp-content\/uploads\/2018\/07\/Download-icon-1-150x150.png 150w\" sizes=\"auto, (max-width: 99px) 100vw, 99px\" \/><\/a><\/div>\n<\/p><p>\n\u00a0\n<\/p><\/div><\/div><\/div><!--.panel-grid-cell-container--><\/div><!--.panel-row-style--><\/div><!--.panel-grid--><div class=\"panel-grid ppb-row\" id=\"pg-4713-2\" style=\"margin-top: 40px;margin-bottom: 50px;\" ><div class=\"ppb-row panel-row-style panel-row-style- \" style=\"\" ><style>#pg-4713-2 .panel-grid-cell { padding: 0 1% 0; }<\/style><div class='panel-grid-cell-container'><div class=\"ppb-col panel-grid-cell \" id=\"pgc-4713-2-0\" ><div id=\"panel-4713-2-0-0\" class=\"ppb-block ppb-no-mobile-spacing\" style=\"background-image:url(https:\/\/ovotrack.com\/wp-content\/uploads\/2020\/06\/Egg-Cargo-Traq.jpg);\" ><p>\n\u00a0\n<\/p><p>\n<div class=\"su-animate\" style=\"opacity:0;-webkit-animation-duration:2s;-webkit-animation-delay:0s;animation-duration:2s;animation-delay:0s;\" data-animation=\"bounceInDown\" data-duration=\"2\" data-delay=\"0\"><a href=\"https:\/\/ovotrack.com\/wp-content\/uploads\/2020\/06\/Productflyer-Egg-Cargo-Traq-min.pdf\" target=\"_blank\" rel=\"noopener\"><img loading=\"lazy\" decoding=\"async\" class=\"aligncenter size-full wp-image-1476\" src=\"https:\/\/ovotrack.com\/wp-content\/uploads\/2018\/07\/Download-icon-1.png\" alt=\"Download Product Flyer\" width=\"99\" height=\"99\" srcset=\"https:\/\/ovotrack.com\/wp-content\/uploads\/2018\/07\/Download-icon-1.png 175w, https:\/\/ovotrack.com\/wp-content\/uploads\/2018\/07\/Download-icon-1-150x150.png 150w\" sizes=\"auto, (max-width: 99px) 100vw, 99px\" \/><\/a><\/div>\n<\/p><p>\n\u00a0\n<\/p><\/div><\/div><div class=\"ppb-col panel-grid-cell \" id=\"pgc-4713-2-1\" ><div id=\"panel-4713-2-1-0\" class=\"ppb-block ppb-no-mobile-spacing\" style=\"background-image:url(https:\/\/ovotrack.com\/wp-content\/uploads\/2020\/06\/Processamento-de-ovos.jpg);\" ><p>\n\u00a0\n<\/p><p>\n<div class=\"su-animate\" style=\"opacity:0;-webkit-animation-duration:2s;-webkit-animation-delay:0s;animation-duration:2s;animation-delay:0s;\" data-animation=\"bounceInDown\" data-duration=\"2\" data-delay=\"0\"><a href=\"https:\/\/ovotrack.com\/wp-content\/uploads\/2020\/06\/Productflyer-Processamento-de-ovos-min.pdf\" target=\"_blank\" rel=\"noopener\"><img loading=\"lazy\" decoding=\"async\" class=\"aligncenter size-full wp-image-1476\" src=\"https:\/\/ovotrack.com\/wp-content\/uploads\/2018\/07\/Download-icon-1.png\" alt=\"Download Product Flyer\" width=\"99\" height=\"99\" srcset=\"https:\/\/ovotrack.com\/wp-content\/uploads\/2018\/07\/Download-icon-1.png 175w, https:\/\/ovotrack.com\/wp-content\/uploads\/2018\/07\/Download-icon-1-150x150.png 150w\" sizes=\"auto, (max-width: 99px) 100vw, 99px\" \/><\/a><\/div>\n<\/p><p>\n\u00a0\n<\/p><\/div><\/div><div class=\"ppb-col panel-grid-cell \" id=\"pgc-4713-2-2\" ><div id=\"panel-4713-2-2-0\" class=\"ppb-block ppb-no-mobile-spacing\" style=\"background-image:url(https:\/\/ovotrack.com\/wp-content\/uploads\/2022\/08\/Egg-grading-solutions-portugees-flyer.jpg);\" ><p>\n\u00a0\n<\/p><p>\n<div class=\"su-animate\" style=\"opacity:0;-webkit-animation-duration:2s;-webkit-animation-delay:0s;animation-duration:2s;animation-delay:0s;\" data-animation=\"bounceInDown\" data-duration=\"2\" data-delay=\"0\"><a href=\"https:\/\/ovotrack.com\/wp-content\/uploads\/2022\/08\/Ovotrack-Solutions-2022-PT.pdf\" target=\"_blank\" rel=\"noopener\"><img loading=\"lazy\" decoding=\"async\" class=\"aligncenter size-full wp-image-1476\" src=\"https:\/\/ovotrack.com\/wp-content\/uploads\/2018\/07\/Download-icon-1.png\" alt=\"Download Product Flyer\" width=\"99\" height=\"99\" srcset=\"https:\/\/ovotrack.com\/wp-content\/uploads\/2018\/07\/Download-icon-1.png 175w, https:\/\/ovotrack.com\/wp-content\/uploads\/2018\/07\/Download-icon-1-150x150.png 150w\" sizes=\"auto, (max-width: 99px) 100vw, 99px\" \/><\/a><\/div>\n<\/p><p>\n\u00a0\n<\/p><\/div><\/div><\/div><!--.panel-grid-cell-container--><\/div><!--.panel-row-style--><\/div><!--.panel-grid--><div class=\"panel-grid ppb-row\" id=\"pg-4713-3\" style=\"margin-bottom: 0;\" ><div class=\"ppb-row panel-row-style panel-row-style-  ppb-stretch-full-width ppb-stretch-full-width-1 ppb-full-width-no-bg\" style=\"background-image: url( https:\/\/ovotrack.com\/wp-content\/uploads\/2018\/03\/Barcode.jpg ); background-size: cover; background-repeat: no-repeat; min-height:15px;\" ><style>#pg-4713-3 .panel-grid-cell { padding: 0 0.5% 0; }<\/style><div class='panel-grid-cell-container'><div class=\"ppb-col panel-grid-cell \" id=\"pgc-4713-3-0\" ><\/div><\/div><!--.panel-grid-cell-container--><\/div><!--.panel-row-style--><\/div><!--.panel-grid-->\t\t<\/div>\n\t\t","protected":false},"excerpt":{"rendered":"<p>Folhetos de produtos \u00a0 \u00a0 \u00a0 \u00a0 \u00a0 \u00a0 \u00a0 \u00a0 \u00a0 \u00a0 \u00a0 \u00a0<\/p>\n","protected":false},"author":5,"featured_media":0,"parent":0,"menu_order":0,"comment_status":"closed","ping_status":"closed","template":"","meta":{"footnotes":""},"class_list":["post-4713","page","type-page","status-publish","hentry"],"_links":{"self":[{"href":"https:\/\/ovotrack.com\/pt-br\/wp-json\/wp\/v2\/pages\/4713","targetHints":{"allow":["GET"]}}],"collection":[{"href":"https:\/\/ovotrack.com\/pt-br\/wp-json\/wp\/v2\/pages"}],"about":[{"href":"https:\/\/ovotrack.com\/pt-br\/wp-json\/wp\/v2\/types\/page"}],"author":[{"embeddable":true,"href":"https:\/\/ovotrack.com\/pt-br\/wp-json\/wp\/v2\/users\/5"}],"replies":[{"embeddable":true,"href":"https:\/\/ovotrack.com\/pt-br\/wp-json\/wp\/v2\/comments?post=4713"}],"version-history":[{"count":12,"href":"https:\/\/ovotrack.com\/pt-br\/wp-json\/wp\/v2\/pages\/4713\/revisions"}],"predecessor-version":[{"id":8224,"href":"https:\/\/ovotrack.com\/pt-br\/wp-json\/wp\/v2\/pages\/4713\/revisions\/8224"}],"wp:attachment":[{"href":"https:\/\/ovotrack.com\/pt-br\/wp-json\/wp\/v2\/media?parent=4713"}],"curies":[{"name":"wp","href":"https:\/\/api.w.org\/{rel}","templated":true}]}}