{"id":4571,"date":"2020-06-05T15:04:44","date_gmt":"2020-06-05T13:04:44","guid":{"rendered":"https:\/\/ovotrack.com\/?page_id=4571"},"modified":"2022-02-28T08:49:48","modified_gmt":"2022-02-28T07:49:48","slug":"contato-e-suporte","status":"publish","type":"page","link":"https:\/\/ovotrack.com\/pt-br\/contato-e-suporte\/","title":{"rendered":"Contato e suporte"},"content":{"rendered":"\t\t<div id=\"pootle-page-builder\">\n\t\t\t<!----------Pootle Page Builder Inline Styles---------->\n\t\t\t<style id=\"pootle-live-editor-styles\" type=\"text\/css\" media=\"all\">\n\t\t\t\t#pgc-4571-2-0 , #pgc-4571-2-1 { width:48% } #pgc-4571-4-0 , #pgc-4571-4-1 , #pgc-4571-5-0 , #pgc-4571-5-1 { width:49% } .panel-grid-cell .panel { margin-bottom: 0px } @media ( max-width:780px ) { #pootle-page-builder .panel-grid-cell-container .panel-grid-cell { width:100%;flex: 1 0; } #pootle-page-builder .panel-grid-cell-container { flex-direction: column; } .panel-grid-cell:not(:last-child) { margin-bottom: 0px } .ppb-no-mobile-spacing { padding: 0 !important; margin: 0 !important; } .hide-on-mobile { display: none } br.rwd { display: block } .ppb-mobile-behaviour-2.ppb-block { margin-left:auto!important;margin-right:auto!important;margin-top:auto!important;margin-bottom:auto!important } .panel-grid { margin-left: 0 !important; margin-right: 0 !important; } .panel-grid-cell { padding: 0 !important; max-width: 100% !important; }  } \t\t\t<\/style>\n\t\t\t<div class=\"panel-grid ppb-row\" id=\"pg-4571-0\" style=\"margin-bottom: 0;\" ><div class=\"ppb-row panel-row-style panel-row-style-  ppb-stretch-full-width ppb-stretch-full-width-2 ppb-full-width-no-bg\" style=\"\" ><style>#pg-4571-0 .panel-grid-cell { padding: 0 0.5% 0; }<\/style><div class='panel-grid-cell-container'><div class=\"ppb-col panel-grid-cell \" id=\"pgc-4571-0-0\" ><div id=\"panel-4571-0-0-0\" class=\"ppb-block ppb-no-mobile-spacing\" style=\"\" ><h2><img loading=\"lazy\" decoding=\"async\" class=\"aligncenter wp-image-1028 size-full\" src=\"https:\/\/ovotrack.com\/wp-content\/uploads\/2018\/03\/Box-with-Eggs.jpg\" alt=\"Contact Support Box with Eggs\" width=\"1905\" height=\"665\" srcset=\"https:\/\/ovotrack.com\/wp-content\/uploads\/2018\/03\/Box-with-Eggs.jpg 1905w, https:\/\/ovotrack.com\/wp-content\/uploads\/2018\/03\/Box-with-Eggs-300x105.jpg 300w, https:\/\/ovotrack.com\/wp-content\/uploads\/2018\/03\/Box-with-Eggs-768x268.jpg 768w, https:\/\/ovotrack.com\/wp-content\/uploads\/2018\/03\/Box-with-Eggs-1024x357.jpg 1024w\" sizes=\"auto, (max-width: 1905px) 100vw, 1905px\" \/><\/h2><\/div><\/div><\/div><!--.panel-grid-cell-container--><\/div><!--.panel-row-style--><\/div><!--.panel-grid--><div class=\"panel-grid ppb-row\" id=\"pg-4571-1\" style=\"margin-top: 40px;margin-bottom: 0;\" ><div class=\"ppb-row panel-row-style panel-row-style- \" style=\"\" ><style>#pg-4571-1 .panel-grid-cell { padding: 0 0.5% 0; }<\/style><div class='panel-grid-cell-container'><div class=\"ppb-col panel-grid-cell \" id=\"pgc-4571-1-0\" ><div id=\"panel-4571-1-0-0\" class=\"ppb-block ppb-no-mobile-spacing\" style=\"\" ><h1>Sede<\/h1><p>\nA Ovotrack \u00e9 l\u00edder de mercado em solu\u00e7\u00f5es de rastreabilidade de ovos em centros de classifica\u00e7\u00e3o de ovos na Europa e Am\u00e9rica do Norte. A sede est\u00e1 sediada em Amerongen, Holanda.\n<\/p><p>\nOvotrack B.V. | Industrieweg Noord 14 | 3958 VT Amerongen | Pa\u00edses Baixos<br \/>Tel +31 (0)343 453 416\n<\/p><\/div><\/div><\/div><!--.panel-grid-cell-container--><\/div><!--.panel-row-style--><\/div><!--.panel-grid--><div class=\"panel-grid ppb-row\" id=\"pg-4571-2\" style=\"margin-bottom: 0;\" ><div class=\"ppb-row panel-row-style panel-row-style- \" style=\"\" ><style>#pg-4571-2 .panel-grid-cell { padding: 0 2% 0; }<\/style><div class='panel-grid-cell-container'><div class=\"ppb-col panel-grid-cell \" id=\"pgc-4571-2-0\" ><div id=\"panel-4571-2-0-0\" class=\"ppb-block ppb-mobile-behaviour-1\" style=\"background-color: #f3f3f3;border: 1px solid #f09100;padding: 25px;margin-bottom: 20px;border-radius: 5px;\" ><h2><span style=\"color: #484c51;\">Formul\u00e1rio de contato<\/span><\/h2>\nPara d\u00favidas gerais, preencha o formul\u00e1rio abaixo. Entraremos em contato o mais r\u00e1pido poss\u00edvel. Se suas perguntas forem relacionadas ao suporte, pedimos gentilmente que entre em contato com nosso departamento de suporte.\n\n\n<div class=\"wpcf7 no-js\" id=\"wpcf7-f4584-o1\" lang=\"nl-NL\" dir=\"ltr\" data-wpcf7-id=\"4584\">\n<div class=\"screen-reader-response\"><p role=\"status\" aria-live=\"polite\" aria-atomic=\"true\"><\/p> <ul><\/ul><\/div>\n<form action=\"\/pt-br\/wp-json\/wp\/v2\/pages\/4571#wpcf7-f4584-o1\" method=\"post\" class=\"wpcf7-form init\" aria-label=\"Contactformulier\" novalidate=\"novalidate\" data-status=\"init\">\n<fieldset class=\"hidden-fields-container\"><input type=\"hidden\" name=\"_wpcf7\" value=\"4584\" \/><input type=\"hidden\" name=\"_wpcf7_version\" value=\"6.1.5\" \/><input type=\"hidden\" name=\"_wpcf7_locale\" value=\"nl_NL\" \/><input type=\"hidden\" name=\"_wpcf7_unit_tag\" value=\"wpcf7-f4584-o1\" \/><input type=\"hidden\" name=\"_wpcf7_container_post\" value=\"0\" \/><input type=\"hidden\" name=\"_wpcf7_posted_data_hash\" value=\"\" \/><input type=\"hidden\" name=\"_wpcf7_recaptcha_response\" value=\"\" \/>\n<\/fieldset>\n<p><label> Seu nome (obrigat\u00f3rio)<br \/>\n<span class=\"wpcf7-form-control-wrap\" data-name=\"your-name\"><input size=\"40\" maxlength=\"400\" class=\"wpcf7-form-control wpcf7-text wpcf7-validates-as-required\" aria-required=\"true\" aria-invalid=\"false\" value=\"\" type=\"text\" name=\"your-name\" \/><\/span> <\/label>\n<\/p>\n<p><label> Seu e-mail (obrigat\u00f3rio)<br \/>\n<span class=\"wpcf7-form-control-wrap\" data-name=\"your-email\"><input size=\"40\" maxlength=\"400\" class=\"wpcf7-form-control wpcf7-email wpcf7-validates-as-required wpcf7-text wpcf7-validates-as-email\" aria-required=\"true\" aria-invalid=\"false\" value=\"\" type=\"email\" name=\"your-email\" \/><\/span> <\/label>\n<\/p>\n<p><label> Assunto<br \/>\n<span class=\"wpcf7-form-control-wrap\" data-name=\"your-subject\"><input size=\"40\" maxlength=\"400\" class=\"wpcf7-form-control wpcf7-text\" aria-invalid=\"false\" value=\"\" type=\"text\" name=\"your-subject\" \/><\/span> <\/label>\n<\/p>\n<p><label> Seu mensagem<br \/>\n<span class=\"wpcf7-form-control-wrap\" data-name=\"your-message\"><textarea cols=\"40\" rows=\"10\" maxlength=\"2000\" class=\"wpcf7-form-control wpcf7-textarea\" aria-invalid=\"false\" name=\"your-message\"><\/textarea><\/span> <\/label>\n<\/p>\n<p>Os detalhes pessoais que voc\u00ea enviar preenchendo este formul\u00e1rio ser\u00e3o usados conforme descrito em nossa <a href=\"https:\/\/ovotrack.com\/\/nl\/privacy-cookies\/\">pol\u00edtica de privacidade<\/a><a>.<br \/>\n<span class=\"wpcf7-form-control-wrap\" data-name=\"checkbox-960\"><span class=\"wpcf7-form-control wpcf7-checkbox wpcf7-validates-as-required\"><span class=\"wpcf7-list-item first last\"><input type=\"checkbox\" name=\"checkbox-960[]\" value=\"Aceito.\" \/><span class=\"wpcf7-list-item-label\">Aceito.<\/span><\/span><\/span><\/span><br \/>\n\t<br \/>\n<input class=\"wpcf7-form-control wpcf7-submit has-spinner\" type=\"submit\" value=\"Enviar\" \/><\/a>\n<\/p><p style=\"display: none !important;\" class=\"akismet-fields-container\" data-prefix=\"_wpcf7_ak_\"><label>&#916;<textarea name=\"_wpcf7_ak_hp_textarea\" cols=\"45\" rows=\"8\" maxlength=\"100\"><\/textarea><\/label><input type=\"hidden\" id=\"ak_js_1\" name=\"_wpcf7_ak_js\" value=\"222\"\/><script>document.getElementById( \"ak_js_1\" ).setAttribute( \"value\", ( new Date() ).getTime() );<\/script><\/p><div class=\"wpcf7-response-output\" aria-hidden=\"true\"><\/div>\n<\/form>\n<\/div>\n\n<\/div><\/div><div class=\"ppb-col panel-grid-cell \" id=\"pgc-4571-2-1\" ><div id=\"panel-4571-2-1-0\" class=\"ppb-block ppb-mobile-behaviour-1\" style=\"border: 1px solid #000000;padding: 25px;margin-bottom: 20px;border-radius: 5px;\" ><h2>Suporte remoto<\/h2><p>\nQuando o nosso pessoal de suporte quiser acesso ao seu PC, use o bot\u00e3o de suporte remoto abaixo para nos permitir configurar uma conex\u00e3o segura com o seu sistema.\n<\/p><p>\n\u00a0\n<\/p><p>\n<a href=\"https:\/\/get.teamviewer.com\/rppw82f\" target=\"_blank\" rel=\"noopener\"><img loading=\"lazy\" decoding=\"async\" class=\"aligncenter wp-image-266 size-full\" src=\"https:\/\/ovotrack.com\/wp-content\/uploads\/2017\/08\/Ovotrack-Remote-Support.gif\" alt=\"Ovotrack Remote Support\" width=\"132\" height=\"30\" \/><\/a>\n<\/p><p>\n\u00a0\n<\/p><p>\nNosso especialista em suporte pode ent\u00e3o assumir seu monitor, teclado e mouse.\n<\/p><\/div><div id=\"panel-4571-2-1-1\" class=\"ppb-block ppb-mobile-behaviour-1\" style=\"border: 1px solid #000000;padding: 25px;margin-bottom: 20px;border-radius: 5px;\" ><h2>Inscreva-se em nossa newsletter<\/h2><p>\n\u00a0\n<\/p><p class=\"pbtn\" style=\"clear: both;\"><a class=\"pbtn\" style=\"font-size: 20px; color: #111112; border-radius: 5px; background-color: #f09100; display: inline-block; padding: 0.5em 0.7em; text-decoration: none; line-height: 1; border: 0px solid #111112;\" href=\"https:\/\/pageseuc1.swiftpage.marketing\/l\/OvotrackNewsletterSignup\" target=\"_blank\" rel=\"noopener\" data-bg-color=\"#f69f07\" data-hover-color=\"#dd8500\">INSCREVA-SE AQUI<\/a>\n<\/p><\/div><div id=\"panel-4571-2-1-2\" class=\"ppb-block ppb-no-mobile-spacing\" style=\"\" ><p>\n<br data-mce-bogus=\"1\">\n<\/p><p>\n<img loading=\"lazy\" decoding=\"async\" class=\"size-medium wp-image-1432 aligncenter\" src=\"https:\/\/ovotrack.com\/wp-content\/uploads\/2018\/07\/Microsoft-Silver-Partner-1-300x200.png\" alt=\"Microsoft Silver Partner\" width=\"300\" height=\"200\" data-mce-src=\"https:\/\/ovotrack.com\/wp-content\/uploads\/2018\/07\/Microsoft-Silver-Partner-1-300x200.png\" srcset=\"https:\/\/ovotrack.com\/wp-content\/uploads\/2018\/07\/Microsoft-Silver-Partner-1-300x200.png 300w, https:\/\/ovotrack.com\/wp-content\/uploads\/2018\/07\/Microsoft-Silver-Partner-1.png 650w\" sizes=\"auto, (max-width: 300px) 100vw, 300px\" \/>\n<\/p><\/div><\/div><\/div><!--.panel-grid-cell-container--><\/div><!--.panel-row-style--><\/div><!--.panel-grid--><div class=\"panel-grid ppb-row\" id=\"pg-4571-3\" style=\"margin-top: 25px;margin-bottom: 0;\" ><div class=\"ppb-row panel-row-style panel-row-style- \" style=\"\" ><style>#pg-4571-3 .panel-grid-cell { padding: 0 0.5% 0; }<\/style><div class='panel-grid-cell-container'><div class=\"ppb-col panel-grid-cell \" id=\"pgc-4571-3-0\" ><div id=\"panel-4571-3-0-0\" class=\"ppb-block ppb-no-mobile-spacing\" style=\"\" ><h2>Revendedores<\/h2><p>\nJuntamente com nossos revendedores em todo o mundo, a Ovotrack trabalha com clientes em mais de 15 pa\u00edses, para fornecer nossos produtos, servi\u00e7os e suporte.\n<\/p><\/div><\/div><\/div><!--.panel-grid-cell-container--><\/div><!--.panel-row-style--><\/div><!--.panel-grid--><div class=\"panel-grid ppb-row\" id=\"pg-4571-4\" style=\"margin-bottom: 0;\" ><div class=\"ppb-row panel-row-style panel-row-style-ppb-hover-card ppb-hover-card\" style=\"\" ><style>#pg-4571-4 .panel-grid-cell { padding: 0 1% 0; }<\/style><div class='panel-grid-cell-container'><div class=\"ppb-col panel-grid-cell \" id=\"pgc-4571-4-0\" ><div id=\"panel-4571-4-0-0\" class=\"ppb-block ppb-mobile-behaviour-1\" style=\"border: 1px solid #f09100;padding: 25px;margin-bottom: 20px;border-radius: 5px;\" ><h2><span style=\"color: #484c51;\">Espanha<\/span><\/h2><h3>Alcantara<\/h3><p>\nPol\u00edgonno Industrial de Valls. C\/ Fusters 79.<br \/>CP 43800. Valls\n<\/p><p>\n<strong>T<\/strong> +34 977 614 516<br \/><strong>E<\/strong> <a href=\"&#109;&#x61;&#x69;l&#116;&#x6f;:&#100;&#x61;n&#105;&#x40;j&#109;&#x61;&#x6c;&#99;&#x61;&#x6e;t&#97;&#x72;a&#46;&#x63;o&#109;\">dani&#64;jmalcantara&#46;com<\/a>\n<\/p><\/div><\/div><div class=\"ppb-col panel-grid-cell \" id=\"pgc-4571-4-1\" ><div id=\"panel-4571-4-1-0\" class=\"ppb-block ppb-mobile-behaviour-1\" style=\"border: 1px solid #ef9c1f;padding: 25px;margin-bottom: 20px;border-radius: 5px;\" ><h2><span style=\"color: #484c51;\">Brasil<\/span><\/h2><h3>Agrobelco Consultoria e Rep. Com. Ltda<\/h3><p>\nRua Prof. Andr\u00e9 M\u00e1rio Gon\u00e7alves 215 sala 13<br \/>S\u00e3o Jos\u00e9 do Rio Preto - SP - Brasil CEP 15014-100\n<\/p><p>\n<strong>T<\/strong> +55 17 99787-8754<br \/><strong>E<\/strong> <a href=\"mailto:rogeriobelzer&#64;uol&#46;&#99;&#111;&#109;&#46;&#98;&#114;\">rog&#101;&#114;&#105;&#x6f;&#x62;&#x65;&#x6c;&#x7a;&#x65;r&#64;u&#111;&#108;&#46;&#99;&#x6f;&#x6d;&#x2e;&#x62;&#x72;<\/a>\n<\/p><\/div><\/div><\/div><!--.panel-grid-cell-container--><\/div><!--.panel-row-style--><\/div><!--.panel-grid--><div class=\"panel-grid ppb-row\" id=\"pg-4571-5\" style=\"margin-bottom: 20px;\" ><div class=\"ppb-row panel-row-style panel-row-style-  ppb-match-col-hi\" style=\"\" ><style>#pg-4571-5 .panel-grid-cell { padding: 0 1% 0; }<\/style><div class='panel-grid-cell-container'><div class=\"ppb-col panel-grid-cell \" id=\"pgc-4571-5-0\" ><div id=\"panel-4571-5-0-0\" class=\"ppb-block ppb-mobile-behaviour-1\" style=\"border: 1px solid #ef9c1f;padding: 25px;margin-bottom: 20px;border-radius: 5px;\" ><h2><span style=\"color: #484c51;\">It\u00e1lia<\/span><\/h2><p>\n<img loading=\"lazy\" decoding=\"async\" class=\"aligncenter wp-image-1426\" src=\"https:\/\/ovotrack.com\/wp-content\/uploads\/2018\/06\/avitec-logo.png\" alt=\"\" width=\"120\" height=\"80\" \/>\n<\/p><h3>Avitec Srl<\/h3><p>\nVia Balilla 43<br \/>20099 Sesto S.G.\u00a0(Milan)<br \/>Italy\n<\/p><p>\n<strong>T<\/strong>\u00a0+39 (0)2 224 79 695<br \/><strong>F<\/strong>\u00a0+39 (0)2 242 75 72<br \/><strong>E<\/strong>\u00a0<a title=\"Avitec\" href=\"&#x6d;&#97;&#x69;&#x6c;t&#x6f;&#58;i&#x6e;&#102;o&#x40;&#97;&#x76;&#x69;t&#x65;&#99;&#46;&#x69;&#116;\">&#x69;&#110;&#x66;&#x6f;&#64;&#x61;&#x76;&#105;&#x74;&#x65;&#99;&#x2e;&#x69;t<br \/><\/a><strong>I<\/strong>\u00a0<a href=\"http:\/\/www.avitec.it\/\">www.avitec.it<\/a>\n<\/p><\/div><\/div><div class=\"ppb-col panel-grid-cell \" id=\"pgc-4571-5-1\" ><\/div><\/div><!--.panel-grid-cell-container--><\/div><!--.panel-row-style--><\/div><!--.panel-grid--><div class=\"panel-grid ppb-row\" id=\"pg-4571-6\" style=\"margin-bottom: 0;\" ><div class=\"ppb-row panel-row-style panel-row-style-  ppb-stretch-full-width ppb-stretch-full-width-1 ppb-full-width-no-bg\" style=\"background-image: url( https:\/\/ovotrack.com\/wp-content\/uploads\/2018\/03\/Barcode.jpg ); background-size: cover; background-repeat: no-repeat; min-height:15px;\" ><style>#pg-4571-6 .panel-grid-cell { padding: 0 0.5% 0; }<\/style><div class='panel-grid-cell-container'><div class=\"ppb-col panel-grid-cell \" id=\"pgc-4571-6-0\" ><\/div><\/div><!--.panel-grid-cell-container--><\/div><!--.panel-row-style--><\/div><!--.panel-grid-->\t\t<\/div>\n\t\t","protected":false},"excerpt":{"rendered":"<p>Sede A Ovotrack \u00e9 l\u00edder de mercado em solu\u00e7\u00f5es de rastreabilidade de ovos em centros de classifica\u00e7\u00e3o de ovos na Europa e Am\u00e9rica do Norte. A sede est\u00e1 sediada em Amerongen, Holanda. Ovotrack B.V. | Industrieweg Noord 14 | 3958 VT Amerongen | Pa\u00edses BaixosTel +31 (0)343 453 416 Formul\u00e1rio de contato Para d\u00favidas gerais, [&hellip;]<\/p>\n","protected":false},"author":5,"featured_media":0,"parent":0,"menu_order":0,"comment_status":"closed","ping_status":"closed","template":"","meta":{"footnotes":""},"class_list":["post-4571","page","type-page","status-publish","hentry"],"_links":{"self":[{"href":"https:\/\/ovotrack.com\/pt-br\/wp-json\/wp\/v2\/pages\/4571","targetHints":{"allow":["GET"]}}],"collection":[{"href":"https:\/\/ovotrack.com\/pt-br\/wp-json\/wp\/v2\/pages"}],"about":[{"href":"https:\/\/ovotrack.com\/pt-br\/wp-json\/wp\/v2\/types\/page"}],"author":[{"embeddable":true,"href":"https:\/\/ovotrack.com\/pt-br\/wp-json\/wp\/v2\/users\/5"}],"replies":[{"embeddable":true,"href":"https:\/\/ovotrack.com\/pt-br\/wp-json\/wp\/v2\/comments?post=4571"}],"version-history":[{"count":8,"href":"https:\/\/ovotrack.com\/pt-br\/wp-json\/wp\/v2\/pages\/4571\/revisions"}],"predecessor-version":[{"id":7722,"href":"https:\/\/ovotrack.com\/pt-br\/wp-json\/wp\/v2\/pages\/4571\/revisions\/7722"}],"wp:attachment":[{"href":"https:\/\/ovotrack.com\/pt-br\/wp-json\/wp\/v2\/media?parent=4571"}],"curies":[{"name":"wp","href":"https:\/\/api.w.org\/{rel}","templated":true}]}}