{"id":4546,"date":"2020-06-05T13:12:27","date_gmt":"2020-06-05T11:12:27","guid":{"rendered":"https:\/\/ovotrack.com\/?page_id=4546"},"modified":"2022-01-10T10:21:38","modified_gmt":"2022-01-10T09:21:38","slug":"sobre-a-ovotrack","status":"publish","type":"page","link":"https:\/\/ovotrack.com\/pt-br\/sobre-a-ovotrack\/","title":{"rendered":"Sobre a Ovotrack"},"content":{"rendered":"\t\t<div id=\"pootle-page-builder\">\n\t\t\t<!----------Pootle Page Builder Inline Styles---------->\n\t\t\t<style id=\"pootle-live-editor-styles\" type=\"text\/css\" media=\"all\">\n\t\t\t\t#pgc-4546-5-0 { width:61.445% } #pgc-4546-5-1 { width:36.555% } .panel-grid-cell .panel { margin-bottom: 0px } @media ( max-width:780px ) { #pootle-page-builder .panel-grid-cell-container .panel-grid-cell { width:100%;flex: 1 0; } #pootle-page-builder .panel-grid-cell-container { flex-direction: column; } .panel-grid-cell:not(:last-child) { margin-bottom: 0px } .ppb-no-mobile-spacing { padding: 0 !important; margin: 0 !important; } .hide-on-mobile { display: none } br.rwd { display: block } .ppb-mobile-behaviour-2.ppb-block { margin-left:auto!important;margin-right:auto!important;margin-top:auto!important;margin-bottom:auto!important } .panel-grid { margin-left: 0 !important; margin-right: 0 !important; } .panel-grid-cell { padding: 0 !important; max-width: 100% !important; }  } \t\t\t<\/style>\n\t\t\t<div class=\"panel-grid ppb-row\" id=\"pg-4546-0\" style=\"margin-bottom: 0;\" ><div class=\"ppb-row panel-row-style panel-row-style-  ppb-stretch-full-width ppb-stretch-full-width-2 ppb-full-width-no-bg\" style=\"\" ><style>#pg-4546-0 .panel-grid-cell { padding: 0 0.5% 0; }<\/style><div class='panel-grid-cell-container'><div class=\"ppb-col panel-grid-cell \" id=\"pgc-4546-0-0\" ><div id=\"panel-4546-0-0-0\" class=\"ppb-block ppb-no-mobile-spacing\" style=\"\" ><p>\n<img loading=\"lazy\" decoding=\"async\" class=\"aligncenter wp-image-1030 size-full\" src=\"https:\/\/ovotrack.com\/wp-content\/uploads\/2018\/03\/Stemped-Eggs.jpg\" alt=\"About us Ovotrack Stemped Eggs\" width=\"1905\" height=\"665\" data-mce-src=\"https:\/\/ovotrack.com\/wp-content\/uploads\/2018\/03\/Stemped-Eggs.jpg\" srcset=\"https:\/\/ovotrack.com\/wp-content\/uploads\/2018\/03\/Stemped-Eggs.jpg 1905w, https:\/\/ovotrack.com\/wp-content\/uploads\/2018\/03\/Stemped-Eggs-300x105.jpg 300w, https:\/\/ovotrack.com\/wp-content\/uploads\/2018\/03\/Stemped-Eggs-768x268.jpg 768w, https:\/\/ovotrack.com\/wp-content\/uploads\/2018\/03\/Stemped-Eggs-1024x357.jpg 1024w\" sizes=\"auto, (max-width: 1905px) 100vw, 1905px\" \/>\n<\/p><\/div><\/div><\/div><!--.panel-grid-cell-container--><\/div><!--.panel-row-style--><\/div><!--.panel-grid--><div class=\"panel-grid ppb-row\" id=\"pg-4546-1\" style=\"margin-top: 25px;margin-bottom: 0;\" ><div class=\"ppb-row panel-row-style panel-row-style- \" style=\"\" ><style>#pg-4546-1 .panel-grid-cell { padding: 0 0.5% 0; }<\/style><div class='panel-grid-cell-container'><div class=\"ppb-col panel-grid-cell \" id=\"pgc-4546-1-0\" ><div id=\"panel-4546-1-0-0\" class=\"ppb-block ppb-no-mobile-spacing\" style=\"\" ><h1>Ovotrack - a empresa<\/h1><p>\nJob Beekhuis, o atual CEO da Ovotrack, come\u00e7ou sua carreira na ind\u00fastria de ovos na propriedade da fam\u00edlia Beekhuis em Leersum, Holanda.\n<\/p><p>\n\u00c0 medida que o neg\u00f3cio familiar crescia, mais informa\u00e7\u00f5es eram necess\u00e1rias para a gest\u00e3o efetiva do neg\u00f3cio. Da mesma forma, as exig\u00eancias dos clientes para etiquetagem estavam crescendo ano ap\u00f3s ano. Esses requisitos aconteceram no contexto de v\u00e1rias crises na cadeia de fornecimento de ovos, como o caso da dioxina na B\u00e9lgica e o surto de IA na Holanda, resultaram em Job e seu irm\u00e3o programador de computador, Henk, desenvolvendo a primeira solu\u00e7\u00e3o de rastreabilidade de ovos.\n<\/p><p>\nFoi com a implementa\u00e7\u00e3o da Lei Europeia de Alimentos, em 2005, que significou que o rastreamento e a rastreabilidade dos ovos se tornaram obrigat\u00f3rios na Europa que Job e Henk Beekhuis decidiram abrir sua pr\u00f3pria empresa. A Ovotrack nasceu e a solu\u00e7\u00e3o foi comercializada para outros centros europeus de classifica\u00e7\u00e3o de ovos.\n<\/p><p>\nDesde ent\u00e3o, a Ovotrack BV desenvolveu-se para ser a l\u00edder global de solu\u00e7\u00f5es de rastreabilidade de ovos para centros de classifica\u00e7\u00e3o de ovos. Hoje, as solu\u00e7\u00f5es Ovotrack podem ser encontradas em centros de classifica\u00e7\u00e3o e processamento de ovos na Europa, Am\u00e9rica do Norte e \u00c1sia-Pac\u00edfico.\n<\/p><h2>A 'Lei Geral da Alimenta\u00e7\u00e3o'<\/h2><p>\nA seguran\u00e7a alimentar e a rastreabilidade s\u00e3o vitais para os centros de classifica\u00e7\u00e3o de ovos. Sistemas de qualidade de ovos, como IKB, KAT, Lion Code ou USDA exigem rastreabilidade total. E, na Europa, a Lei Geral de Alimentos (regulamento 178\/2002) tornou obrigat\u00f3rios os sistemas e procedimentos de rastreabilidade para todas as empresas em processamento de alimentos.\n<\/p><\/div><\/div><\/div><!--.panel-grid-cell-container--><\/div><!--.panel-row-style--><\/div><!--.panel-grid--><div class=\"panel-grid ppb-row\" id=\"pg-4546-2\" style=\"margin-bottom: 0;\" ><div class=\"ppb-row panel-row-style panel-row-style-  ppb-stretch-full-width ppb-stretch-full-width-1 ppb-full-width-no-bg ppb-match-col-hi\" style=\"background-color: #f3f3f3;\" ><style>#pg-4546-2 .panel-grid-cell { padding: 0 0.5% 0; }<\/style><div class='panel-grid-cell-container'><div class=\"ppb-col panel-grid-cell \" id=\"pgc-4546-2-0\" ><div id=\"panel-4546-2-0-0\" class=\"ppb-block ppb-mobile-behaviour-1\" style=\"margin-top: 20px;margin-bottom: 30px;\" ><h2><a href=\"https:\/\/ovotrack.com\/modules-2\/\">Rastreabilidade de Ovos<\/a><\/h2><p>\nA rastreabilidade dos ovos vai em duas dire\u00e7\u00f5es. Na maioria dos pa\u00edses, o c\u00f3digo da granja origin\u00e1ria \u00e9 carimbado ou impresso em cada ovo, para que o consumidor possa ver onde o ovo foi produzido - rastreando de volta. Rastrear para frente \u00e9 muito mais complicado; para que cliente enviamos os ovos de um determinado produtor de ovos, galp\u00e3o, lote e data de postura. Isso \u00e9 ainda mais dif\u00edcil porque os ovos s\u00e3o muitas vezes embalados inicialmente para estoque e s\u00f3 sabemos seu destino final ap\u00f3s a chegada do pedido de venda.\n<\/p><p>\nEm caso de recall de produto, seu cliente n\u00e3o quer basear esse recall no c\u00f3digo que est\u00e1 estampado nos ovos. Seu cliente s\u00f3 quer que voc\u00ea diga a ele de qual palete ou caixa ele deve fazer o recall.\n<\/p><p>\nPor essa raz\u00e3o, caixas externas e paletes requerem um c\u00f3digo de barras \u00fanico que deve dizer a origem dos ovos que est\u00e3o nesta caixa espec\u00edfica ou palete. A Ovotrack oferece-lhe a solu\u00e7\u00e3o para isso.\n<\/p><p>\nO Ovotrack pode ser usada aut\u00f4nomo, mas muitas vezes o Ovotrack est\u00e1 conectado ou integrado a uma solu\u00e7\u00e3o ERP ou de faturamento existente, como Microsoft Dynamics, Great Plains, Sage, Exchequer, NetSuite e muitos outros.\n<\/p><\/div><\/div><\/div><!--.panel-grid-cell-container--><\/div><!--.panel-row-style--><\/div><!--.panel-grid--><div class=\"panel-grid ppb-row\" id=\"pg-4546-3\" style=\"margin-bottom: 0;\" ><div class=\"ppb-row panel-row-style panel-row-style-  ppb-stretch-full-width ppb-stretch-full-width-2 ppb-full-width-no-bg\" style=\"background-color: #f09100;\" ><style>#pg-4546-3 .panel-grid-cell { padding: 0 0.5% 0; }<\/style><div class='panel-grid-cell-container'><div class=\"ppb-col panel-grid-cell \" id=\"pgc-4546-3-0\" ><div id=\"panel-4546-3-0-0\" class=\"ppb-block ppb-no-mobile-spacing\" style=\"\" ><h2><img loading=\"lazy\" decoding=\"async\" class=\"aligncenter wp-image-1032 size-full\" src=\"https:\/\/ovotrack.com\/wp-content\/uploads\/2018\/03\/Tray-eggs-brown.jpg\" alt=\"About us Ovotrack Tray brown eggs\" width=\"1905\" height=\"665\" srcset=\"https:\/\/ovotrack.com\/wp-content\/uploads\/2018\/03\/Tray-eggs-brown.jpg 1905w, https:\/\/ovotrack.com\/wp-content\/uploads\/2018\/03\/Tray-eggs-brown-300x105.jpg 300w, https:\/\/ovotrack.com\/wp-content\/uploads\/2018\/03\/Tray-eggs-brown-768x268.jpg 768w, https:\/\/ovotrack.com\/wp-content\/uploads\/2018\/03\/Tray-eggs-brown-1024x357.jpg 1024w\" sizes=\"auto, (max-width: 1905px) 100vw, 1905px\" \/><\/h2><\/div><\/div><\/div><!--.panel-grid-cell-container--><\/div><!--.panel-row-style--><\/div><!--.panel-grid--><div class=\"panel-grid ppb-row\" id=\"pg-4546-4\" style=\"margin-bottom: 0;\" ><div class=\"ppb-row panel-row-style panel-row-style-  ppb-stretch-full-width ppb-stretch-full-width-1 ppb-full-width-no-bg\" style=\"background-color: #f69f07;\" ><style>#pg-4546-4 .panel-grid-cell { padding: 0 0.5% 0; }<\/style><div class='panel-grid-cell-container'><div class=\"ppb-col panel-grid-cell \" id=\"pgc-4546-4-0\" ><div id=\"panel-4546-4-0-0\" class=\"ppb-block ppb-mobile-behaviour-1\" style=\"color: #ffffff;margin-top: 30px;margin-bottom: 30px;\" ><h2><span style=\"color: #ffffff;\">A solu\u00e7\u00e3o Ovotrack<\/span><\/h2><p>\nA solu\u00e7\u00e3o Ovotrack consiste em um banco de dados, e v\u00e1rios m\u00f3dulos de software e hardware industrial. Para cada produtor de ovos, s\u00e3o impressas etiquetas com um c\u00f3digo de barras \u00fanico para cada lote. Durante o recebimento dos ovos, durante a coleta ou durante a descarga no centro de classifica\u00e7\u00e3o de ovos, essas etiquetas s\u00e3o escaneadas. Se necess\u00e1rio, uma balan\u00e7a de pesagem pode ser conectada para obter o peso exato de cada palete. Em caso de verifica\u00e7\u00e3o dos ovos na entrada em unidades haugh ou resist\u00eancia de casca, isso pode ser registrado no banco de dados Ovotrack. Ovos n\u00e3o conformes ou trincados da granja podem ser recebidos separadamente. Paletes de material de embalagem, bem como ovos j\u00e1 classificados podem ser etiquetados com um c\u00f3digo de barras \u00fanico durante o recebimento.\n<\/p><p>\nEstas etiquetas de c\u00f3digo de barras ser\u00e3o escaneadas novamente quando os ovos e a embalagem forem usados na classificadora. Informa\u00e7\u00f5es sobre a origem dos ovos podem ser encaminhadas automaticamente para a classificadora e a troca de lotes entre dois fornecedores diferentes pode ser automatizada com ECI's. Ap\u00f3s a classifica\u00e7\u00e3o, os resultados de classifica\u00e7\u00e3o por palete ou lote podem ser coletados e agrupados.\n<\/p><p>\nNo final das linhas de embalagem da classificadora, ser\u00e3o instaladas impressoras de etiquetas. Cada linha de embalagem receber\u00e1 um bot\u00e3o para pedir uma etiqueta externa. No software Ovotrack, as ordens de venda ou para estoque com a sua etiqueta correspondente podem ser definidas para cada linha de embalagem. No caso de empacotadores de caixas, este processo de etiquetagem pode ser automatizado com solu\u00e7\u00f5es de impress\u00e3o e aplica\u00e7\u00e3o. Cada caixa receber\u00e1 uma etiqueta \u00fanica e no banco de dados Ovotrack, a granja origin\u00e1ria dos ovos neste caso, \u00e9 armazenada. Os ovos n\u00e3o conformes da classificadora podem ser armazenados separadamente.\n<\/p><p>\nDurante a paletiza\u00e7\u00e3o, as etiquetas de caixa podem ser conectadas a uma etiqueta de palete. Para reembalagem, h\u00e1 uma solu\u00e7\u00e3o Ovotrack separada que acompanhar\u00e1 a rastreabilidade enquanto reembala os ovos para outra caixa.\n<\/p><p>\nDurante o transporte, os ovos classificados podem ser conectados ao seu destino final. As etiquetas de palete SSCC e uma Nota de Transporte podem ser geradas, impressas ou sincronizadas em um sistema de faturamento ERP ou de vendas.\n<\/p><\/div><\/div><\/div><!--.panel-grid-cell-container--><\/div><!--.panel-row-style--><\/div><!--.panel-grid--><div class=\"panel-grid ppb-row\" id=\"pg-4546-5\" style=\"margin-bottom: 0;\" ><div class=\"ppb-row panel-row-style panel-row-style- \" style=\"\" ><style>#pg-4546-5 .panel-grid-cell { padding: 0 1% 0; }<\/style><div class='panel-grid-cell-container'><div class=\"ppb-col panel-grid-cell \" id=\"pgc-4546-5-0\" ><div id=\"panel-4546-5-0-0\" class=\"ppb-block ppb-mobile-behaviour-1\" style=\"margin-top: 30px;margin-bottom: 30px;\" ><h2>Nossa abordagem<\/h2><p>\n<strong>Entenda suas necessidades e requisitos:<\/strong> cada centro de classifica\u00e7\u00e3o de ovos \u00e9 \u00fanico e nossa abordagem come\u00e7a com a descoberta de suas necessidades espec\u00edficas e o que voc\u00ea gostaria de melhorar.\n<\/p><p>\n<strong>Conselho:<\/strong> com base em suas necessidades e demandas, usaremos o conhecimento e a experi\u00eancia de nossa equipe para apresentar a solu\u00e7\u00e3o Ovotrack que lhe oferecer\u00e1 mais benef\u00edcios.\n<\/p><p>\n<strong>Plano de projeto:<\/strong>\u00a0forneceremos um plano de projeto que identifique todos os elementos do projeto para garantir uma entrega bem sucedida da solu\u00e7\u00e3o Ovotrack. Se necess\u00e1rio, uma verifica\u00e7\u00e3o do local faz parte do plano do projeto para discutir os preparativos no local.\n<\/p><p>\n<strong>Preencha o banco de dados e o design da etiqueta:<\/strong> antes da instala\u00e7\u00e3o e implementa\u00e7\u00e3o f\u00edsica, o banco de dados ser\u00e1 instalado em seu servidor para que voc\u00ea possa come\u00e7ar a inserir a base de. No caso de uma sincroniza\u00e7\u00e3o com um sistema ERP, este \u00e9 o momento para desenvolver isso. O design da etiqueta tamb\u00e9m faz parte dessa fase.\n<\/p><p>\n<strong>Instala\u00e7\u00e3o e implementa\u00e7\u00e3o:<\/strong> nossos especialistas em suporte ao cliente visitar\u00e3o o local para instalar o hardware e conect\u00e1-lo \u00e0 rede LAN, \u00e0 m\u00e1quina de classifica\u00e7\u00e3o, balan\u00e7as de pesagem, empacotadores de caixas ou dispositivos de qualidade de ovos. Depois disso, o software \u00e9 configurado.\n<\/p><p>\n<strong>Treinamento:<\/strong> nossos especialistas em suporte ao cliente treinar\u00e3o sua equipe e ajudar\u00e3o na partida do sistema.\n<\/p><p>\n<strong>Desenvolvimento do relat\u00f3rio:<\/strong> nossos especialistas em suporte ao cliente ajustar\u00e3o os relat\u00f3rios \u00e0s suas necessidades no designer de relat\u00f3rios integrado.\n<\/p><p>\n<strong>Suporte:<\/strong> nossos especialistas em suporte ao cliente ir\u00e3o ajud\u00e1-lo com quaisquer perguntas, problemas ou ajustes necess\u00e1rios de relat\u00f3rios ou lay-outs de etiquetas.\n<\/p><p>\n<img loading=\"lazy\" decoding=\"async\" class=\"wp-image-1441 size-medium aligncenter\" src=\"https:\/\/ovotrack.com\/wp-content\/uploads\/2018\/07\/Microsoft-Silver-Partner-300x200.png\" alt=\"Microsoft Silver Partner\" width=\"300\" height=\"200\" srcset=\"https:\/\/ovotrack.com\/wp-content\/uploads\/2018\/07\/Microsoft-Silver-Partner-300x200.png 300w, https:\/\/ovotrack.com\/wp-content\/uploads\/2018\/07\/Microsoft-Silver-Partner.png 650w\" sizes=\"auto, (max-width: 300px) 100vw, 300px\" \/>\n<\/p><\/div><\/div><div class=\"ppb-col panel-grid-cell \" id=\"pgc-4546-5-1\" ><div id=\"panel-4546-5-1-0\" class=\"ppb-block ppb-mobile-behaviour-2\" style=\"border: 2px solid #f69f07;padding: 15px;margin-top: 15px;margin-bottom: 30px;border-radius: 5px;\" ><h2>A equipe<\/h2><p>\n<strong>Job Beekhuis<br \/><\/strong>CEO &amp; Sales\n<\/p><p>\n<b>Erik Jan Schimmel<br \/><\/b>Director de Desenvolvimiento de Neg\u00f3cios\n<\/p><p>\n<strong>Sebastiaan Klootwijk\u00a0<br \/><\/strong>Gerente de Vendas\n<\/p><p>\n<strong>Raul den Adel<br \/><\/strong>Vendas &amp; Gerente de Marketing\n<\/p><p>\n<strong>Ilse van Cappelle\u00a0<br \/><\/strong>Marketing\n<\/p><p>\n<b>Marco Kruik<br \/><\/b>Gerente de Proyecto\n<\/p><p>\n<strong>Yorick Rieken<br \/><\/strong>L\u00edder da Equipe Suporte ao Cliente e Gerente Produto\n<\/p><p>\n<strong>Miguel Abadia Sabel<br \/><\/strong>Especialista em suporte ao cliente\n<\/p><p>\n<strong>John Suntjens<br \/><\/strong>Especialista em suporte ao cliente\n<\/p><p>\n<strong>Fazal Popkema<br \/><\/strong>Especialista em suporte ao cliente\n<\/p><p>\n<strong>Marco Harmsen<br \/><\/strong>Especialista em suporte ao cliente\n<\/p><p>\n<strong>Puja Mishra<br \/><\/strong>Especialista em suporte ao cliente\n<\/p><p>\n<strong>Gerjan Verwoert<br \/><\/strong>Especialista em suporte ao cliente\n<\/p><p>\n<strong>Sam Groothuis\u00a0<br \/><\/strong>Especialista em suporte ao cliente\n<\/p><p>\n<strong>Brandon Helmuth<br \/><\/strong>Especialista em suporte ao cliente EUA\n<\/p><p>\n<strong>Henk Beekhuis<br \/><\/strong>Arquiteto de software\n<\/p><p>\n<strong>Sener Yetgin<br \/><\/strong>Desenvolvedor de software s\u00eanior\n<\/p><p>\n<strong>Wilfred van de Grift<br \/><\/strong>Desenvolvedor de software s\u00eanior\n<\/p><p>\n<strong>Olle Kelderman<br \/><\/strong>Desenvolvedor de software\n<\/p><p>\n<strong>Lukas Boekhout\u00a0<br \/><\/strong>Desenvolvedor Front-end\n<\/p><p>\n<strong>Joost van der Horst<br \/><\/strong>Desenvolvedor Back-end\n<\/p><p>\n<strong>Mark Poelen\u00a0<br \/><\/strong>Desenvolvedor Back-end\n<\/p><p>\n<b>Judith Schoorlemmer<br \/><\/b>Gerente de Recursos Humanos\n<\/p><\/div><\/div><\/div><!--.panel-grid-cell-container--><\/div><!--.panel-row-style--><\/div><!--.panel-grid--><div class=\"panel-grid ppb-row\" id=\"pg-4546-6\" style=\"margin-top: 10px;margin-bottom: 0;\" ><div class=\"ppb-row panel-row-style panel-row-style-  ppb-stretch-full-width ppb-stretch-full-width-1 ppb-full-width-no-bg\" style=\"background-color: #f3f3f3;\" ><style>#pg-4546-6 .panel-grid-cell { padding: 0 0.5% 0; }<\/style><div class='panel-grid-cell-container'><div class=\"ppb-col panel-grid-cell \" id=\"pgc-4546-6-0\" ><div id=\"panel-4546-6-0-0\" class=\"ppb-block ppb-mobile-behaviour-1\" style=\"margin-top: 20px;margin-bottom: 30px;\" ><h2>O processo:<\/h2><ol><li>Imprimindo etiquetas de granjas.<\/li><li>Recebimento de ovos n\u00e3o classificados, material de embalagem ou ovos classificados. Digitalizando etiquetas de granja ou imprimindo novas etiquetas e registrando datas de postura.<\/li><li>Escaneie etiquetas de c\u00f3digo de barras no carregador. Encaminhando informa\u00e7\u00f5es relevantes para a m\u00e1quina de classifica\u00e7\u00e3o.<\/li><li>Selecione a ordem de produ\u00e7\u00e3o ou venda correta. Alterar as configura\u00e7\u00f5es da impressora ou o layout da etiqueta, se necess\u00e1rio.<\/li><li>Caixas de bot\u00e3o para cada 2 linhas de embalagem. Com as impressoras de fim de linha em cima das caixas de bot\u00f5es, as etiquetas podem ser impressas para cada caixa ou palete.<\/li><li>Com um sistema de impress\u00e3o e aplica\u00e7\u00e3o, a etiqueta pode ser impressa e aplicada automaticamente.<\/li><li>Durante a paletiza\u00e7\u00e3o, as etiquetas podem ser escaneadas e uma etiqueta de palete ou etiqueta SSCC pode ser impressa.<\/li><li>Digitaliza\u00e7\u00e3o de etiquetas de caixa durante a constru\u00e7\u00e3o de uma palete mista, com base em um pedido do cliente.<\/li><li>Escaneie as etiquetas externas da caixa ou as etiquetas de paletes e conecte-os a ordens de venda durante o envio.<\/li><li>Integra\u00e7\u00e3o ou conex\u00e3o com outros centros de classifica\u00e7\u00e3o de ovos e\/ou sistemas ERP.<\/li><\/ol><\/div><\/div><\/div><!--.panel-grid-cell-container--><\/div><!--.panel-row-style--><\/div><!--.panel-grid--><div class=\"panel-grid ppb-row\" id=\"pg-4546-7\" style=\"margin-bottom: 0;\" ><div class=\"ppb-row panel-row-style panel-row-style-  ppb-stretch-full-width ppb-stretch-full-width-1 ppb-full-width-no-bg\" style=\"background-image: url( https:\/\/ovotrack.com\/wp-content\/uploads\/2018\/03\/Barcode.jpg ); background-size: cover; background-repeat: no-repeat; min-height:16px;\" ><style>#pg-4546-7 .panel-grid-cell { padding: 0 0.5% 0; }<\/style><div class='panel-grid-cell-container'><div class=\"ppb-col panel-grid-cell \" id=\"pgc-4546-7-0\" ><\/div><\/div><!--.panel-grid-cell-container--><\/div><!--.panel-row-style--><\/div><!--.panel-grid-->\t\t<\/div>\n\t\t","protected":false},"excerpt":{"rendered":"<p>Ovotrack &#8211; a empresa Job Beekhuis, o atual CEO da Ovotrack, come\u00e7ou sua carreira na ind\u00fastria de ovos na propriedade da fam\u00edlia Beekhuis em Leersum, Holanda. \u00c0 medida que o neg\u00f3cio familiar crescia, mais informa\u00e7\u00f5es eram necess\u00e1rias para a gest\u00e3o efetiva do neg\u00f3cio. Da mesma forma, as exig\u00eancias dos clientes para etiquetagem estavam crescendo ano [&hellip;]<\/p>\n","protected":false},"author":5,"featured_media":0,"parent":0,"menu_order":0,"comment_status":"closed","ping_status":"closed","template":"","meta":{"footnotes":""},"class_list":["post-4546","page","type-page","status-publish","hentry"],"_links":{"self":[{"href":"https:\/\/ovotrack.com\/pt-br\/wp-json\/wp\/v2\/pages\/4546","targetHints":{"allow":["GET"]}}],"collection":[{"href":"https:\/\/ovotrack.com\/pt-br\/wp-json\/wp\/v2\/pages"}],"about":[{"href":"https:\/\/ovotrack.com\/pt-br\/wp-json\/wp\/v2\/types\/page"}],"author":[{"embeddable":true,"href":"https:\/\/ovotrack.com\/pt-br\/wp-json\/wp\/v2\/users\/5"}],"replies":[{"embeddable":true,"href":"https:\/\/ovotrack.com\/pt-br\/wp-json\/wp\/v2\/comments?post=4546"}],"version-history":[{"count":11,"href":"https:\/\/ovotrack.com\/pt-br\/wp-json\/wp\/v2\/pages\/4546\/revisions"}],"predecessor-version":[{"id":6893,"href":"https:\/\/ovotrack.com\/pt-br\/wp-json\/wp\/v2\/pages\/4546\/revisions\/6893"}],"wp:attachment":[{"href":"https:\/\/ovotrack.com\/pt-br\/wp-json\/wp\/v2\/media?parent=4546"}],"curies":[{"name":"wp","href":"https:\/\/api.w.org\/{rel}","templated":true}]}}