{"id":4168,"date":"2020-06-11T16:41:06","date_gmt":"2020-06-11T14:41:06","guid":{"rendered":"https:\/\/ovotrack.com\/?page_id=4168"},"modified":"2021-01-18T10:09:48","modified_gmt":"2021-01-18T09:09:48","slug":"localizacao-de-estoque","status":"publish","type":"page","link":"https:\/\/ovotrack.com\/pt-br\/modulos-de-classificacao\/localizacao-de-estoque\/","title":{"rendered":"Localiza\u00e7\u00e3o de estoque"},"content":{"rendered":"\t\t<div id=\"pootle-page-builder\">\n\t\t\t<!----------Pootle Page Builder Inline Styles---------->\n\t\t\t<style id=\"pootle-live-editor-styles\" type=\"text\/css\" media=\"all\">\n\t\t\t\t#pgc-4168-1-0 { width:24.019% } #pgc-4168-1-1 { width:71.981% } #pgc-4168-3-0 { width:23.039% } #pgc-4168-3-1 { width:21.817% } #pgc-4168-3-2 { width:25.305% } #pgc-4168-3-3 { width:23.65% } .panel-grid-cell .panel { margin-bottom: 0px } @media ( max-width:780px ) { #pootle-page-builder .panel-grid-cell-container .panel-grid-cell { width:100%;flex: 1 0; } #pootle-page-builder .panel-grid-cell-container { flex-direction: column; } .panel-grid-cell:not(:last-child) { margin-bottom: 0px } .ppb-no-mobile-spacing { padding: 0 !important; margin: 0 !important; } .hide-on-mobile { display: none } br.rwd { display: block } .ppb-mobile-behaviour-2.ppb-block { margin-left:auto!important;margin-right:auto!important;margin-top:auto!important;margin-bottom:auto!important } .panel-grid { margin-left: 0 !important; margin-right: 0 !important; } .panel-grid-cell { padding: 0 !important; max-width: 100% !important; }  } \t\t\t<\/style>\n\t\t\t<div class=\"panel-grid ppb-row\" id=\"pg-4168-0\" style=\"margin-top: 40px;margin-bottom: 0;\" ><div class=\"ppb-row panel-row-style panel-row-style- \" style=\"\" ><style>#pg-4168-0 .panel-grid-cell { padding: 0 0.5% 0; }<\/style><div class='panel-grid-cell-container'><div class=\"ppb-col panel-grid-cell \" id=\"pgc-4168-0-0\" ><div id=\"panel-4168-0-0-0\" class=\"ppb-block ppb-no-mobile-spacing\" style=\"\" ><h1>Localiza\u00e7\u00e3o de estoque<\/h1><\/div><\/div><\/div><!--.panel-grid-cell-container--><\/div><!--.panel-row-style--><\/div><!--.panel-grid--><div class=\"panel-grid ppb-row\" id=\"pg-4168-1\" style=\"margin-bottom: 0;\" ><div class=\"ppb-row panel-row-style panel-row-style- \" style=\"\" ><style>#pg-4168-1 .panel-grid-cell { padding: 0 2% 0; }<\/style><div class='panel-grid-cell-container'><div class=\"ppb-col panel-grid-cell \" id=\"pgc-4168-1-0\" ><div id=\"panel-4168-1-0-0\" class=\"ppb-block ppb-no-mobile-spacing\" style=\"\" ><p>\n<img loading=\"lazy\" decoding=\"async\" class=\"aligncenter size-medium wp-image-671\" src=\"https:\/\/ovotrack.com\/wp-content\/uploads\/2018\/01\/Voorraadlocaties-300x225.jpg\" alt=\"Voorraadlocatie eieren\" width=\"300\" height=\"225\" \/>\n<\/p><\/div><\/div><div class=\"ppb-col panel-grid-cell \" id=\"pgc-4168-1-1\" ><div id=\"panel-4168-1-1-0\" class=\"ppb-block ppb-no-mobile-spacing\" style=\"\" ><p>\nQuando paletes de ovos s\u00e3o movidos para outro local ou quando ovos n\u00e3o classificados s\u00e3o vendidos para outros classificadores ou processadores em vez de serem classificados, esses ovos devem ser escaneados para manter a posi\u00e7\u00e3o de estoque de ovos n\u00e3o classificados atualizado. Com o localizador Ovotrack Estoque, c\u00f3digos de barras s\u00e3o colocados na parede dos locais de estocagem. Com um scanner sem fio, o c\u00f3digo de barras Estoque Localizador \u00e9 digitalizado e, depois disso, o c\u00f3digo de barras no palete, movendo-o assim de um local de estoque para outro.\n<\/p><\/div><\/div><\/div><!--.panel-grid-cell-container--><\/div><!--.panel-row-style--><\/div><!--.panel-grid--><div class=\"panel-grid ppb-row\" id=\"pg-4168-2\" style=\"margin-bottom: 0;\" ><div class=\"ppb-row panel-row-style panel-row-style-  ppb-stretch-full-width ppb-stretch-full-width-1 ppb-full-width-no-bg\" style=\"background-color: #f69f07;\" ><style>#pg-4168-2 .panel-grid-cell { padding: 0 0.5% 0; }<\/style><div class='panel-grid-cell-container'><div class=\"ppb-col panel-grid-cell \" id=\"pgc-4168-2-0\" ><div id=\"panel-4168-2-0-0\" class=\"ppb-block ppb-mobile-behaviour-1\" style=\"margin-top: 20px;\" ><h2 style=\"text-align: center;\" data-mce-style=\"text-align: center;\"><span style=\"color: #ffffff;\" data-mce-style=\"color: #ffffff;\">Veja os outros m\u00f3dulos de software para classifica\u00e7\u00e3o<\/span><\/h2><\/div><\/div><\/div><!--.panel-grid-cell-container--><\/div><!--.panel-row-style--><\/div><!--.panel-grid--><div class=\"panel-grid ppb-row\" id=\"pg-4168-3\" style=\"margin-bottom: 0;\" ><div class=\"ppb-row panel-row-style panel-row-style-  ppb-stretch-full-width ppb-stretch-full-width-1 ppb-full-width-no-bg\" style=\"background-color: #f69f07;\" ><style>#pg-4168-3 .panel-grid-cell { padding: 0 1% 0; }<\/style><div class='panel-grid-cell-container'><div class=\"ppb-col panel-grid-cell ppb-desktop-transparent\" id=\"pgc-4168-3-0\" data--100-bottom-top=\"@data-animation:!FadeInUp\" data-bottom-top=\"@data-animation:!0\" ><div id=\"panel-4168-3-0-0\" class=\"ppb-block ppb-mobile-behaviour-1\" style=\"color: #ffffff;margin-top: 10px;margin-bottom: 20px;margin-left: 2px;max-width: 244px;\" ><p style=\"text-align: left;\" data-mce-style=\"text-align: left;\"><strong>ANTES DA CLASSIFICA\u00c7\u00c3O<\/strong>\n<\/p><p>\n<span style=\"color: rgb(255, 255, 255);\" data-mce-style=\"color: #ffffff;\"><a data-mce-href=\"https:\/\/ovotrack.com\/pt-br\/modulos-de-classificacao\/base-de-dados\/\" href=\"https:\/\/ovotrack.com\/pt-br\/modulos-de-classificacao\/base-de-dados\/\" style=\"color: rgb(255, 255, 255);\" data-mce-style=\"color: #ffffff;\">Base de Dados<\/a><\/span><br><span style=\"color: rgb(255, 255, 255);\" data-mce-style=\"color: #ffffff;\"><a data-mce-href=\"https:\/\/ovotrack.com\/pt-br\/modulos-de-classificacao\/impressao-de-etiquetas-de-granja\/\" href=\"https:\/\/ovotrack.com\/pt-br\/modulos-de-classificacao\/impressao-de-etiquetas-de-granja\/\" style=\"color: rgb(255, 255, 255);\" data-mce-style=\"color: #ffffff;\">Impress\u00e3o de Etiquetas de Granja<\/a><\/span><br><a data-mce-href=\"https:\/\/ovotrack.com\/pt-br\/modulos-de-classificacao\/eggs-cargo-traq\/\" href=\"https:\/\/ovotrack.com\/pt-br\/modulos-de-classificacao\/eggs-cargo-traq\/\"><span style=\"color: rgb(255, 255, 255);\" data-mce-style=\"color: #ffffff;\">Eggs Cargo Traq<\/span><\/a><br><span style=\"color: rgb(255, 255, 255);\" data-mce-style=\"color: #ffffff;\"><a data-mce-href=\"https:\/\/ovotrack.com\/pt-br\/modulos-de-classificacao\/escaneamento-na-granja\/\" href=\"https:\/\/ovotrack.com\/pt-br\/modulos-de-classificacao\/escaneamento-na-granja\/\" style=\"color: rgb(255, 255, 255);\" data-mce-style=\"color: #ffffff;\">Escaneamento na Granja<\/a><\/span><br><span style=\"color: rgb(255, 255, 255);\" data-mce-style=\"color: #ffffff;\"><a data-mce-href=\"https:\/\/ovotrack.com\/pt-br\/modulos-de-classificacao\/pesos-de-caminhoes\/\" href=\"https:\/\/ovotrack.com\/pt-br\/modulos-de-classificacao\/pesos-de-caminhoes\/\" style=\"color: rgb(255, 255, 255);\" data-mce-style=\"color: #ffffff;\">Pesos de Caminh\u00f5es<\/a><\/span><br><span style=\"color: rgb(255, 255, 255);\" data-mce-style=\"color: #ffffff;\"><a data-mce-href=\"https:\/\/ovotrack.com\/pt-br\/modulos-de-classificacao\/recebimento\/\" href=\"https:\/\/ovotrack.com\/pt-br\/modulos-de-classificacao\/recebimento\/\" style=\"color: rgb(255, 255, 255);\" data-mce-style=\"color: #ffffff;\">Recebimento<\/a><\/span><br><span style=\"color: rgb(255, 255, 255);\" data-mce-style=\"color: #ffffff;\"><a data-mce-href=\"https:\/\/ovotrack.com\/pt-br\/modulos-de-classificacao\/recebimento-ovos-classificados\/\" href=\"https:\/\/ovotrack.com\/pt-br\/modulos-de-classificacao\/recebimento-ovos-classificados\/\" style=\"color: rgb(255, 255, 255);\" data-mce-style=\"color: #ffffff;\">Recebimento Ovos Classificados<br><\/a><a data-mce-href=\"https:\/\/ovotrack.com\/pt-br\/modulos-de-classificacao\/ovos-nao-conformes-da-granja\/\" href=\"https:\/\/ovotrack.com\/pt-br\/modulos-de-classificacao\/ovos-nao-conformes-da-granja\/\" style=\"color: rgb(255, 255, 255);\" data-mce-style=\"color: #ffffff;\">Ovos n\u00e3o conformes da Granja<\/a><br><a data-mce-href=\"https:\/\/ovotrack.com\/pt-br\/modulos-de-classificacao\/embalagem\/\" href=\"https:\/\/ovotrack.com\/pt-br\/modulos-de-classificacao\/embalagem\/\" style=\"color: rgb(255, 255, 255);\" data-mce-style=\"color: #ffffff;\">Embalagem<\/a><br><\/span><a data-mce-href=\"https:\/\/ovotrack.com\/pt-br\/modulos-de-classificacao\/qualidade-do-ovo\/\" href=\"https:\/\/ovotrack.com\/pt-br\/modulos-de-classificacao\/qualidade-do-ovo\/\" data-mce-selected=\"inline-boundary\">Qualidade do Ovo<\/a><br>\n<\/p><\/div><\/div><div class=\"ppb-col panel-grid-cell ppb-desktop-transparent\" id=\"pgc-4168-3-1\" data--100-bottom-top=\"@data-animation:!FadeInUp\" data-bottom-top=\"@data-animation:!0\" ><div id=\"panel-4168-3-1-0\" class=\"ppb-block ppb-mobile-behaviour-1\" style=\"color: #ffffff;margin-top: 10px;margin-bottom: 20px;margin-left: 2px;max-width: 251px;\" ><p style=\"text-align: left;\" data-mce-style=\"text-align: left;\"><strong>DURANTE LA CLASSIFICA\u00c7\u00c3O<\/strong>\n<\/p><p>\n<span style=\"color: rgb(255, 255, 255);\" data-mce-style=\"color: #ffffff;\"><a data-mce-href=\"https:\/\/ovotrack.com\/pt-br\/modulos-de-classificacao\/carregador\/\" href=\"https:\/\/ovotrack.com\/pt-br\/modulos-de-classificacao\/carregador\/\" style=\"color: rgb(255, 255, 255);\" data-mce-style=\"color: #ffffff;\">Carregador<\/a><\/span><br><span style=\"color: rgb(255, 255, 255);\" data-mce-style=\"color: #ffffff;\"><a data-mce-href=\"https:\/\/ovotrack.com\/pt-br\/modulos-de-classificacao\/identificador-de-carga-de-ovos-eci\/\" href=\"https:\/\/ovotrack.com\/pt-br\/modulos-de-classificacao\/identificador-de-carga-de-ovos-eci\/\" style=\"color: rgb(255, 255, 255);\" data-mce-style=\"color: #ffffff;\">ECI\ufeff<\/a><\/span><br><span style=\"color: rgb(255, 255, 255);\" data-mce-style=\"color: #ffffff;\"><a data-mce-href=\"https:\/\/ovotrack.com\/pt-br\/modulos-de-classificacao\/resultados-de-classificacao\/\" href=\"https:\/\/ovotrack.com\/pt-br\/modulos-de-classificacao\/resultados-de-classificacao\/\" style=\"color: rgb(255, 255, 255);\" data-mce-style=\"color: #ffffff;\" data-mce-selected=\"inline-boundary\">Resultados de Classifica\u00e7\u00e3o<\/a><br><a data-mce-href=\"https:\/\/ovotrack.com\/pt-br\/modulos-de-classificacao\/balanceamento-de-ovos\/\" href=\"https:\/\/ovotrack.com\/pt-br\/modulos-de-classificacao\/balanceamento-de-ovos\/\" style=\"color: rgb(255, 255, 255);\" data-mce-style=\"color: #ffffff;\">Balanceamento de Ovos<\/a><br><br><\/span>\n<\/p><\/div><\/div><div class=\"ppb-col panel-grid-cell ppb-desktop-transparent\" id=\"pgc-4168-3-2\" data--100-bottom-top=\"@data-animation:!FadeInUp\" data-bottom-top=\"@data-animation:!0\" ><div id=\"panel-4168-3-2-0\" class=\"ppb-block ppb-mobile-behaviour-1\" style=\"color: #ffffff;margin-top: 10px;margin-bottom: 20px;\" ><p style=\"text-align: left;\" data-mce-style=\"text-align: left;\"><strong>DEPOIS DA&nbsp;CLASSIFICA\u00c7\u00c3O<\/strong>\n<\/p><p>\n<span style=\"color: rgb(255, 255, 255);\" data-mce-style=\"color: #ffffff;\"><a data-mce-href=\"https:\/\/ovotrack.com\/pt-br\/modulos-de-classificacao\/fim-da-linha\/\" href=\"https:\/\/ovotrack.com\/pt-br\/modulos-de-classificacao\/fim-da-linha\/\" style=\"color: rgb(255, 255, 255);\" data-mce-style=\"color: #ffffff;\">Fim da Linha<br><\/a><a data-mce-href=\"https:\/\/ovotrack.com\/pt-br\/modulos-de-classificacao\/ovos-nao-conformes-da-classificadora\/\" href=\"https:\/\/ovotrack.com\/pt-br\/modulos-de-classificacao\/ovos-nao-conformes-da-classificadora\/\" style=\"color: rgb(255, 255, 255);\" data-mce-style=\"color: #ffffff;\">Ovos n\u00e3o Conformes da Classificadora<\/a><br><\/span><span style=\"color: rgb(255, 255, 255);\" data-mce-style=\"color: #ffffff;\"><a data-mce-href=\"https:\/\/ovotrack.com\/pt-br\/modulos-de-classificacao\/imprimir-e-aplicar\/\" href=\"https:\/\/ovotrack.com\/pt-br\/modulos-de-classificacao\/imprimir-e-aplicar\/\" style=\"color: rgb(255, 255, 255);\" data-mce-style=\"color: #ffffff;\">Imprimir e Aplicar<\/a><br><a data-mce-href=\"https:\/\/ovotrack.com\/pt-br\/modulos-de-classificacao\/reembalagem\/\" href=\"https:\/\/ovotrack.com\/pt-br\/modulos-de-classificacao\/reembalagem\/\" style=\"color: rgb(255, 255, 255);\" data-mce-style=\"color: #ffffff;\">Reembalagem\ufeff<\/a><\/span><br><span style=\"color: rgb(255, 255, 255);\" data-mce-style=\"color: #ffffff;\"><a data-mce-href=\"https:\/\/ovotrack.com\/pt-br\/modulos-de-classificacao\/paletizacao\/\" href=\"https:\/\/ovotrack.com\/pt-br\/modulos-de-classificacao\/paletizacao\/\" style=\"color: rgb(255, 255, 255);\" data-mce-style=\"color: #ffffff;\" data-mce-selected=\"inline-boundary\">Paletiza\u00e7\u00e3o\ufeff<\/a><\/span><br><a data-mce-href=\"https:\/\/ovotrack.com\/pt-br\/modulos-de-classificacao\/etiqueta-de-palete-sscc\/\" href=\"https:\/\/ovotrack.com\/pt-br\/modulos-de-classificacao\/etiqueta-de-palete-sscc\/\"><span style=\"color: rgb(255, 255, 255);\" data-mce-style=\"color: #ffffff;\">Etiqueta de Palete SSCC<\/span><\/a><br><span style=\"color: rgb(255, 255, 255);\" data-mce-style=\"color: #ffffff;\"><a data-mce-href=\"https:\/\/ovotrack.com\/pt-br\/modulos-de-classificacao\/expedicao\/\" href=\"https:\/\/ovotrack.com\/pt-br\/modulos-de-classificacao\/expedicao\/\" style=\"color: rgb(255, 255, 255);\" data-mce-style=\"color: #ffffff;\">Expedi\u00e7\u00e3o<\/a><\/span>\n<\/p><\/div><\/div><div class=\"ppb-col panel-grid-cell ppb-desktop-transparent\" id=\"pgc-4168-3-3\" data--100-bottom-top=\"@data-animation:!FadeInUp\" data-bottom-top=\"@data-animation:!0\" ><div id=\"panel-4168-3-3-0\" class=\"ppb-block ppb-mobile-behaviour-1\" style=\"color: #ffffff;margin-top: 10px;margin-bottom: 20px;margin-left: 2px;max-width: 268px;\" ><p style=\"text-align: left;\" data-mce-style=\"text-align: left;\"><strong>OUTROS M\u00d3DULOS<\/strong>\n<\/p><p>\n<span style=\"color: rgb(255, 255, 255);\" data-mce-style=\"color: #ffffff;\"><a data-mce-href=\"\/pt-br?page_id=5752\" href=\"https:\/\/ovotrack.com\/pt-br\/modulos-de-classificacao\/avisos-no-recebimento\/\" style=\"color: rgb(255, 255, 255);\" data-mce-style=\"color: #ffffff;\">Avisos no Recebimento<br><\/a><a data-mce-href=\"\/pt-br?page_id=5755\" href=\"https:\/\/ovotrack.com\/pt-br\/modulos-de-classificacao\/paletizacao-autonoma\/\" style=\"color: rgb(255, 255, 255);\" data-mce-style=\"color: #ffffff;\">Paletiza\u00e7\u00e3o Aut\u00f4noma<\/a><br><span style=\"text-decoration: underline; color: rgb(235, 235, 235);\" data-mce-style=\"text-decoration: underline; color: #ebebeb;\"><a data-mce-href=\"\/pt-br?page_id=4168\" href=\"https:\/\/ovotrack.com\/pt-br\/modulos-de-classificacao\/localizacao-de-estoque\/\" style=\"color: rgb(235, 235, 235); text-decoration: underline;\" data-mce-style=\"color: #ebebeb; text-decoration: underline;\" data-mce-selected=\"inline-boundary\">Localiza\u00e7\u00e3o de Estoque<br><\/a><\/span><a data-mce-href=\"\/pt-br?page_id=4171\" href=\"https:\/\/ovotrack.com\/pt-br\/modulos-de-classificacao\/organizador-de-tarefas\/\" style=\"color: rgb(255, 255, 255);\" data-mce-style=\"color: #ffffff;\">Organizador de Tarefas<\/a><br><a data-mce-href=\"\/pt-br?page_id=4138\" href=\"https:\/\/ovotrack.com\/pt-br\/modulos-de-classificacao\/atualizacao-de-dados-de-etiquetas\/\" style=\"color: rgb(255, 255, 255);\" data-mce-style=\"color: #ffffff;\">Atualiza\u00e7\u00e3o de Dados de Etiquetas<br><\/a><a data-mce-href=\"\/pt-br?page_id=5749\" href=\"https:\/\/ovotrack.com\/pt-br\/modulos-de-classificacao\/verificacao-de-origem\/\" style=\"color: rgb(255, 255, 255);\" data-mce-style=\"color: #ffffff;\">Verifica\u00e7\u00e3o de Origem<\/a><\/span><br><br>\n<\/p><\/div><\/div><\/div><!--.panel-grid-cell-container--><\/div><!--.panel-row-style--><\/div><!--.panel-grid--><div class=\"panel-grid ppb-row\" id=\"pg-4168-4\" style=\"margin-bottom: 0;\" ><div class=\"ppb-row panel-row-style panel-row-style-  ppb-stretch-full-width ppb-stretch-full-width-1 ppb-full-width-no-bg\" style=\"background-image: url( https:\/\/ovotrack.com\/wp-content\/uploads\/2018\/03\/Barcode.jpg ); background-size: cover; background-repeat: no-repeat; min-height:15px;\" ><style>#pg-4168-4 .panel-grid-cell { padding: 0 0.5% 0; }<\/style><div class='panel-grid-cell-container'><div class=\"ppb-col panel-grid-cell \" id=\"pgc-4168-4-0\" ><\/div><\/div><!--.panel-grid-cell-container--><\/div><!--.panel-row-style--><\/div><!--.panel-grid-->\t\t<\/div>\n\t\t","protected":false},"excerpt":{"rendered":"<p>Localiza\u00e7\u00e3o de estoque Quando paletes de ovos s\u00e3o movidos para outro local ou quando ovos n\u00e3o classificados s\u00e3o vendidos para outros classificadores ou processadores em vez de serem classificados, esses ovos devem ser escaneados para manter a posi\u00e7\u00e3o de estoque de ovos n\u00e3o classificados atualizado. Com o localizador Ovotrack Estoque, c\u00f3digos de barras s\u00e3o colocados [&hellip;]<\/p>\n","protected":false},"author":5,"featured_media":0,"parent":4076,"menu_order":0,"comment_status":"closed","ping_status":"closed","template":"","meta":{"footnotes":""},"class_list":["post-4168","page","type-page","status-publish","hentry"],"_links":{"self":[{"href":"https:\/\/ovotrack.com\/pt-br\/wp-json\/wp\/v2\/pages\/4168","targetHints":{"allow":["GET"]}}],"collection":[{"href":"https:\/\/ovotrack.com\/pt-br\/wp-json\/wp\/v2\/pages"}],"about":[{"href":"https:\/\/ovotrack.com\/pt-br\/wp-json\/wp\/v2\/types\/page"}],"author":[{"embeddable":true,"href":"https:\/\/ovotrack.com\/pt-br\/wp-json\/wp\/v2\/users\/5"}],"replies":[{"embeddable":true,"href":"https:\/\/ovotrack.com\/pt-br\/wp-json\/wp\/v2\/comments?post=4168"}],"version-history":[{"count":8,"href":"https:\/\/ovotrack.com\/pt-br\/wp-json\/wp\/v2\/pages\/4168\/revisions"}],"predecessor-version":[{"id":6210,"href":"https:\/\/ovotrack.com\/pt-br\/wp-json\/wp\/v2\/pages\/4168\/revisions\/6210"}],"up":[{"embeddable":true,"href":"https:\/\/ovotrack.com\/pt-br\/wp-json\/wp\/v2\/pages\/4076"}],"wp:attachment":[{"href":"https:\/\/ovotrack.com\/pt-br\/wp-json\/wp\/v2\/media?parent=4168"}],"curies":[{"name":"wp","href":"https:\/\/api.w.org\/{rel}","templated":true}]}}