{"id":4115,"date":"2020-06-05T16:00:31","date_gmt":"2020-06-05T14:00:31","guid":{"rendered":"https:\/\/ovotrack.com\/?page_id=4115"},"modified":"2021-01-18T09:51:41","modified_gmt":"2021-01-18T08:51:41","slug":"identificador-de-carga-de-ovos-eci","status":"publish","type":"page","link":"https:\/\/ovotrack.com\/pt-br\/modulos-de-classificacao\/identificador-de-carga-de-ovos-eci\/","title":{"rendered":"Identificador de carga de ovos (ECI)"},"content":{"rendered":"\t\t<div id=\"pootle-page-builder\">\n\t\t\t<!----------Pootle Page Builder Inline Styles---------->\n\t\t\t<style id=\"pootle-live-editor-styles\" type=\"text\/css\" media=\"all\">\n\t\t\t\t#pgc-4115-1-0 { width:24.019% } #pgc-4115-1-1 { width:71.981% } #pgc-4115-3-0 { width:23.039% } #pgc-4115-3-1 { width:21.817% } #pgc-4115-3-2 { width:25.305% } #pgc-4115-3-3 { width:23.65% } .panel-grid-cell .panel { margin-bottom: 0px } @media ( max-width:780px ) { #pootle-page-builder .panel-grid-cell-container .panel-grid-cell { width:100%;flex: 1 0; } #pootle-page-builder .panel-grid-cell-container { flex-direction: column; } .panel-grid-cell:not(:last-child) { margin-bottom: 0px } .ppb-no-mobile-spacing { padding: 0 !important; margin: 0 !important; } .hide-on-mobile { display: none } br.rwd { display: block } .ppb-mobile-behaviour-2.ppb-block { margin-left:auto!important;margin-right:auto!important;margin-top:auto!important;margin-bottom:auto!important } .panel-grid { margin-left: 0 !important; margin-right: 0 !important; } .panel-grid-cell { padding: 0 !important; max-width: 100% !important; }  } \t\t\t<\/style>\n\t\t\t<div class=\"panel-grid ppb-row\" id=\"pg-4115-0\" style=\"margin-top: 40px;margin-bottom: 0;\" ><div class=\"ppb-row panel-row-style panel-row-style- \" style=\"\" ><style>#pg-4115-0 .panel-grid-cell { padding: 0 0.5% 0; }<\/style><div class='panel-grid-cell-container'><div class=\"ppb-col panel-grid-cell \" id=\"pgc-4115-0-0\" ><div id=\"panel-4115-0-0-0\" class=\"ppb-block ppb-no-mobile-spacing\" style=\"\" ><h1>Identificador de carga de ovos (ECI)<\/h1><\/div><\/div><\/div><!--.panel-grid-cell-container--><\/div><!--.panel-row-style--><\/div><!--.panel-grid--><div class=\"panel-grid ppb-row\" id=\"pg-4115-1\" style=\"margin-bottom: 0;\" ><div class=\"ppb-row panel-row-style panel-row-style- \" style=\"\" ><style>#pg-4115-1 .panel-grid-cell { padding: 0 2% 0; }<\/style><div class='panel-grid-cell-container'><div class=\"ppb-col panel-grid-cell \" id=\"pgc-4115-1-0\" ><div id=\"panel-4115-1-0-0\" class=\"ppb-block ppb-no-mobile-spacing\" style=\"\" ><p>\n<img loading=\"lazy\" decoding=\"async\" class=\"aligncenter size-medium wp-image-704\" src=\"https:\/\/ovotrack.com\/wp-content\/uploads\/2018\/02\/Egg-Cargo-Identifier-277x300.jpg\" alt=\"\" width=\"277\" height=\"300\" srcset=\"https:\/\/ovotrack.com\/wp-content\/uploads\/2018\/02\/Egg-Cargo-Identifier-277x300.jpg 277w, https:\/\/ovotrack.com\/wp-content\/uploads\/2018\/02\/Egg-Cargo-Identifier.jpg 300w\" sizes=\"auto, (max-width: 277px) 100vw, 277px\" \/>\n<\/p><\/div><\/div><div class=\"ppb-col panel-grid-cell \" id=\"pgc-4115-1-1\" ><div id=\"panel-4115-1-1-0\" class=\"ppb-block ppb-no-mobile-spacing\" style=\"margin-left: 1px;max-width: 771px;\" ><p>\nEm caso de despaletiza\u00e7\u00e3o autom\u00e1tica no carregador da m\u00e1quina de classifica\u00e7\u00e3o, n\u00e3o h\u00e1 operadores para operar uma mudan\u00e7a de lote. Especialmente com a introdu\u00e7\u00e3o do <a href=\"https:\/\/gi-ovo.com\/our-brands\/eggscargosystem\/\" target=\"_blank\" rel=\"noopener\" data-mce-href=\"https:\/\/gi-ovo.com\/our-brands\/eggscargosystem\/\">Sistema de Carga de Ovos<\/a>, a despaletiza\u00e7\u00e3o autom\u00e1tica torna-se cada vez mais interessante para os centros de classifica\u00e7\u00e3o de ovos. Ovotrack BV e Twinpack desenvolveram, portanto, o Identificador de Carga de Ovos ou ECI. Esta \u00e9 uma etiqueta de pl\u00e1stico patenteada com um c\u00f3digo de barras \u00fanico que pode ser clicado no canto superior do palete.\n<\/p><p>\nNa posi\u00e7\u00e3o de troca de lote no carregador da m\u00e1quina de classifica\u00e7\u00e3o, um scanner fixo \u00e9 instalado para ler o c\u00f3digo de barras da tag ECI e ativar a mudan\u00e7a de um fornecedor para outro. Ap\u00f3s a altera\u00e7\u00e3o de lote, a tag ECI usa sistemas de detec\u00e7\u00e3o de bandejas sujas existentes na m\u00e1quina de classifica\u00e7\u00e3o para retir\u00e1-los das bandejas.\n<\/p><p>\nIsso tamb\u00e9m \u00e9 mais confi\u00e1vel em opera\u00e7\u00f5es manuais do que o procedimento atual em que as pessoas t\u00eam que apertar um bot\u00e3o ou puxar uma bandeira no momento correto da mudan\u00e7a de lote.\n<\/p><p>\nOvotrack ECI \u00e9 uma extens\u00e3o do Ovotrack Carregador e consiste em software Ovotrack, um scanner fixo e uma s\u00e9rie de tags ECI.\n<\/p><\/div><\/div><\/div><!--.panel-grid-cell-container--><\/div><!--.panel-row-style--><\/div><!--.panel-grid--><div class=\"panel-grid ppb-row\" id=\"pg-4115-2\" style=\"margin-bottom: 0;\" ><div class=\"ppb-row panel-row-style panel-row-style-  ppb-stretch-full-width ppb-stretch-full-width-1 ppb-full-width-no-bg\" style=\"background-color: #f69f07;\" ><style>#pg-4115-2 .panel-grid-cell { padding: 0 0.5% 0; }<\/style><div class='panel-grid-cell-container'><div class=\"ppb-col panel-grid-cell \" id=\"pgc-4115-2-0\" ><div id=\"panel-4115-2-0-0\" class=\"ppb-block ppb-mobile-behaviour-1\" style=\"margin-top: 20px;\" ><h2 style=\"text-align: center;\" data-mce-style=\"text-align: center;\"><span style=\"color: #ffffff;\" data-mce-style=\"color: #ffffff;\">Veja os outros m\u00f3dulos de software para classifica\u00e7\u00e3o<\/span><\/h2><\/div><\/div><\/div><!--.panel-grid-cell-container--><\/div><!--.panel-row-style--><\/div><!--.panel-grid--><div class=\"panel-grid ppb-row\" id=\"pg-4115-3\" style=\"margin-bottom: 0;\" ><div class=\"ppb-row panel-row-style panel-row-style-  ppb-stretch-full-width ppb-stretch-full-width-1 ppb-full-width-no-bg\" style=\"background-color: #f69f07;\" ><style>#pg-4115-3 .panel-grid-cell { padding: 0 1% 0; }<\/style><div class='panel-grid-cell-container'><div class=\"ppb-col panel-grid-cell ppb-desktop-transparent\" id=\"pgc-4115-3-0\" data--100-bottom-top=\"@data-animation:!FadeInUp\" data-bottom-top=\"@data-animation:!0\" ><div id=\"panel-4115-3-0-0\" class=\"ppb-block ppb-mobile-behaviour-1\" style=\"color: #ffffff;margin-top: 10px;margin-bottom: 20px;margin-left: 2px;max-width: 244px;\" ><p style=\"text-align: left;\" data-mce-style=\"text-align: left;\"><strong>ANTES DA CLASSIFICA\u00c7\u00c3O<\/strong>\n<\/p><p>\n<span style=\"color: rgb(255, 255, 255);\" data-mce-style=\"color: #ffffff;\"><a data-mce-href=\"https:\/\/ovotrack.com\/pt-br\/modulos-de-classificacao\/base-de-dados\/\" href=\"https:\/\/ovotrack.com\/pt-br\/modulos-de-classificacao\/base-de-dados\/\" style=\"color: rgb(255, 255, 255);\" data-mce-style=\"color: #ffffff;\">Base de Dados<\/a><\/span><br><span style=\"color: rgb(255, 255, 255);\" data-mce-style=\"color: #ffffff;\"><a data-mce-href=\"https:\/\/ovotrack.com\/pt-br\/modulos-de-classificacao\/impressao-de-etiquetas-de-granja\/\" href=\"https:\/\/ovotrack.com\/pt-br\/modulos-de-classificacao\/impressao-de-etiquetas-de-granja\/\" style=\"color: rgb(255, 255, 255);\" data-mce-style=\"color: #ffffff;\">Impress\u00e3o de Etiquetas de Granja<\/a><\/span><br><a data-mce-href=\"https:\/\/ovotrack.com\/pt-br\/modulos-de-classificacao\/eggs-cargo-traq\/\" href=\"https:\/\/ovotrack.com\/pt-br\/modulos-de-classificacao\/eggs-cargo-traq\/\"><span style=\"color: rgb(255, 255, 255);\" data-mce-style=\"color: #ffffff;\">Eggs Cargo Traq<\/span><\/a><br><span style=\"color: rgb(255, 255, 255);\" data-mce-style=\"color: #ffffff;\"><a data-mce-href=\"https:\/\/ovotrack.com\/pt-br\/modulos-de-classificacao\/escaneamento-na-granja\/\" href=\"https:\/\/ovotrack.com\/pt-br\/modulos-de-classificacao\/escaneamento-na-granja\/\" style=\"color: rgb(255, 255, 255);\" data-mce-style=\"color: #ffffff;\">Escaneamento na Granja<\/a><\/span><br><span style=\"color: rgb(255, 255, 255);\" data-mce-style=\"color: #ffffff;\"><a data-mce-href=\"https:\/\/ovotrack.com\/pt-br\/modulos-de-classificacao\/pesos-de-caminhoes\/\" href=\"https:\/\/ovotrack.com\/pt-br\/modulos-de-classificacao\/pesos-de-caminhoes\/\" style=\"color: rgb(255, 255, 255);\" data-mce-style=\"color: #ffffff;\">Pesos de Caminh\u00f5es<\/a><\/span><br><span style=\"color: rgb(255, 255, 255);\" data-mce-style=\"color: #ffffff;\"><a data-mce-href=\"https:\/\/ovotrack.com\/pt-br\/modulos-de-classificacao\/recebimento\/\" href=\"https:\/\/ovotrack.com\/pt-br\/modulos-de-classificacao\/recebimento\/\" style=\"color: rgb(255, 255, 255);\" data-mce-style=\"color: #ffffff;\">Recebimento<\/a><\/span><br><span style=\"color: rgb(255, 255, 255);\" data-mce-style=\"color: #ffffff;\"><a data-mce-href=\"https:\/\/ovotrack.com\/pt-br\/modulos-de-classificacao\/recebimento-ovos-classificados\/\" href=\"https:\/\/ovotrack.com\/pt-br\/modulos-de-classificacao\/recebimento-ovos-classificados\/\" style=\"color: rgb(255, 255, 255);\" data-mce-style=\"color: #ffffff;\">Recebimento Ovos Classificados<br><\/a><a data-mce-href=\"https:\/\/ovotrack.com\/pt-br\/modulos-de-classificacao\/ovos-nao-conformes-da-granja\/\" href=\"https:\/\/ovotrack.com\/pt-br\/modulos-de-classificacao\/ovos-nao-conformes-da-granja\/\" style=\"color: rgb(255, 255, 255);\" data-mce-style=\"color: #ffffff;\">Ovos n\u00e3o conformes da Granja<\/a><br><a data-mce-href=\"https:\/\/ovotrack.com\/pt-br\/modulos-de-classificacao\/embalagem\/\" href=\"https:\/\/ovotrack.com\/pt-br\/modulos-de-classificacao\/embalagem\/\" style=\"color: rgb(255, 255, 255);\" data-mce-style=\"color: #ffffff;\">Embalagem<\/a><br><\/span><a data-mce-href=\"https:\/\/ovotrack.com\/pt-br\/modulos-de-classificacao\/qualidade-do-ovo\/\" href=\"https:\/\/ovotrack.com\/pt-br\/modulos-de-classificacao\/qualidade-do-ovo\/\" data-mce-selected=\"inline-boundary\">Qualidade do Ovo<\/a><br>\n<\/p><\/div><\/div><div class=\"ppb-col panel-grid-cell ppb-desktop-transparent\" id=\"pgc-4115-3-1\" data--100-bottom-top=\"@data-animation:!FadeInUp\" data-bottom-top=\"@data-animation:!0\" ><div id=\"panel-4115-3-1-0\" class=\"ppb-block ppb-mobile-behaviour-1\" style=\"color: #ffffff;margin-top: 10px;margin-bottom: 20px;margin-left: 2px;max-width: 251px;\" ><p style=\"text-align: left;\" data-mce-style=\"text-align: left;\"><strong>DURANTE LA CLASSIFICA\u00c7\u00c3O<\/strong>\n<\/p><p>\n<span style=\"color: rgb(255, 255, 255);\" data-mce-style=\"color: #ffffff;\"><a data-mce-href=\"\/pt-br?page_id=4140\" href=\"https:\/\/ovotrack.com\/pt-br\/modulos-de-classificacao\/carregador\/\" style=\"color: rgb(255, 255, 255);\" data-mce-style=\"color: #ffffff;\">Carregador<\/a><\/span><br><span style=\"text-decoration: underline; color: rgb(235, 235, 235);\" data-mce-style=\"text-decoration: underline; color: #ebebeb;\"><a data-mce-href=\"\/pt-br?page_id=4115\" href=\"https:\/\/ovotrack.com\/pt-br\/modulos-de-classificacao\/identificador-de-carga-de-ovos-eci\/\" style=\"color: rgb(235, 235, 235); text-decoration: underline;\" data-mce-style=\"color: #ebebeb; text-decoration: underline;\" data-mce-selected=\"inline-boundary\">ECI\ufeff<\/a><\/span><br><span style=\"color: rgb(255, 255, 255);\" data-mce-style=\"color: #ffffff;\"><a data-mce-href=\"\/pt-br?page_id=4135\" href=\"https:\/\/ovotrack.com\/pt-br\/modulos-de-classificacao\/resultados-de-classificacao\/\" style=\"color: rgb(255, 255, 255);\" data-mce-style=\"color: #ffffff;\">Resultados de Classifica\u00e7\u00e3o<\/a><br><a data-mce-href=\"\/pt-br?page_id=4103\" href=\"https:\/\/ovotrack.com\/pt-br\/modulos-de-classificacao\/balanceamento-de-ovos\/\" style=\"color: rgb(255, 255, 255);\" data-mce-style=\"color: #ffffff;\">Balanceamento de Ovos<\/a><br><br><\/span>\n<\/p><\/div><\/div><div class=\"ppb-col panel-grid-cell ppb-desktop-transparent\" id=\"pgc-4115-3-2\" data--100-bottom-top=\"@data-animation:!FadeInUp\" data-bottom-top=\"@data-animation:!0\" ><div id=\"panel-4115-3-2-0\" class=\"ppb-block ppb-mobile-behaviour-1\" style=\"color: #ffffff;margin-top: 10px;margin-bottom: 20px;\" ><p style=\"text-align: left;\" data-mce-style=\"text-align: left;\"><strong>DEPOIS DA&nbsp;CLASSIFICA\u00c7\u00c3O<\/strong>\n<\/p><p>\n<span style=\"color: rgb(255, 255, 255);\" data-mce-style=\"color: #ffffff;\"><a data-mce-href=\"https:\/\/ovotrack.com\/pt-br\/modulos-de-classificacao\/fim-da-linha\/\" href=\"https:\/\/ovotrack.com\/pt-br\/modulos-de-classificacao\/fim-da-linha\/\" style=\"color: rgb(255, 255, 255);\" data-mce-style=\"color: #ffffff;\">Fim da Linha<br><\/a><a data-mce-href=\"https:\/\/ovotrack.com\/pt-br\/modulos-de-classificacao\/ovos-nao-conformes-da-classificadora\/\" href=\"https:\/\/ovotrack.com\/pt-br\/modulos-de-classificacao\/ovos-nao-conformes-da-classificadora\/\" style=\"color: rgb(255, 255, 255);\" data-mce-style=\"color: #ffffff;\">Ovos n\u00e3o Conformes da Classificadora<\/a><br><\/span><span style=\"color: rgb(255, 255, 255);\" data-mce-style=\"color: #ffffff;\"><a data-mce-href=\"https:\/\/ovotrack.com\/pt-br\/modulos-de-classificacao\/imprimir-e-aplicar\/\" href=\"https:\/\/ovotrack.com\/pt-br\/modulos-de-classificacao\/imprimir-e-aplicar\/\" style=\"color: rgb(255, 255, 255);\" data-mce-style=\"color: #ffffff;\">Imprimir e Aplicar<\/a><br><a data-mce-href=\"https:\/\/ovotrack.com\/pt-br\/modulos-de-classificacao\/reembalagem\/\" href=\"https:\/\/ovotrack.com\/pt-br\/modulos-de-classificacao\/reembalagem\/\" style=\"color: rgb(255, 255, 255);\" data-mce-style=\"color: #ffffff;\">Reembalagem\ufeff<\/a><\/span><br><span style=\"color: rgb(255, 255, 255);\" data-mce-style=\"color: #ffffff;\"><a data-mce-href=\"https:\/\/ovotrack.com\/pt-br\/modulos-de-classificacao\/paletizacao\/\" href=\"https:\/\/ovotrack.com\/pt-br\/modulos-de-classificacao\/paletizacao\/\" style=\"color: rgb(255, 255, 255);\" data-mce-style=\"color: #ffffff;\" data-mce-selected=\"inline-boundary\">Paletiza\u00e7\u00e3o\ufeff<\/a><\/span><br><a data-mce-href=\"https:\/\/ovotrack.com\/pt-br\/modulos-de-classificacao\/etiqueta-de-palete-sscc\/\" href=\"https:\/\/ovotrack.com\/pt-br\/modulos-de-classificacao\/etiqueta-de-palete-sscc\/\"><span style=\"color: rgb(255, 255, 255);\" data-mce-style=\"color: #ffffff;\">Etiqueta de Palete SSCC<\/span><\/a><br><span style=\"color: rgb(255, 255, 255);\" data-mce-style=\"color: #ffffff;\"><a data-mce-href=\"https:\/\/ovotrack.com\/pt-br\/modulos-de-classificacao\/expedicao\/\" href=\"https:\/\/ovotrack.com\/pt-br\/modulos-de-classificacao\/expedicao\/\" style=\"color: rgb(255, 255, 255);\" data-mce-style=\"color: #ffffff;\">Expedi\u00e7\u00e3o<\/a><\/span>\n<\/p><\/div><\/div><div class=\"ppb-col panel-grid-cell ppb-desktop-transparent\" id=\"pgc-4115-3-3\" data--100-bottom-top=\"@data-animation:!FadeInUp\" data-bottom-top=\"@data-animation:!0\" ><div id=\"panel-4115-3-3-0\" class=\"ppb-block ppb-mobile-behaviour-1\" style=\"color: #ffffff;margin-top: 10px;margin-bottom: 20px;margin-left: 2px;max-width: 268px;\" ><p style=\"text-align: left;\" data-mce-style=\"text-align: left;\"><strong>OUTROS M\u00d3DULOS<\/strong>\n<\/p><p>\n<span style=\"color: rgb(255, 255, 255);\" data-mce-style=\"color: #ffffff;\"><a data-mce-href=\"https:\/\/ovotrack.com\/pt-br\/modulos-de-classificacao\/avisos-no-recebimento\/\" href=\"https:\/\/ovotrack.com\/pt-br\/modulos-de-classificacao\/avisos-no-recebimento\/\" style=\"color: rgb(255, 255, 255);\" data-mce-style=\"color: #ffffff;\">Avisos no Recebimento<br><\/a><a data-mce-href=\"https:\/\/ovotrack.com\/pt-br\/modulos-de-classificacao\/paletizacao-autonoma\/\" href=\"https:\/\/ovotrack.com\/pt-br\/modulos-de-classificacao\/paletizacao-autonoma\/\" style=\"color: rgb(255, 255, 255);\" data-mce-style=\"color: #ffffff;\">Paletiza\u00e7\u00e3o Aut\u00f4noma<\/a><br><a data-mce-href=\"https:\/\/ovotrack.com\/pt-br\/modulos-de-classificacao\/localizacao-de-estoque\/\" href=\"https:\/\/ovotrack.com\/pt-br\/modulos-de-classificacao\/localizacao-de-estoque\/\" style=\"color: rgb(255, 255, 255);\" data-mce-style=\"color: #ffffff;\">Localiza\u00e7\u00e3o de Estoque<br><\/a><a data-mce-href=\"https:\/\/ovotrack.com\/pt-br\/modulos-de-classificacao\/organizador-de-tarefas\/\" href=\"https:\/\/ovotrack.com\/pt-br\/modulos-de-classificacao\/organizador-de-tarefas\/\" style=\"color: rgb(255, 255, 255);\" data-mce-style=\"color: #ffffff;\">Organizador de Tarefas<\/a><br><a data-mce-href=\"https:\/\/ovotrack.com\/pt-br\/modulos-de-classificacao\/atualizacao-de-dados-de-etiquetas\/\" href=\"https:\/\/ovotrack.com\/pt-br\/modulos-de-classificacao\/atualizacao-de-dados-de-etiquetas\/\" style=\"color: rgb(255, 255, 255);\" data-mce-style=\"color: #ffffff;\">Atualiza\u00e7\u00e3o de Dados de Etiquetas<br><\/a><a data-mce-href=\"https:\/\/ovotrack.com\/pt-br\/modulos-de-classificacao\/verificacao-de-origem\/\" href=\"https:\/\/ovotrack.com\/pt-br\/modulos-de-classificacao\/verificacao-de-origem\/\" data-mce-selected=\"inline-boundary\" style=\"color: rgb(255, 255, 255);\" data-mce-style=\"color: #ffffff;\">Verifica\u00e7\u00e3o de Origem<\/a><\/span><br><br>\n<\/p><\/div><\/div><\/div><!--.panel-grid-cell-container--><\/div><!--.panel-row-style--><\/div><!--.panel-grid--><div class=\"panel-grid ppb-row\" id=\"pg-4115-4\" style=\"margin-bottom: 0;\" ><div class=\"ppb-row panel-row-style panel-row-style-  ppb-stretch-full-width ppb-stretch-full-width-1 ppb-full-width-no-bg\" style=\"background-image: url( https:\/\/ovotrack.com\/wp-content\/uploads\/2018\/03\/Barcode.jpg ); background-size: cover; background-repeat: no-repeat; min-height:15px;\" ><style>#pg-4115-4 .panel-grid-cell { padding: 0 0.5% 0; }<\/style><div class='panel-grid-cell-container'><div class=\"ppb-col panel-grid-cell \" id=\"pgc-4115-4-0\" ><\/div><\/div><!--.panel-grid-cell-container--><\/div><!--.panel-row-style--><\/div><!--.panel-grid-->\t\t<\/div>\n\t\t","protected":false},"excerpt":{"rendered":"<p>Identificador de carga de ovos (ECI) Em caso de despaletiza\u00e7\u00e3o autom\u00e1tica no carregador da m\u00e1quina de classifica\u00e7\u00e3o, n\u00e3o h\u00e1 operadores para operar uma mudan\u00e7a de lote. Especialmente com a introdu\u00e7\u00e3o do Sistema de Carga de Ovos, a despaletiza\u00e7\u00e3o autom\u00e1tica torna-se cada vez mais interessante para os centros de classifica\u00e7\u00e3o de ovos. Ovotrack BV e Twinpack [&hellip;]<\/p>\n","protected":false},"author":5,"featured_media":0,"parent":4076,"menu_order":0,"comment_status":"closed","ping_status":"closed","template":"","meta":{"footnotes":""},"class_list":["post-4115","page","type-page","status-publish","hentry"],"_links":{"self":[{"href":"https:\/\/ovotrack.com\/pt-br\/wp-json\/wp\/v2\/pages\/4115","targetHints":{"allow":["GET"]}}],"collection":[{"href":"https:\/\/ovotrack.com\/pt-br\/wp-json\/wp\/v2\/pages"}],"about":[{"href":"https:\/\/ovotrack.com\/pt-br\/wp-json\/wp\/v2\/types\/page"}],"author":[{"embeddable":true,"href":"https:\/\/ovotrack.com\/pt-br\/wp-json\/wp\/v2\/users\/5"}],"replies":[{"embeddable":true,"href":"https:\/\/ovotrack.com\/pt-br\/wp-json\/wp\/v2\/comments?post=4115"}],"version-history":[{"count":9,"href":"https:\/\/ovotrack.com\/pt-br\/wp-json\/wp\/v2\/pages\/4115\/revisions"}],"predecessor-version":[{"id":6186,"href":"https:\/\/ovotrack.com\/pt-br\/wp-json\/wp\/v2\/pages\/4115\/revisions\/6186"}],"up":[{"embeddable":true,"href":"https:\/\/ovotrack.com\/pt-br\/wp-json\/wp\/v2\/pages\/4076"}],"wp:attachment":[{"href":"https:\/\/ovotrack.com\/pt-br\/wp-json\/wp\/v2\/media?parent=4115"}],"curies":[{"name":"wp","href":"https:\/\/api.w.org\/{rel}","templated":true}]}}