{"id":4112,"date":"2020-06-05T15:56:29","date_gmt":"2020-06-05T13:56:29","guid":{"rendered":"https:\/\/ovotrack.com\/?page_id=4112"},"modified":"2020-12-16T10:59:41","modified_gmt":"2020-12-16T09:59:41","slug":"qualidade-do-ovo","status":"publish","type":"page","link":"https:\/\/ovotrack.com\/pt-br\/modulos-de-classificacao\/qualidade-do-ovo\/","title":{"rendered":"Qualidade do ovo"},"content":{"rendered":"\t\t<div id=\"pootle-page-builder\">\n\t\t\t<!----------Pootle Page Builder Inline Styles---------->\n\t\t\t<style id=\"pootle-live-editor-styles\" type=\"text\/css\" media=\"all\">\n\t\t\t\t#pgc-4112-1-0 { width:24.019% } #pgc-4112-1-1 { width:71.981% } #pgc-4112-2-0 , #pgc-4112-2-2 { width:28.464% } #pgc-4112-2-1 { width:41.072% } .panel-grid-cell .panel { margin-bottom: 0px } @media ( max-width:780px ) { #pootle-page-builder .panel-grid-cell-container .panel-grid-cell { width:100%;flex: 1 0; } #pootle-page-builder .panel-grid-cell-container { flex-direction: column; } .panel-grid-cell:not(:last-child) { margin-bottom: 0px } .ppb-no-mobile-spacing { padding: 0 !important; margin: 0 !important; } .hide-on-mobile { display: none } br.rwd { display: block } .ppb-mobile-behaviour-2.ppb-block { margin-left:auto!important;margin-right:auto!important;margin-top:auto!important;margin-bottom:auto!important } .panel-grid { margin-left: 0 !important; margin-right: 0 !important; } .panel-grid-cell { padding: 0 !important; max-width: 100% !important; }  } \t\t\t<\/style>\n\t\t\t<div class=\"panel-grid ppb-row\" id=\"pg-4112-0\" style=\"margin-top: 40px;margin-bottom: 0;\" ><div class=\"ppb-row panel-row-style panel-row-style- \" style=\"\" ><style>#pg-4112-0 .panel-grid-cell { padding: 0 0.5% 0; }<\/style><div class='panel-grid-cell-container'><div class=\"ppb-col panel-grid-cell \" id=\"pgc-4112-0-0\" ><div id=\"panel-4112-0-0-0\" class=\"ppb-block ppb-no-mobile-spacing\" style=\"\" ><h1>Qualidade do ovo<\/h1><\/div><\/div><\/div><!--.panel-grid-cell-container--><\/div><!--.panel-row-style--><\/div><!--.panel-grid--><div class=\"panel-grid ppb-row\" id=\"pg-4112-1\" style=\"margin-bottom: 0;\" ><div class=\"ppb-row panel-row-style panel-row-style- \" style=\"\" ><style>#pg-4112-1 .panel-grid-cell { padding: 0 2% 0; }<\/style><div class='panel-grid-cell-container'><div class=\"ppb-col panel-grid-cell \" id=\"pgc-4112-1-0\" ><div id=\"panel-4112-1-0-0\" class=\"ppb-block ppb-no-mobile-spacing\" style=\"\" ><p>\n<img loading=\"lazy\" decoding=\"async\" class=\"aligncenter size-medium wp-image-708\" src=\"https:\/\/ovotrack.com\/wp-content\/uploads\/2018\/02\/Kwaliteitscontrole-300x188.jpg\" alt=\"\" width=\"300\" height=\"188\" srcset=\"https:\/\/ovotrack.com\/wp-content\/uploads\/2018\/02\/Kwaliteitscontrole-300x188.jpg 300w, https:\/\/ovotrack.com\/wp-content\/uploads\/2018\/02\/Kwaliteitscontrole.jpg 600w\" sizes=\"auto, (max-width: 300px) 100vw, 300px\" \/>\n<\/p><\/div><\/div><div class=\"ppb-col panel-grid-cell \" id=\"pgc-4112-1-1\" ><div id=\"panel-4112-1-1-0\" class=\"ppb-block ppb-no-mobile-spacing\" style=\"\" ><p>\nNa maioria dos centros de classifica\u00e7\u00e3o de ovos, no recebimento dos ovos s\u00e3o testados para unidades Haugh, cor da gema e resist\u00eancias da casca. \u00c0s vezes, nesses ovos tamb\u00e9m \u00e9 feita uma ovoscopia manualmente para ter uma id\u00e9ia de sua qualidade. Com o Ovotrack Qualidade, esses resultados de teste podem ser armazenados automaticamente no banco de dados Ovotrack.\n<\/p><p>\nDurante o recebimento, ser\u00e1 impressa uma etiqueta extra para a amostra de ovos a ser testada. Esta etiqueta ir\u00e1 com os ovos para o laborat\u00f3rio. O m\u00f3dulo Ovotrack Qualidade ser\u00e1 instalado em um PC existente no laborat\u00f3rio. Antes de realizar o teste, o c\u00f3digo de barras na etiqueta \u00e9 escaneado com um scanner sem fio Ovotrack. Ap\u00f3s a conclus\u00e3o do teste, os resultados podem ser importados para o Ovotrack Qualidade. Os resultados ser\u00e3o armazenados no banco de dados Ovotrack sob o ID do palete original e estar\u00e1 dispon\u00edvel para mais relat\u00f3rios.\n<\/p><\/div><\/div><\/div><!--.panel-grid-cell-container--><\/div><!--.panel-row-style--><\/div><!--.panel-grid--><div class=\"panel-grid ppb-row\" id=\"pg-4112-2\" style=\"margin-bottom: 40px;\" ><div class=\"ppb-row panel-row-style panel-row-style- \" style=\"\" ><style>#pg-4112-2 .panel-grid-cell { padding: 0 0.5% 0; }<\/style><div class='panel-grid-cell-container'><div class=\"ppb-col panel-grid-cell \" id=\"pgc-4112-2-0\" ><div id=\"panel-4112-2-0-0\" class=\"ppb-block ppb-no-mobile-spacing\" style=\"margin-top: 125px;\" ><p>\n<a href=\"https:\/\/ovotrack.com\/pt-br\/modulos-de-classificacao\/embalagem\/\" data-mce-href=\"https:\/\/ovotrack.com\/pt-br\/modulos-de-classificacao\/embalagem\/\" data-mce-selected=\"inline-boundary\">\u2039 Embalagem<\/a>\n<\/p><\/div><\/div><div class=\"ppb-col panel-grid-cell \" id=\"pgc-4112-2-1\" ><div id=\"panel-4112-2-1-0\" class=\"ppb-block ppb-no-mobile-spacing\" style=\"\" ><p>\n<a href=\"https:\/\/ovotrack.com\/pt-br\/modulos\/\" data-mce-href=\"https:\/\/ovotrack.com\/pt-br\/modulos\/\" data-mce-selected=\"inline-boundary\"><img loading=\"lazy\" decoding=\"async\" class=\"aligncenter size-full wp-image-4801\" src=\"https:\/\/ovotrack.com\/wp-content\/uploads\/2020\/06\/Ovotrack-Solutions-Portugese-back.jpg\" alt=\"\" width=\"600\" height=\"362\" data-mce-src=\"https:\/\/ovotrack.com\/wp-content\/uploads\/2020\/06\/Ovotrack-Solutions-Portugese-back.jpg\" data-mce-selected=\"1\"><\/a>\n<\/p><div id=\"mceResizeHandlenw\" data-mce-bogus=\"all\" class=\"mce-resizehandle\" unselectable=\"true\" data-mce-style=\"cursor: nw-resize; margin: 0px; padding: 0px; left: -5px; top: -4.5px;\" style=\"cursor: nw-resize; margin: 0px; padding: 0px; left: -5px; top: -4.5px;\"><\/div><div id=\"mceResizeHandlene\" data-mce-bogus=\"all\" class=\"mce-resizehandle\" unselectable=\"true\" data-mce-style=\"cursor: ne-resize; margin: 0px; padding: 0px; left: 432.925px; top: -4.5px;\" style=\"cursor: ne-resize; margin: 0px; padding: 0px; left: 432.925px; top: -4.5px;\"><\/div><div id=\"mceResizeHandlese\" data-mce-bogus=\"all\" class=\"mce-resizehandle\" unselectable=\"true\" data-mce-style=\"cursor: se-resize; margin: 0px; padding: 0px; left: 432.925px; top: 259.712px;\" style=\"cursor: se-resize; margin: 0px; padding: 0px; left: 432.925px; top: 259.712px;\"><\/div><div id=\"mceResizeHandlesw\" data-mce-bogus=\"all\" class=\"mce-resizehandle\" unselectable=\"true\" data-mce-style=\"cursor: sw-resize; margin: 0px; padding: 0px; left: -5px; top: 259.712px;\" style=\"cursor: sw-resize; margin: 0px; padding: 0px; left: -5px; top: 259.712px;\"><\/div><\/div><\/div><div class=\"ppb-col panel-grid-cell \" id=\"pgc-4112-2-2\" ><div id=\"panel-4112-2-2-0\" class=\"ppb-block ppb-no-mobile-spacing\" style=\"margin-top: 125px;\" ><p style=\"text-align: right;\" data-mce-style=\"text-align: right;\"><a href=\"https:\/\/ovotrack.com\/pt-br\/modulos-de-classificacao\/carregador\/\" data-mce-href=\"https:\/\/ovotrack.com\/pt-br\/modulos-de-classificacao\/carregador\/\" data-mce-selected=\"inline-boundary\">\ufeffCarregador \u203a<\/a>\n<\/p><\/div><\/div><\/div><!--.panel-grid-cell-container--><\/div><!--.panel-row-style--><\/div><!--.panel-grid--><div class=\"panel-grid ppb-row\" id=\"pg-4112-3\" style=\"margin-bottom: 0;\" ><div class=\"ppb-row panel-row-style panel-row-style-  ppb-stretch-full-width ppb-stretch-full-width-1 ppb-full-width-no-bg\" style=\"background-image: url( https:\/\/ovotrack.com\/wp-content\/uploads\/2018\/03\/Barcode.jpg ); background-size: cover; background-repeat: no-repeat; min-height:15px;\" ><style>#pg-4112-3 .panel-grid-cell { padding: 0 0.5% 0; }<\/style><div class='panel-grid-cell-container'><div class=\"ppb-col panel-grid-cell \" id=\"pgc-4112-3-0\" ><\/div><\/div><!--.panel-grid-cell-container--><\/div><!--.panel-row-style--><\/div><!--.panel-grid-->\t\t<\/div>\n\t\t","protected":false},"excerpt":{"rendered":"<p>Qualidade do ovo Na maioria dos centros de classifica\u00e7\u00e3o de ovos, no recebimento dos ovos s\u00e3o testados para unidades Haugh, cor da gema e resist\u00eancias da casca. \u00c0s vezes, nesses ovos tamb\u00e9m \u00e9 feita uma ovoscopia manualmente para ter uma id\u00e9ia de sua qualidade. Com o Ovotrack Qualidade, esses resultados de teste podem ser armazenados [&hellip;]<\/p>\n","protected":false},"author":5,"featured_media":0,"parent":4076,"menu_order":0,"comment_status":"closed","ping_status":"closed","template":"","meta":{"footnotes":""},"class_list":["post-4112","page","type-page","status-publish","hentry"],"_links":{"self":[{"href":"https:\/\/ovotrack.com\/pt-br\/wp-json\/wp\/v2\/pages\/4112","targetHints":{"allow":["GET"]}}],"collection":[{"href":"https:\/\/ovotrack.com\/pt-br\/wp-json\/wp\/v2\/pages"}],"about":[{"href":"https:\/\/ovotrack.com\/pt-br\/wp-json\/wp\/v2\/types\/page"}],"author":[{"embeddable":true,"href":"https:\/\/ovotrack.com\/pt-br\/wp-json\/wp\/v2\/users\/5"}],"replies":[{"embeddable":true,"href":"https:\/\/ovotrack.com\/pt-br\/wp-json\/wp\/v2\/comments?post=4112"}],"version-history":[{"count":7,"href":"https:\/\/ovotrack.com\/pt-br\/wp-json\/wp\/v2\/pages\/4112\/revisions"}],"predecessor-version":[{"id":5768,"href":"https:\/\/ovotrack.com\/pt-br\/wp-json\/wp\/v2\/pages\/4112\/revisions\/5768"}],"up":[{"embeddable":true,"href":"https:\/\/ovotrack.com\/pt-br\/wp-json\/wp\/v2\/pages\/4076"}],"wp:attachment":[{"href":"https:\/\/ovotrack.com\/pt-br\/wp-json\/wp\/v2\/media?parent=4112"}],"curies":[{"name":"wp","href":"https:\/\/api.w.org\/{rel}","templated":true}]}}