{"id":4108,"date":"2020-06-11T16:47:05","date_gmt":"2020-06-11T14:47:05","guid":{"rendered":"https:\/\/ovotrack.com\/?page_id=4108"},"modified":"2020-06-30T12:35:28","modified_gmt":"2020-06-30T10:35:28","slug":"processamento-de-ovos","status":"publish","type":"page","link":"https:\/\/ovotrack.com\/pt-br\/modulos-de-classificacao\/processamento-de-ovos\/","title":{"rendered":"Processamento de ovos"},"content":{"rendered":"\t\t<div id=\"pootle-page-builder\">\n\t\t\t<!----------Pootle Page Builder Inline Styles---------->\n\t\t\t<style id=\"pootle-live-editor-styles\" type=\"text\/css\" media=\"all\">\n\t\t\t\t#pgc-4108-1-0 { width:20.179% } #pgc-4108-1-1 { width:75.821% } #pgc-4108-2-0 , #pgc-4108-2-2 { width:28.464% } #pgc-4108-2-1 { width:41.072% } .panel-grid-cell .panel { margin-bottom: 0px } @media ( max-width:780px ) { #pootle-page-builder .panel-grid-cell-container .panel-grid-cell { width:100%;flex: 1 0; } #pootle-page-builder .panel-grid-cell-container { flex-direction: column; } .panel-grid-cell:not(:last-child) { margin-bottom: 0px } .ppb-no-mobile-spacing { padding: 0 !important; margin: 0 !important; } .hide-on-mobile { display: none } br.rwd { display: block } .ppb-mobile-behaviour-2.ppb-block { margin-left:auto!important;margin-right:auto!important;margin-top:auto!important;margin-bottom:auto!important } .panel-grid { margin-left: 0 !important; margin-right: 0 !important; } .panel-grid-cell { padding: 0 !important; max-width: 100% !important; }  } \t\t\t<\/style>\n\t\t\t<div class=\"panel-grid ppb-row\" id=\"pg-4108-0\" style=\"margin-top: 40px;margin-bottom: 0;\" ><div class=\"ppb-row panel-row-style panel-row-style- \" style=\"\" ><style>#pg-4108-0 .panel-grid-cell { padding: 0 0.5% 0; }<\/style><div class='panel-grid-cell-container'><div class=\"ppb-col panel-grid-cell \" id=\"pgc-4108-0-0\" ><div id=\"panel-4108-0-0-0\" class=\"ppb-block ppb-no-mobile-spacing\" style=\"\" ><h1><span lang=\"EN-US\"> Processamento de ovos<\/span><\/h1><\/div><\/div><\/div><!--.panel-grid-cell-container--><\/div><!--.panel-row-style--><\/div><!--.panel-grid--><div class=\"panel-grid ppb-row\" id=\"pg-4108-1\" style=\"margin-bottom: 0;\" ><div class=\"ppb-row panel-row-style panel-row-style- \" style=\"\" ><style>#pg-4108-1 .panel-grid-cell { padding: 0 2% 0; }<\/style><div class='panel-grid-cell-container'><div class=\"ppb-col panel-grid-cell \" id=\"pgc-4108-1-0\" ><div id=\"panel-4108-1-0-0\" class=\"ppb-block ppb-no-mobile-spacing\" style=\"\" ><p>\n<img loading=\"lazy\" decoding=\"async\" class=\"aligncenter size-medium wp-image-663\" src=\"https:\/\/ovotrack.com\/wp-content\/uploads\/2018\/01\/Brekerij-203x300.jpg\" alt=\"Brekerij machine eieren\" width=\"203\" height=\"300\" srcset=\"https:\/\/ovotrack.com\/wp-content\/uploads\/2018\/01\/Brekerij-203x300.jpg 203w, https:\/\/ovotrack.com\/wp-content\/uploads\/2018\/01\/Brekerij.jpg 300w\" sizes=\"auto, (max-width: 203px) 100vw, 203px\" \/>\n<\/p><\/div><\/div><div class=\"ppb-col panel-grid-cell \" id=\"pgc-4108-1-1\" ><div id=\"panel-4108-1-1-0\" class=\"ppb-block ppb-no-mobile-spacing\" style=\"\" ><p>\nO processamento de ovos Ovotrack oferece a digitaliza\u00e7\u00e3o de etiquetas no carregador de uma quebradora. A cada mudan\u00e7a de tipo de granja ou ovo, um novo lote pode ser criado automaticamente.\n<\/p><p>\nAs mercadorias acabadas na planta de quebra de ovos podem ser etiquetadas e conectadas aos lotes que foram criados no carregador da m\u00e1quina de quebra.\n<\/p><p>\n<a href=\"https:\/\/ovotrack.com\/wp-content\/uploads\/2020\/06\/Productflyer-Processamento-de-ovos-min.pdf\" target=\"_blank\" rel=\"noopener\">Encontre aqui nosso folheto de produto de processamento de ovos para obter mais informa\u00e7\u00f5es.<\/a>\n<\/p><\/div><\/div><\/div><!--.panel-grid-cell-container--><\/div><!--.panel-row-style--><\/div><!--.panel-grid--><div class=\"panel-grid ppb-row\" id=\"pg-4108-2\" style=\"margin-bottom: 40px;\" ><div class=\"ppb-row panel-row-style panel-row-style- \" style=\"\" ><style>#pg-4108-2 .panel-grid-cell { padding: 0 0.5% 0; }<\/style><div class='panel-grid-cell-container'><div class=\"ppb-col panel-grid-cell \" id=\"pgc-4108-2-0\" ><div id=\"panel-4108-2-0-0\" class=\"ppb-block ppb-no-mobile-spacing\" style=\"margin-top: 125px;\" ><p style=\"text-align: left;\"><a href=\"https:\/\/ovotrack.com\/modules\/labeldata-updater\/\">\u2039 Labeldata Updater<\/a>\n<\/p><\/div><\/div><div class=\"ppb-col panel-grid-cell \" id=\"pgc-4108-2-1\" ><div id=\"panel-4108-2-1-0\" class=\"ppb-block ppb-no-mobile-spacing\" style=\"\" ><p>\n<a data-mce-href=\"\/pt-br?page_id=800\" href=\"\/pt-br?page_id=800\">\ufeff<\/a><a href=\"\/pt-br?page_id=4076\" data-mce-href=\"\/pt-br?page_id=4076\"><img loading=\"lazy\" decoding=\"async\" class=\"aligncenter size-full wp-image-4801\" src=\"https:\/\/ovotrack.com\/wp-content\/uploads\/2020\/06\/Ovotrack-Solutions-Portugese-back.jpg\" alt=\"\" width=\"600\" height=\"362\" data-mce-src=\"https:\/\/ovotrack.com\/wp-content\/uploads\/2020\/06\/Ovotrack-Solutions-Portugese-back.jpg\"><\/a><a data-mce-href=\"\/pt-br?page_id=800\" href=\"\/pt-br?page_id=800\" data-mce-selected=\"inline-boundary\"><\/a>\n<\/p><\/div><\/div><div class=\"ppb-col panel-grid-cell \" id=\"pgc-4108-2-2\" ><\/div><\/div><!--.panel-grid-cell-container--><\/div><!--.panel-row-style--><\/div><!--.panel-grid--><div class=\"panel-grid ppb-row\" id=\"pg-4108-3\" style=\"margin-bottom: 0;\" ><div class=\"ppb-row panel-row-style panel-row-style-  ppb-stretch-full-width ppb-stretch-full-width-1 ppb-full-width-no-bg\" style=\"background-image: url( https:\/\/ovotrack.com\/wp-content\/uploads\/2018\/03\/Barcode.jpg ); background-size: cover; background-repeat: no-repeat; min-height:15px;\" ><style>#pg-4108-3 .panel-grid-cell { padding: 0 0.5% 0; }<\/style><div class='panel-grid-cell-container'><div class=\"ppb-col panel-grid-cell \" id=\"pgc-4108-3-0\" ><\/div><\/div><!--.panel-grid-cell-container--><\/div><!--.panel-row-style--><\/div><!--.panel-grid-->\t\t<\/div>\n\t\t","protected":false},"excerpt":{"rendered":"<p>Processamento de ovos O processamento de ovos Ovotrack oferece a digitaliza\u00e7\u00e3o de etiquetas no carregador de uma quebradora. A cada mudan\u00e7a de tipo de granja ou ovo, um novo lote pode ser criado automaticamente. As mercadorias acabadas na planta de quebra de ovos podem ser etiquetadas e conectadas aos lotes que foram criados no carregador [&hellip;]<\/p>\n","protected":false},"author":5,"featured_media":0,"parent":4076,"menu_order":0,"comment_status":"closed","ping_status":"closed","template":"","meta":{"footnotes":""},"class_list":["post-4108","page","type-page","status-publish","hentry"],"_links":{"self":[{"href":"https:\/\/ovotrack.com\/pt-br\/wp-json\/wp\/v2\/pages\/4108","targetHints":{"allow":["GET"]}}],"collection":[{"href":"https:\/\/ovotrack.com\/pt-br\/wp-json\/wp\/v2\/pages"}],"about":[{"href":"https:\/\/ovotrack.com\/pt-br\/wp-json\/wp\/v2\/types\/page"}],"author":[{"embeddable":true,"href":"https:\/\/ovotrack.com\/pt-br\/wp-json\/wp\/v2\/users\/5"}],"replies":[{"embeddable":true,"href":"https:\/\/ovotrack.com\/pt-br\/wp-json\/wp\/v2\/comments?post=4108"}],"version-history":[{"count":7,"href":"https:\/\/ovotrack.com\/pt-br\/wp-json\/wp\/v2\/pages\/4108\/revisions"}],"predecessor-version":[{"id":4833,"href":"https:\/\/ovotrack.com\/pt-br\/wp-json\/wp\/v2\/pages\/4108\/revisions\/4833"}],"up":[{"embeddable":true,"href":"https:\/\/ovotrack.com\/pt-br\/wp-json\/wp\/v2\/pages\/4076"}],"wp:attachment":[{"href":"https:\/\/ovotrack.com\/pt-br\/wp-json\/wp\/v2\/media?parent=4108"}],"curies":[{"name":"wp","href":"https:\/\/api.w.org\/{rel}","templated":true}]}}