{"id":3555,"date":"2020-03-18T17:20:25","date_gmt":"2020-03-18T16:20:25","guid":{"rendered":"https:\/\/ovotrack.com\/?page_id=3555"},"modified":"2022-02-28T08:49:24","modified_gmt":"2022-02-28T07:49:24","slug":"contacto-y-soporte","status":"publish","type":"page","link":"https:\/\/ovotrack.com\/es\/contacto-y-soporte\/","title":{"rendered":"Contacto y Soporte"},"content":{"rendered":"\t\t<div id=\"pootle-page-builder\">\n\t\t\t<!----------Pootle Page Builder Inline Styles---------->\n\t\t\t<style id=\"pootle-live-editor-styles\" type=\"text\/css\" media=\"all\">\n\t\t\t\t#pgc-3555-2-0 , #pgc-3555-2-1 { width:48% } #pgc-3555-4-0 , #pgc-3555-4-1 , #pgc-3555-5-0 , #pgc-3555-5-1 { width:49% } .panel-grid-cell .panel { margin-bottom: 0px } @media ( max-width:780px ) { #pootle-page-builder .panel-grid-cell-container .panel-grid-cell { width:100%;flex: 1 0; } #pootle-page-builder .panel-grid-cell-container { flex-direction: column; } .panel-grid-cell:not(:last-child) { margin-bottom: 0px } .ppb-no-mobile-spacing { padding: 0 !important; margin: 0 !important; } .hide-on-mobile { display: none } br.rwd { display: block } .ppb-mobile-behaviour-2.ppb-block { margin-left:auto!important;margin-right:auto!important;margin-top:auto!important;margin-bottom:auto!important } .panel-grid { margin-left: 0 !important; margin-right: 0 !important; } .panel-grid-cell { padding: 0 !important; max-width: 100% !important; }  } \t\t\t<\/style>\n\t\t\t<div class=\"panel-grid ppb-row\" id=\"pg-3555-0\" style=\"margin-bottom: 0;\" ><div class=\"ppb-row panel-row-style panel-row-style-  ppb-stretch-full-width ppb-stretch-full-width-2 ppb-full-width-no-bg\" style=\"\" ><style>#pg-3555-0 .panel-grid-cell { padding: 0 0.5% 0; }<\/style><div class='panel-grid-cell-container'><div class=\"ppb-col panel-grid-cell \" id=\"pgc-3555-0-0\" ><div id=\"panel-3555-0-0-0\" class=\"ppb-block ppb-no-mobile-spacing\" style=\"\" ><h2><img loading=\"lazy\" decoding=\"async\" class=\"aligncenter wp-image-1028 size-full\" src=\"https:\/\/ovotrack.com\/wp-content\/uploads\/2018\/03\/Box-with-Eggs.jpg\" alt=\"Contact Support Box with Eggs\" width=\"1905\" height=\"665\" srcset=\"https:\/\/ovotrack.com\/wp-content\/uploads\/2018\/03\/Box-with-Eggs.jpg 1905w, https:\/\/ovotrack.com\/wp-content\/uploads\/2018\/03\/Box-with-Eggs-300x105.jpg 300w, https:\/\/ovotrack.com\/wp-content\/uploads\/2018\/03\/Box-with-Eggs-768x268.jpg 768w, https:\/\/ovotrack.com\/wp-content\/uploads\/2018\/03\/Box-with-Eggs-1024x357.jpg 1024w\" sizes=\"auto, (max-width: 1905px) 100vw, 1905px\" \/><\/h2><\/div><\/div><\/div><!--.panel-grid-cell-container--><\/div><!--.panel-row-style--><\/div><!--.panel-grid--><div class=\"panel-grid ppb-row\" id=\"pg-3555-1\" style=\"margin-top: 40px;margin-bottom: 0;\" ><div class=\"ppb-row panel-row-style panel-row-style- \" style=\"\" ><style>#pg-3555-1 .panel-grid-cell { padding: 0 0.5% 0; }<\/style><div class='panel-grid-cell-container'><div class=\"ppb-col panel-grid-cell \" id=\"pgc-3555-1-0\" ><div id=\"panel-3555-1-0-0\" class=\"ppb-block ppb-no-mobile-spacing\" style=\"\" ><h1>Oficina<\/h1><p>\n<a href=\"https:\/\/ovotrack.com\/\">Ovotrack B.V.<\/a> es l\u00edder del mercado mundial en sistemas de trazabilidad para centros de clasificaci\u00f3n de huevos en Europa, \u00c1frica, Am\u00e9rica del Norte y Asia-Pac\u00edfico. La oficina esta en Amerongen, Pa\u00eds Bajos.\n<\/p><p>\nOvotrack B.V. | Industrieweg Noord 14 | 3958 VT Amerongen | Pa\u00edses Bajos<br \/>Tel +31 (0)343 453 416\n<\/p><\/div><\/div><\/div><!--.panel-grid-cell-container--><\/div><!--.panel-row-style--><\/div><!--.panel-grid--><div class=\"panel-grid ppb-row\" id=\"pg-3555-2\" style=\"margin-bottom: 0;\" ><div class=\"ppb-row panel-row-style panel-row-style- \" style=\"\" ><style>#pg-3555-2 .panel-grid-cell { padding: 0 2% 0; }<\/style><div class='panel-grid-cell-container'><div class=\"ppb-col panel-grid-cell \" id=\"pgc-3555-2-0\" ><div id=\"panel-3555-2-0-0\" class=\"ppb-block ppb-mobile-behaviour-1\" style=\"background-color: #f3f3f3;border: 1px solid #f09100;padding: 25px;margin-bottom: 20px;border-radius: 5px;\" ><h2><span style=\"color: #484c51;\" data-mce-style=\"color: #484c51;\">Contacto<\/span><\/h2><p>\nPara preguntas generales, complete el siguiente formulario. Nos pondremos en contacto con usted lo antes lo posible. Si sus preguntas est\u00e1n relacionadas con el soporte, le rogamos que se ponga en contacto con nuestro <a href=\"m&#97;&#x69;&#x6c;&#x74;o&#58;&#115;&#x75;&#x70;p&#111;&#114;&#x74;&#x40;ov&#111;&#x74;&#x72;&#x61;c&#107;&#x2e;&#x6e;&#x6c;\" data-mce-href=\"&#x6d;&#97;&#x69;&#x6c;t&#x6f;&#58;s&#x75;&#112;p&#x6f;&#114;&#x74;&#x40;o&#x76;&#111;t&#x72;&#97;c&#x6b;&#46;&#x6e;&#x6c;\">departamento de soporte<\/a>.<br>&nbsp;<br>\n<div class=\"wpcf7 no-js\" id=\"wpcf7-f3605-o1\" lang=\"nl-NL\" dir=\"ltr\" data-wpcf7-id=\"3605\">\n<div class=\"screen-reader-response\"><p role=\"status\" aria-live=\"polite\" aria-atomic=\"true\"><\/p> <ul><\/ul><\/div>\n<form action=\"\/es\/wp-json\/wp\/v2\/pages\/3555#wpcf7-f3605-o1\" method=\"post\" class=\"wpcf7-form init\" aria-label=\"Contactformulier\" novalidate=\"novalidate\" data-status=\"init\">\n<fieldset class=\"hidden-fields-container\"><input type=\"hidden\" name=\"_wpcf7\" value=\"3605\" \/><input type=\"hidden\" name=\"_wpcf7_version\" value=\"6.1.5\" \/><input type=\"hidden\" name=\"_wpcf7_locale\" value=\"nl_NL\" \/><input type=\"hidden\" name=\"_wpcf7_unit_tag\" value=\"wpcf7-f3605-o1\" \/><input type=\"hidden\" name=\"_wpcf7_container_post\" value=\"0\" \/><input type=\"hidden\" name=\"_wpcf7_posted_data_hash\" value=\"\" \/><input type=\"hidden\" name=\"_wpcf7_recaptcha_response\" value=\"\" \/>\n<\/fieldset>\n<p><label> Nombre (obligatorio)<br \/>\n<span class=\"wpcf7-form-control-wrap\" data-name=\"your-name\"><input size=\"40\" maxlength=\"400\" class=\"wpcf7-form-control wpcf7-text wpcf7-validates-as-required\" aria-required=\"true\" aria-invalid=\"false\" value=\"\" type=\"text\" name=\"your-name\" \/><\/span> <\/label>\n<\/p>\n<p><label> Email (obligatorio)<br \/>\n<span class=\"wpcf7-form-control-wrap\" data-name=\"your-email\"><input size=\"40\" maxlength=\"400\" class=\"wpcf7-form-control wpcf7-email wpcf7-validates-as-required wpcf7-text wpcf7-validates-as-email\" aria-required=\"true\" aria-invalid=\"false\" value=\"\" type=\"email\" name=\"your-email\" \/><\/span> <\/label>\n<\/p>\n<p><label> Tema<br \/>\n<span class=\"wpcf7-form-control-wrap\" data-name=\"your-subject\"><input size=\"40\" maxlength=\"400\" class=\"wpcf7-form-control wpcf7-text\" aria-invalid=\"false\" value=\"\" type=\"text\" name=\"your-subject\" \/><\/span> <\/label>\n<\/p>\n<p><label> Mensaje<br \/>\n<span class=\"wpcf7-form-control-wrap\" data-name=\"your-message\"><textarea cols=\"40\" rows=\"10\" maxlength=\"2000\" class=\"wpcf7-form-control wpcf7-textarea\" aria-invalid=\"false\" name=\"your-message\"><\/textarea><\/span> <\/label>\n<\/p>\n<p>Los datos personales que env\u00ede al completar este formulario se utilizar\u00e1n tal como se describe en nuestra <a href=\"https:\/\/ovotrack.com\/\/nl\/privacy-cookies\/\">pol\u00edtica de privacidad<\/a><a>.<br \/>\n<span class=\"wpcf7-form-control-wrap\" data-name=\"checkbox-441\"><span class=\"wpcf7-form-control wpcf7-checkbox\"><span class=\"wpcf7-list-item first last\"><input type=\"checkbox\" name=\"checkbox-441[]\" value=\"Aceptar\" \/><span class=\"wpcf7-list-item-label\">Aceptar<\/span><\/span><\/span><\/span><br \/>\n\t<br \/>\n<input class=\"wpcf7-form-control wpcf7-submit has-spinner\" type=\"submit\" value=\"Envia\" \/><\/a>\n<\/p><p style=\"display: none !important;\" class=\"akismet-fields-container\" data-prefix=\"_wpcf7_ak_\"><label>&#916;<textarea name=\"_wpcf7_ak_hp_textarea\" cols=\"45\" rows=\"8\" maxlength=\"100\"><\/textarea><\/label><input type=\"hidden\" id=\"ak_js_1\" name=\"_wpcf7_ak_js\" value=\"248\"\/><script>document.getElementById( \"ak_js_1\" ).setAttribute( \"value\", ( new Date() ).getTime() );<\/script><\/p><div class=\"wpcf7-response-output\" aria-hidden=\"true\"><\/div>\n<\/form>\n<\/div>\n\n<\/p><\/div><\/div><div class=\"ppb-col panel-grid-cell \" id=\"pgc-3555-2-1\" ><div id=\"panel-3555-2-1-0\" class=\"ppb-block ppb-mobile-behaviour-1\" style=\"border: 1px solid #000000;padding: 25px;margin-bottom: 20px;border-radius: 5px;\" ><h2>Soporte remoto<\/h2><p>\nCuando nuestros especialistes de soporte quieren acceso a su PC, utilice el bot\u00f3n de 'Ovotrack Remote Support' a continuaci\u00f3n para permitirnos configurar una conexi\u00f3n segura a su sistema.\n<\/p><p>\n\u00a0\n<\/p><p>\n<a href=\"https:\/\/get.teamviewer.com\/rppw82f\" target=\"_blank\" rel=\"noopener\"><img loading=\"lazy\" decoding=\"async\" class=\"aligncenter wp-image-266 size-full\" src=\"https:\/\/ovotrack.com\/wp-content\/uploads\/2017\/08\/Ovotrack-Remote-Support.gif\" alt=\"Ovotrack Remote Support\" width=\"132\" height=\"30\" \/><\/a>\n<\/p><p>\n\u00a0\n<\/p><p>\nNuestros especialistas de soporte pueden usar su monitor, teclado y rat\u00f3n.\n<\/p><\/div><div id=\"panel-3555-2-1-1\" class=\"ppb-block ppb-mobile-behaviour-1\" style=\"border: 1px solid #000000;padding: 25px;margin-bottom: 20px;border-radius: 5px;\" ><h2>Suscribirse a nuestro bolet\u00edn de noticias<\/h2><p>\n<br data-mce-bogus=\"1\">\n<\/p><p class=\"pbtn\" style=\"clear: both;\" data-mce-style=\"clear: both;\"><a class=\"pbtn\" style=\"font-size: 20px; color: #111112; border-radius: 5px; background-color: #f09100; display: inline-block; padding: 0.5em 0.7em; text-decoration: none; line-height: 1; border: 0px solid #111112;\" href=\"https:\/\/pageseuc1.swiftpage.marketing\/l\/OvotrackNewsletterSignup\" target=\"_blank\" rel=\"noopener\" data-bg-color=\"#f69f07\" data-hover-color=\"#dd8500\" data-mce-href=\"https:\/\/pageseuc1.swiftpage.marketing\/l\/OvotrackNewsletterSignup\" data-mce-style=\"font-size: 20px; color: #111112; border-radius: 5px; background-color: #f09100; display: inline-block; padding: 0.5em 0.7em; text-decoration: none; line-height: 1; border: 0px solid #111112;\" data-mce-selected=\"inline-boundary\">REGISTRATE AQU\u00cd<\/a>\n<\/p><\/div><div id=\"panel-3555-2-1-2\" class=\"ppb-block ppb-no-mobile-spacing\" style=\"\" ><p>\n\u00a0\n<\/p><p>\n<img loading=\"lazy\" decoding=\"async\" class=\"size-medium wp-image-1432 aligncenter\" src=\"https:\/\/ovotrack.com\/wp-content\/uploads\/2018\/07\/Microsoft-Silver-Partner-1-300x200.png\" alt=\"Microsoft Silver Partner\" width=\"300\" height=\"200\" srcset=\"https:\/\/ovotrack.com\/wp-content\/uploads\/2018\/07\/Microsoft-Silver-Partner-1-300x200.png 300w, https:\/\/ovotrack.com\/wp-content\/uploads\/2018\/07\/Microsoft-Silver-Partner-1.png 650w\" sizes=\"auto, (max-width: 300px) 100vw, 300px\" \/>\n<\/p><\/div><\/div><\/div><!--.panel-grid-cell-container--><\/div><!--.panel-row-style--><\/div><!--.panel-grid--><div class=\"panel-grid ppb-row\" id=\"pg-3555-3\" style=\"margin-top: 25px;margin-bottom: 0;\" ><div class=\"ppb-row panel-row-style panel-row-style- \" style=\"\" ><style>#pg-3555-3 .panel-grid-cell { padding: 0 0.5% 0; }<\/style><div class='panel-grid-cell-container'><div class=\"ppb-col panel-grid-cell \" id=\"pgc-3555-3-0\" ><div id=\"panel-3555-3-0-0\" class=\"ppb-block ppb-no-mobile-spacing\" style=\"\" ><h2>Distribuidores<\/h2><p>\nJunto con nuestros distribuidores en todo el mundo, Ovotrack trabaja con clientes en m\u00e1s de 15 pa\u00edses para ofrecer nuestros productos, servicios y soporte.\n<\/p><\/div><\/div><\/div><!--.panel-grid-cell-container--><\/div><!--.panel-row-style--><\/div><!--.panel-grid--><div class=\"panel-grid ppb-row\" id=\"pg-3555-4\" style=\"margin-bottom: 0;\" ><div class=\"ppb-row panel-row-style panel-row-style-ppb-hover-card ppb-hover-card\" style=\"\" ><style>#pg-3555-4 .panel-grid-cell { padding: 0 1% 0; }<\/style><div class='panel-grid-cell-container'><div class=\"ppb-col panel-grid-cell \" id=\"pgc-3555-4-0\" ><div id=\"panel-3555-4-0-0\" class=\"ppb-block ppb-mobile-behaviour-1\" style=\"border: 1px solid #f09100;padding: 25px;margin-bottom: 20px;border-radius: 5px;\" ><h2><span style=\"color: #484c51;\">Espa\u00f1a<\/span><\/h2><h3>Alcantara<\/h3><p>\nPol\u00edgonno Industrial de Valls. C\/ Fusters 79.<br \/>CP 43800. Valls\n<\/p><p>\n<strong>T<\/strong> +34 977 614 516<br \/><strong>E<\/strong> <a href=\"&#109;&#x61;i&#x6c;&#x74;&#111;&#x3a;d&#97;&#x6e;&#105;&#x40;j&#109;&#x61;l&#x63;a&#110;&#x74;a&#x72;&#x61;&#46;&#x63;o&#109;\">&#x64;&#x61;&#110;i&#x40;&#x6a;&#109;al&#x63;&#x61;&#110;t&#x61;&#x72;&#97;&#46;c&#x6f;&#x6d;<\/a><br \/><strong>I<\/strong> <a href=\"http:\/\/www.jmalcantara.com\/\" target=\"_blank\" rel=\"noopener\">www.jmalcantara.com<\/a>\n<\/p><\/div><\/div><div class=\"ppb-col panel-grid-cell \" id=\"pgc-3555-4-1\" ><div id=\"panel-3555-4-1-0\" class=\"ppb-block ppb-mobile-behaviour-1\" style=\"border: 1px solid #ef9c1f;padding: 25px;margin-bottom: 20px;border-radius: 5px;\" ><h2><span style=\"color: #484c51;\">Brasil<\/span><\/h2><h3>Agrobelco Consultoria e Rep. Com. Ltda<\/h3><p>\nRua Prof. Andr\u00e9 M\u00e1rio Gon\u00e7alves 215 sala 13<br \/>S\u00e3o Jos\u00e9 do Rio Preto - SP - Brasil CEP 15014-100\n<\/p><p>\n<strong>T<\/strong> +55 17 99787-8754<br \/><strong>E<\/strong> <a href=\"mail&#116;&#111;&#58;&#114;&#111;&#103;&#101;&#x72;&#x69;&#x6f;&#x62;&#x65;&#x6c;&#x7a;&#x65;&#x72;&#64;uol&#46;&#99;&#111;&#109;&#46;&#98;&#114;\">&#x72;&#x6f;&#103;&#101;&#114;i&#x6f;&#x62;&#x65;&#108;&#122;er&#x40;&#x75;&#x6f;&#108;&#46;c&#x6f;&#x6d;&#x2e;&#98;&#114;<\/a><br \/><br \/>\n<\/p><\/div><\/div><\/div><!--.panel-grid-cell-container--><\/div><!--.panel-row-style--><\/div><!--.panel-grid--><div class=\"panel-grid ppb-row\" id=\"pg-3555-5\" style=\"margin-bottom: 20px;\" ><div class=\"ppb-row panel-row-style panel-row-style-  ppb-match-col-hi\" style=\"\" ><style>#pg-3555-5 .panel-grid-cell { padding: 0 1% 0; }<\/style><div class='panel-grid-cell-container'><div class=\"ppb-col panel-grid-cell \" id=\"pgc-3555-5-0\" ><div id=\"panel-3555-5-0-0\" class=\"ppb-block ppb-mobile-behaviour-1\" style=\"border: 1px solid #ef9c1f;padding: 25px;margin-bottom: 20px;border-radius: 5px;\" ><h2><span style=\"color: #484c51;\">Italia<\/span><\/h2><p>\n<img loading=\"lazy\" decoding=\"async\" class=\"aligncenter wp-image-1426\" src=\"https:\/\/ovotrack.com\/wp-content\/uploads\/2018\/06\/avitec-logo.png\" alt=\"\" width=\"120\" height=\"80\" \/>\n<\/p><h3>Avitec Srl<\/h3><p>\nVia Balilla 43<br \/>20099 Sesto S.G.\u00a0(Milan)<br \/>Italy\n<\/p><p>\n<strong>T<\/strong>\u00a0+39 (0)2 224 79 695<br \/><strong>F<\/strong>\u00a0+39 (0)2 242 75 72<br \/><strong>E<\/strong>\u00a0<a title=\"Avitec\" href=\"&#x6d;&#x61;&#x69;&#x6c;&#x74;&#111;&#58;&#105;&#110;fo&#64;&#x61;&#x76;&#x69;&#x74;&#x65;&#x63;&#46;&#105;&#116;\">&#105;&#x6e;&#x66;o&#64;&#x61;v&#105;&#x74;&#x65;&#99;&#x2e;&#x69;t<br \/><\/a><strong>I<\/strong>\u00a0<a href=\"http:\/\/www.avitec.it\/\">www.avitec.it<\/a>\n<\/p><\/div><\/div><div class=\"ppb-col panel-grid-cell \" id=\"pgc-3555-5-1\" ><\/div><\/div><!--.panel-grid-cell-container--><\/div><!--.panel-row-style--><\/div><!--.panel-grid--><div class=\"panel-grid ppb-row\" id=\"pg-3555-6\" style=\"margin-bottom: 0;\" ><div class=\"ppb-row panel-row-style panel-row-style-  ppb-stretch-full-width ppb-stretch-full-width-1 ppb-full-width-no-bg\" style=\"background-image: url( https:\/\/ovotrack.com\/wp-content\/uploads\/2018\/03\/Barcode.jpg ); background-size: cover; background-repeat: no-repeat; min-height:15px;\" ><style>#pg-3555-6 .panel-grid-cell { padding: 0 0.5% 0; }<\/style><div class='panel-grid-cell-container'><div class=\"ppb-col panel-grid-cell \" id=\"pgc-3555-6-0\" ><\/div><\/div><!--.panel-grid-cell-container--><\/div><!--.panel-row-style--><\/div><!--.panel-grid-->\t\t<\/div>\n\t\t","protected":false},"excerpt":{"rendered":"<p>Oficina Ovotrack B.V. es l\u00edder del mercado mundial en sistemas de trazabilidad para centros de clasificaci\u00f3n de huevos en Europa, \u00c1frica, Am\u00e9rica del Norte y Asia-Pac\u00edfico. La oficina esta en Amerongen, Pa\u00eds Bajos. Ovotrack B.V. | Industrieweg Noord 14 | 3958 VT Amerongen | Pa\u00edses BajosTel +31 (0)343 453 416 Contacto Para preguntas generales, complete [&hellip;]<\/p>\n","protected":false},"author":5,"featured_media":0,"parent":0,"menu_order":0,"comment_status":"closed","ping_status":"closed","template":"","meta":{"footnotes":""},"class_list":["post-3555","page","type-page","status-publish","hentry"],"_links":{"self":[{"href":"https:\/\/ovotrack.com\/es\/wp-json\/wp\/v2\/pages\/3555","targetHints":{"allow":["GET"]}}],"collection":[{"href":"https:\/\/ovotrack.com\/es\/wp-json\/wp\/v2\/pages"}],"about":[{"href":"https:\/\/ovotrack.com\/es\/wp-json\/wp\/v2\/types\/page"}],"author":[{"embeddable":true,"href":"https:\/\/ovotrack.com\/es\/wp-json\/wp\/v2\/users\/5"}],"replies":[{"embeddable":true,"href":"https:\/\/ovotrack.com\/es\/wp-json\/wp\/v2\/comments?post=3555"}],"version-history":[{"count":12,"href":"https:\/\/ovotrack.com\/es\/wp-json\/wp\/v2\/pages\/3555\/revisions"}],"predecessor-version":[{"id":7721,"href":"https:\/\/ovotrack.com\/es\/wp-json\/wp\/v2\/pages\/3555\/revisions\/7721"}],"wp:attachment":[{"href":"https:\/\/ovotrack.com\/es\/wp-json\/wp\/v2\/media?parent=3555"}],"curies":[{"name":"wp","href":"https:\/\/api.w.org\/{rel}","templated":true}]}}