{"id":3439,"date":"2020-03-17T13:12:57","date_gmt":"2020-03-17T12:12:57","guid":{"rendered":"https:\/\/ovotrack.com\/?page_id=3439"},"modified":"2021-01-15T14:50:23","modified_gmt":"2021-01-15T13:50:23","slug":"programador-de-tareas","status":"publish","type":"page","link":"https:\/\/ovotrack.com\/es\/modulos-de-clasificacion\/programador-de-tareas\/","title":{"rendered":"Programador de Tareas"},"content":{"rendered":"\t\t<div id=\"pootle-page-builder\">\n\t\t\t<!----------Pootle Page Builder Inline Styles---------->\n\t\t\t<style id=\"pootle-live-editor-styles\" type=\"text\/css\" media=\"all\">\n\t\t\t\t#pgc-3439-1-0 { width:19.8% } #pgc-3439-1-1 { width:79.2% } #pgc-3439-3-0 , #pgc-3439-3-1 , #pgc-3439-3-2 { width:23.039% } #pgc-3439-3-3 { width:24.778% } .panel-grid-cell .panel { margin-bottom: 0px } @media ( max-width:780px ) { #pootle-page-builder .panel-grid-cell-container .panel-grid-cell { width:100%;flex: 1 0; } #pootle-page-builder .panel-grid-cell-container { flex-direction: column; } .panel-grid-cell:not(:last-child) { margin-bottom: 0px } .ppb-no-mobile-spacing { padding: 0 !important; margin: 0 !important; } .hide-on-mobile { display: none } br.rwd { display: block } .ppb-mobile-behaviour-2.ppb-block { margin-left:auto!important;margin-right:auto!important;margin-top:auto!important;margin-bottom:auto!important } .panel-grid { margin-left: 0 !important; margin-right: 0 !important; } .panel-grid-cell { padding: 0 !important; max-width: 100% !important; }  } \t\t\t<\/style>\n\t\t\t<div class=\"panel-grid ppb-row\" id=\"pg-3439-0\" style=\"margin-top: 40px;margin-bottom: 0;\" ><div class=\"ppb-row panel-row-style panel-row-style- \" style=\"\" ><style>#pg-3439-0 .panel-grid-cell { padding: 0 0.5% 0; }<\/style><div class='panel-grid-cell-container'><div class=\"ppb-col panel-grid-cell \" id=\"pgc-3439-0-0\" ><div id=\"panel-3439-0-0-0\" class=\"ppb-block ppb-no-mobile-spacing\" style=\"\" ><h1>Programador de Tareas<\/h1><\/div><\/div><\/div><!--.panel-grid-cell-container--><\/div><!--.panel-row-style--><\/div><!--.panel-grid--><div class=\"panel-grid ppb-row\" id=\"pg-3439-1\" style=\"margin-bottom: 0;\" ><div class=\"ppb-row panel-row-style panel-row-style- \" style=\"\" ><style>#pg-3439-1 .panel-grid-cell { padding: 0 0.5% 0; }<\/style><div class='panel-grid-cell-container'><div class=\"ppb-col panel-grid-cell \" id=\"pgc-3439-1-0\" ><div id=\"panel-3439-1-0-0\" class=\"ppb-block ppb-no-mobile-spacing\" style=\"\" ><p style=\"text-align: center;\"><img loading=\"lazy\" decoding=\"async\" class=\" wp-image-2151 aligncenter\" src=\"https:\/\/ovotrack.com\/wp-content\/uploads\/2018\/12\/Automatic-reporting-with-Ovotrack-Task-Scheduler.jpg\" alt=\"Ovotrack Task Scheduler\" width=\"177\" height=\"177\" srcset=\"https:\/\/ovotrack.com\/wp-content\/uploads\/2018\/12\/Automatic-reporting-with-Ovotrack-Task-Scheduler.jpg 600w, https:\/\/ovotrack.com\/wp-content\/uploads\/2018\/12\/Automatic-reporting-with-Ovotrack-Task-Scheduler-150x150.jpg 150w, https:\/\/ovotrack.com\/wp-content\/uploads\/2018\/12\/Automatic-reporting-with-Ovotrack-Task-Scheduler-300x300.jpg 300w, https:\/\/ovotrack.com\/wp-content\/uploads\/2018\/12\/Automatic-reporting-with-Ovotrack-Task-Scheduler-500x500.jpg 500w\" sizes=\"auto, (max-width: 177px) 100vw, 177px\" \/>\n<\/p><\/div><\/div><div class=\"ppb-col panel-grid-cell \" id=\"pgc-3439-1-1\" ><div id=\"panel-3439-1-1-0\" class=\"ppb-block ppb-no-mobile-spacing\" style=\"\" ><p>\nOvotrack Programador de Tareas se puede utilizar para generar informes autom\u00e1ticamente de forma diaria o semanal y para que estos informes se impriman y \/ o se env\u00eden por correo electr\u00f3nico. Esto puede ser \u00fatil, por ejemplo, para recibir un correo electr\u00f3nico autom\u00e1tico con los <a href=\"https:\/\/ovotrack.com\/es\/modulos\/resultados-de-clasificacion\/\" data-mce-href=\"https:\/\/ovotrack.com\/es\/modulos\/resultados-de-clasificacion\/\">resultados de clasificaci\u00f3n<\/a> de ayer o el inventario real de huevos no clasificados.\n<\/p><p>\nCon Ovotrack Programador de Tareas, podr\u00e1 recibir informes autom\u00e1ticos diarios \/ semanales que se pueden personalizar para satisfacer sus necesidades de informaci\u00f3n. Al automatizar los informes, podr\u00e1 ver la informaci\u00f3n deseada todas las ma\u00f1anas cuando ingrese. De esta manera, puede comenzar su d\u00eda estando actualizado con toda la informaci\u00f3n que necesita enviada a su bandeja de entrada de manera directa y autom\u00e1tica.\n<\/p><\/div><\/div><\/div><!--.panel-grid-cell-container--><\/div><!--.panel-row-style--><\/div><!--.panel-grid--><div class=\"panel-grid ppb-row\" id=\"pg-3439-2\" style=\"margin-bottom: 0;\" ><div class=\"ppb-row panel-row-style panel-row-style-  ppb-stretch-full-width ppb-stretch-full-width-1 ppb-full-width-no-bg\" style=\"background-color: #f69f07;\" ><style>#pg-3439-2 .panel-grid-cell { padding: 0 0.5% 0; }<\/style><div class='panel-grid-cell-container'><div class=\"ppb-col panel-grid-cell \" id=\"pgc-3439-2-0\" ><div id=\"panel-3439-2-0-0\" class=\"ppb-block ppb-mobile-behaviour-1\" style=\"margin-top: 20px;\" ><h2 style=\"text-align: center;\" data-mce-style=\"text-align: center;\"><span style=\"color: #ffffff;\" data-mce-style=\"color: #ffffff;\">Ver los otros m\u00f3dulos de software para clasificaci\u00f3n<\/span><\/h2><\/div><\/div><\/div><!--.panel-grid-cell-container--><\/div><!--.panel-row-style--><\/div><!--.panel-grid--><div class=\"panel-grid ppb-row\" id=\"pg-3439-3\" style=\"margin-bottom: 0;\" ><div class=\"ppb-row panel-row-style panel-row-style-  ppb-stretch-full-width ppb-stretch-full-width-1 ppb-full-width-no-bg\" style=\"background-color: #f69f07;\" ><style>#pg-3439-3 .panel-grid-cell { padding: 0 1% 0; }<\/style><div class='panel-grid-cell-container'><div class=\"ppb-col panel-grid-cell ppb-desktop-transparent\" id=\"pgc-3439-3-0\" data--100-bottom-top=\"@data-animation:!FadeInUp\" data-bottom-top=\"@data-animation:!0\" ><div id=\"panel-3439-3-0-0\" class=\"ppb-block ppb-mobile-behaviour-1\" style=\"color: #ffffff;margin-top: 10px;margin-bottom: 20px;\" ><p style=\"text-align: left;\" data-mce-style=\"text-align: left;\"><strong>ANTES DE CLASIFICACI\u00d3N<\/strong>\n<\/p><p>\n<a data-mce-href=\"https:\/\/ovotrack.com\/es\/modulos-de-clasificacion\/base-de-datos\/\" href=\"https:\/\/ovotrack.com\/es\/modulos-de-clasificacion\/base-de-datos\/\"><span style=\"color: #ffffff;\" data-mce-style=\"color: #ffffff;\">Base de Datos<\/span><\/a><br><span style=\"color: rgb(255, 255, 255);\" data-mce-style=\"color: #ffffff;\"><a data-mce-href=\"https:\/\/ovotrack.com\/es\/modulos-de-clasificacion\/impresion-de-etiquetas-de-granja\/\" href=\"https:\/\/ovotrack.com\/es\/modulos-de-clasificacion\/impresion-de-etiquetas-de-granja\/\" style=\"color: rgb(255, 255, 255);\" data-mce-style=\"color: #ffffff;\">Impresi\u00f3n de Etiquetas de Granja<\/a><\/span><br><a data-mce-href=\"https:\/\/ovotrack.com\/es\/modulos-de-clasificacion\/eggs-cargo-traq\/\" href=\"https:\/\/ovotrack.com\/es\/modulos-de-clasificacion\/eggs-cargo-traq\/\"><span style=\"color: rgb(255, 255, 255);\" data-mce-style=\"color: #ffffff;\">Eggs Cargo Traq<\/span><\/a><br><span style=\"color: rgb(255, 255, 255);\" data-mce-style=\"color: #ffffff;\"><a data-mce-href=\"https:\/\/ovotrack.com\/es\/modulos-de-clasificacion\/escaneando-en-la-granja\/\" href=\"https:\/\/ovotrack.com\/es\/modulos-de-clasificacion\/escaneando-en-la-granja\/\" style=\"color: rgb(255, 255, 255);\" data-mce-style=\"color: #ffffff;\">Escaneando en la Granja<\/a><\/span><br><span style=\"color: rgb(255, 255, 255);\" data-mce-style=\"color: #ffffff;\"><a data-mce-href=\"https:\/\/ovotrack.com\/es\/modulos-de-clasificacion\/pesos-de-camiones\/\" href=\"https:\/\/ovotrack.com\/es\/modulos-de-clasificacion\/pesos-de-camiones\/\" style=\"color: rgb(255, 255, 255);\" data-mce-style=\"color: #ffffff;\">Pesos de Camiones<\/a><\/span><br><span style=\"color: rgb(255, 255, 255);\" data-mce-style=\"color: #ffffff;\"><a data-mce-href=\"https:\/\/ovotrack.com\/es\/modulos-de-clasificacion\/recepcion\/\" href=\"https:\/\/ovotrack.com\/es\/modulos-de-clasificacion\/recepcion\/\" style=\"color: rgb(255, 255, 255);\" data-mce-style=\"color: #ffffff;\">Recepci\u00f3n<\/a><\/span><br><span style=\"color: rgb(255, 255, 255);\" data-mce-style=\"color: #ffffff;\"><a data-mce-href=\"https:\/\/ovotrack.com\/es\/modulos-de-clasificacion\/recepcion-productos-clasificados\/\" href=\"https:\/\/ovotrack.com\/es\/modulos-de-clasificacion\/recepcion-productos-clasificados\/\" style=\"color: rgb(255, 255, 255);\" data-mce-style=\"color: #ffffff;\" data-mce-selected=\"inline-boundary\">Recepci\u00f3n Productos Clasificados<\/a><\/span><br><span style=\"color: rgb(255, 255, 255);\" data-mce-style=\"color: #ffffff;\"><a data-mce-href=\"https:\/\/ovotrack.com\/es\/modulos-de-clasificacion\/clase-b-de-la-granja\/\" href=\"https:\/\/ovotrack.com\/es\/modulos-de-clasificacion\/clase-b-de-la-granja\/\" style=\"color: rgb(255, 255, 255);\" data-mce-style=\"color: #ffffff;\">Clase B de la Granja<\/a><\/span><br><span style=\"color: rgb(255, 255, 255);\" data-mce-style=\"color: #ffffff;\"><a data-mce-href=\"https:\/\/ovotrack.com\/es\/modulos-de-clasificacion\/embalaje\/\" href=\"https:\/\/ovotrack.com\/es\/modulos-de-clasificacion\/embalaje\/\" style=\"color: rgb(255, 255, 255);\" data-mce-style=\"color: #ffffff;\">Embalaje<\/a><\/span><br><span style=\"color: rgb(255, 255, 255);\" data-mce-style=\"color: #ffffff;\"><a data-mce-href=\"https:\/\/ovotrack.com\/es\/modulos-de-clasificacion\/calidad-del-huevo\/\" href=\"https:\/\/ovotrack.com\/es\/modulos-de-clasificacion\/calidad-del-huevo\/\" style=\"color: rgb(255, 255, 255);\" data-mce-style=\"color: #ffffff;\">Calidad del Huevo<\/a><\/span>\n<\/p><\/div><\/div><div class=\"ppb-col panel-grid-cell ppb-desktop-transparent\" id=\"pgc-3439-3-1\" data--100-bottom-top=\"@data-animation:!FadeInUp\" data-bottom-top=\"@data-animation:!0\" ><div id=\"panel-3439-3-1-0\" class=\"ppb-block ppb-mobile-behaviour-1\" style=\"color: #ffffff;margin-top: 10px;margin-bottom: 20px;margin-left: 2px;max-width: 251px;\" ><p style=\"text-align: left;\" data-mce-style=\"text-align: left;\"><strong>DURANTE LA CLASIFICACI\u00d3N<\/strong>\n<\/p><p>\n<span style=\"color: rgb(255, 255, 255);\" data-mce-style=\"color: #ffffff;\"><a data-mce-href=\"https:\/\/ovotrack.com\/es\/modulos-de-clasificacion\/cargador\/\" href=\"https:\/\/ovotrack.com\/es\/modulos-de-clasificacion\/cargador\/\" style=\"color: rgb(255, 255, 255);\" data-mce-style=\"color: #ffffff;\">Cargador<\/a><\/span><br><span style=\"color: rgb(255, 255, 255);\" data-mce-style=\"color: #ffffff;\"><a data-mce-href=\"https:\/\/ovotrack.com\/es\/modulos-de-clasificacion\/eci-identificadores-de-carga-de-huevos\/\" href=\"https:\/\/ovotrack.com\/es\/modulos-de-clasificacion\/eci-identificadores-de-carga-de-huevos\/\" style=\"color: rgb(255, 255, 255);\" data-mce-style=\"color: #ffffff;\">ECI\ufeff<\/a><\/span><br><span style=\"color: rgb(255, 255, 255);\" data-mce-style=\"color: #ffffff;\"><a data-mce-href=\"https:\/\/ovotrack.com\/es\/modulos-de-clasificacion\/resultados-de-clasificacion\/\" href=\"https:\/\/ovotrack.com\/es\/modulos-de-clasificacion\/resultados-de-clasificacion\/\" style=\"color: rgb(255, 255, 255);\" data-mce-style=\"color: #ffffff;\">Resultados de Clasificaci\u00f3n<\/a><\/span><br><span style=\"color: rgb(255, 255, 255);\" data-mce-style=\"color: #ffffff;\"><a data-mce-href=\"https:\/\/ovotrack.com\/es\/modulos-de-clasificacion\/equilibrio-de-huevo\/\" href=\"https:\/\/ovotrack.com\/es\/modulos-de-clasificacion\/equilibrio-de-huevo\/\" data-mce-selected=\"inline-boundary\" style=\"color: rgb(255, 255, 255);\" data-mce-style=\"color: #ffffff;\">Equilibrio de Huevo<\/a><\/span>\n<\/p><\/div><\/div><div class=\"ppb-col panel-grid-cell ppb-desktop-transparent\" id=\"pgc-3439-3-2\" data--100-bottom-top=\"@data-animation:!FadeInUp\" data-bottom-top=\"@data-animation:!0\" ><div id=\"panel-3439-3-2-0\" class=\"ppb-block ppb-mobile-behaviour-1\" style=\"color: #ffffff;margin-top: 10px;margin-bottom: 20px;\" ><p style=\"text-align: left;\" data-mce-style=\"text-align: left;\"><strong>DESPU\u00c9S DE CLASIFICACI\u00d3N<\/strong>\n<\/p><p>\n<span style=\"color: rgb(255, 255, 255);\" data-mce-style=\"color: #ffffff;\"><a data-mce-href=\"https:\/\/ovotrack.com\/es\/modulos-de-clasificacion\/final-de-la-linea\/\" href=\"https:\/\/ovotrack.com\/es\/modulos-de-clasificacion\/final-de-la-linea\/\" style=\"color: rgb(255, 255, 255);\" data-mce-style=\"color: #ffffff;\">Final de la L\u00ednea<\/a><\/span><br><span style=\"color: rgb(255, 255, 255);\" data-mce-style=\"color: #ffffff;\"><a data-mce-href=\"https:\/\/ovotrack.com\/es\/modulos-de-clasificacion\/clase-b-de-la-clasificadora\/\" href=\"https:\/\/ovotrack.com\/es\/modulos-de-clasificacion\/clase-b-de-la-clasificadora\/\" style=\"color: rgb(255, 255, 255);\" data-mce-style=\"color: #ffffff;\">Clase B de la Clasificadora<\/a><\/span><br><span style=\"color: rgb(255, 255, 255);\" data-mce-style=\"color: #ffffff;\"><a data-mce-href=\"https:\/\/ovotrack.com\/es\/modulos-de-clasificacion\/impresion-y-aplicacion\/\" href=\"https:\/\/ovotrack.com\/es\/modulos-de-clasificacion\/impresion-y-aplicacion\/\" style=\"color: rgb(255, 255, 255);\" data-mce-style=\"color: #ffffff;\">Impresi\u00f3n y Aplicaci\u00f3n<\/a><\/span><br><span style=\"color: rgb(255, 255, 255);\" data-mce-style=\"color: #ffffff;\"><a data-mce-href=\"https:\/\/ovotrack.com\/es\/modulos-de-clasificacion\/reempacar\/\" href=\"https:\/\/ovotrack.com\/es\/modulos-de-clasificacion\/reempacar\/\" style=\"color: rgb(255, 255, 255);\" data-mce-style=\"color: #ffffff;\" data-mce-selected=\"inline-boundary\">Reempacar\ufeff<\/a><\/span><br><span style=\"color: rgb(255, 255, 255);\" data-mce-style=\"color: #ffffff;\"><a data-mce-href=\"https:\/\/ovotrack.com\/es\/modulos-de-clasificacion\/paletizado\/\" href=\"https:\/\/ovotrack.com\/es\/modulos-de-clasificacion\/paletizado\/\" style=\"color: rgb(255, 255, 255);\" data-mce-style=\"color: #ffffff;\">Paletizado<\/a><\/span><br><span style=\"color: rgb(255, 255, 255);\" data-mce-style=\"color: #ffffff;\"><a data-mce-href=\"https:\/\/ovotrack.com\/es\/modulos-de-clasificacion\/etiqueta-de-palet-sscc\/\" href=\"https:\/\/ovotrack.com\/es\/modulos-de-clasificacion\/etiqueta-de-palet-sscc\/\" style=\"color: rgb(255, 255, 255);\" data-mce-style=\"color: #ffffff;\">Etiqueta de Palet SSCC<\/a><\/span><br><span style=\"color: rgb(255, 255, 255);\" data-mce-style=\"color: #ffffff;\"><a data-mce-href=\"https:\/\/ovotrack.com\/es\/modulos-de-clasificacion\/expedicion\/\" href=\"https:\/\/ovotrack.com\/es\/modulos-de-clasificacion\/expedicion\/\" style=\"color: rgb(255, 255, 255);\" data-mce-style=\"color: #ffffff;\">Expedici\u00f3n<\/a><\/span>\n<\/p><\/div><\/div><div class=\"ppb-col panel-grid-cell ppb-desktop-transparent\" id=\"pgc-3439-3-3\" data--100-bottom-top=\"@data-animation:!FadeInUp\" data-bottom-top=\"@data-animation:!0\" ><div id=\"panel-3439-3-3-0\" class=\"ppb-block ppb-mobile-behaviour-1\" style=\"color: #ffffff;margin-top: 10px;margin-bottom: 20px;margin-left: 2px;max-width: 268px;\" ><p style=\"text-align: left;\" data-mce-style=\"text-align: left;\"><strong>OTROS M\u00d3DULOS<\/strong>\n<\/p><p>\n<span style=\"color: rgb(255, 255, 255);\" data-mce-style=\"color: #ffffff;\"><a data-mce-href=\"\/es?page_id=5427\" href=\"https:\/\/ovotrack.com\/es\/modulos-de-clasificacion\/advertencias-durante-el-recepcion\/\" style=\"color: rgb(255, 255, 255);\" data-mce-style=\"color: #ffffff;\">Advertencias durante el Recepci\u00f3n<\/a><\/span><br><span style=\"color: rgb(255, 255, 255);\" data-mce-style=\"color: #ffffff;\"><a data-mce-href=\"\/es?page_id=5444\" href=\"https:\/\/ovotrack.com\/es\/modulos-de-clasificacion\/paletizado-autonomo\/\" style=\"color: rgb(255, 255, 255);\" data-mce-style=\"color: #ffffff;\">Paletizado Aut\u00f3nomo<\/a><\/span><br><span style=\"color: rgb(255, 255, 255);\" data-mce-style=\"color: #ffffff;\"><a data-mce-href=\"\/es?page_id=3436\" href=\"https:\/\/ovotrack.com\/es\/modulos-de-clasificacion\/ubicaciones-de-stock\/\" style=\"color: rgb(255, 255, 255);\" data-mce-style=\"color: #ffffff;\">Ubicaciones de Stock<\/a><\/span><br><span style=\"text-decoration: underline; color: rgb(235, 235, 235);\" data-mce-style=\"text-decoration: underline; color: #ebebeb;\"><span style=\"\"><a data-mce-href=\"\/es?page_id=3439\" href=\"https:\/\/ovotrack.com\/es\/modulos-de-clasificacion\/programador-de-tareas\/\" style=\"color: rgb(235, 235, 235); text-decoration: underline;\" data-mce-style=\"color: #ebebeb; text-decoration: underline;\" data-mce-selected=\"inline-boundary\">Programador de Tareas<\/a><\/span><\/span><br><span style=\"color: rgb(255, 255, 255);\" data-mce-style=\"color: #ffffff;\"><a data-mce-href=\"\/es?page_id=3411\" href=\"https:\/\/ovotrack.com\/es\/modulos-de-clasificacion\/actualizador-de-datos-de-etiquetas\/\" style=\"color: rgb(255, 255, 255);\" data-mce-style=\"color: #ffffff;\">Actualizador de Datos de Etiquetas<\/a><\/span><br><span style=\"color: rgb(255, 255, 255);\" data-mce-style=\"color: #ffffff;\"><a data-mce-href=\"\/es?page_id=5404\" href=\"https:\/\/ovotrack.com\/es\/modulos-de-clasificacion\/verificacion-de-origen\/\" style=\"color: rgb(255, 255, 255);\" data-mce-style=\"color: #ffffff;\">Verificaci\u00f3n de Origen\ufeff<\/a><\/span><br>\n<\/p><\/div><\/div><\/div><!--.panel-grid-cell-container--><\/div><!--.panel-row-style--><\/div><!--.panel-grid--><div class=\"panel-grid ppb-row\" id=\"pg-3439-4\" style=\"margin-bottom: 0;\" ><div class=\"ppb-row panel-row-style panel-row-style-  ppb-stretch-full-width ppb-stretch-full-width-1 ppb-full-width-no-bg\" style=\"background-image: url( https:\/\/ovotrack.com\/wp-content\/uploads\/2018\/03\/Barcode.jpg ); background-size: cover; background-repeat: no-repeat; min-height:15px;\" ><style>#pg-3439-4 .panel-grid-cell { padding: 0 0.5% 0; }<\/style><div class='panel-grid-cell-container'><div class=\"ppb-col panel-grid-cell \" id=\"pgc-3439-4-0\" ><\/div><\/div><!--.panel-grid-cell-container--><\/div><!--.panel-row-style--><\/div><!--.panel-grid-->\t\t<\/div>\n\t\t","protected":false},"excerpt":{"rendered":"<p>Programador de Tareas Ovotrack Programador de Tareas se puede utilizar para generar informes autom\u00e1ticamente de forma diaria o semanal y para que estos informes se impriman y \/ o se env\u00eden por correo electr\u00f3nico. Esto puede ser \u00fatil, por ejemplo, para recibir un correo electr\u00f3nico autom\u00e1tico con los resultados de clasificaci\u00f3n de ayer o el [&hellip;]<\/p>\n","protected":false},"author":5,"featured_media":0,"parent":3374,"menu_order":0,"comment_status":"closed","ping_status":"closed","template":"","meta":{"footnotes":""},"class_list":["post-3439","page","type-page","status-publish","hentry"],"_links":{"self":[{"href":"https:\/\/ovotrack.com\/es\/wp-json\/wp\/v2\/pages\/3439","targetHints":{"allow":["GET"]}}],"collection":[{"href":"https:\/\/ovotrack.com\/es\/wp-json\/wp\/v2\/pages"}],"about":[{"href":"https:\/\/ovotrack.com\/es\/wp-json\/wp\/v2\/types\/page"}],"author":[{"embeddable":true,"href":"https:\/\/ovotrack.com\/es\/wp-json\/wp\/v2\/users\/5"}],"replies":[{"embeddable":true,"href":"https:\/\/ovotrack.com\/es\/wp-json\/wp\/v2\/comments?post=3439"}],"version-history":[{"count":8,"href":"https:\/\/ovotrack.com\/es\/wp-json\/wp\/v2\/pages\/3439\/revisions"}],"predecessor-version":[{"id":6099,"href":"https:\/\/ovotrack.com\/es\/wp-json\/wp\/v2\/pages\/3439\/revisions\/6099"}],"up":[{"embeddable":true,"href":"https:\/\/ovotrack.com\/es\/wp-json\/wp\/v2\/pages\/3374"}],"wp:attachment":[{"href":"https:\/\/ovotrack.com\/es\/wp-json\/wp\/v2\/media?parent=3439"}],"curies":[{"name":"wp","href":"https:\/\/api.w.org\/{rel}","templated":true}]}}