{"id":3402,"date":"2020-03-17T12:23:25","date_gmt":"2020-03-17T11:23:25","guid":{"rendered":"https:\/\/ovotrack.com\/?page_id=3402"},"modified":"2021-01-15T12:27:52","modified_gmt":"2021-01-15T11:27:52","slug":"impresion-de-etiquetas-de-granja","status":"publish","type":"page","link":"https:\/\/ovotrack.com\/es\/modulos-de-clasificacion\/impresion-de-etiquetas-de-granja\/","title":{"rendered":"Impresi\u00f3n de Etiquetas de Granja"},"content":{"rendered":"\t\t<div id=\"pootle-page-builder\">\n\t\t\t<!----------Pootle Page Builder Inline Styles---------->\n\t\t\t<style id=\"pootle-live-editor-styles\" type=\"text\/css\" media=\"all\">\n\t\t\t\t#pgc-3402-1-0 { width:24.019% } #pgc-3402-1-1 { width:71.981% } #pgc-3402-3-0 , #pgc-3402-3-1 , #pgc-3402-3-2 { width:23.039% } #pgc-3402-3-3 { width:24.778% } .panel-grid-cell .panel { margin-bottom: 0px } @media ( max-width:780px ) { #pootle-page-builder .panel-grid-cell-container .panel-grid-cell { width:100%;flex: 1 0; } #pootle-page-builder .panel-grid-cell-container { flex-direction: column; } .panel-grid-cell:not(:last-child) { margin-bottom: 0px } .ppb-no-mobile-spacing { padding: 0 !important; margin: 0 !important; } .hide-on-mobile { display: none } br.rwd { display: block } .ppb-mobile-behaviour-2.ppb-block { margin-left:auto!important;margin-right:auto!important;margin-top:auto!important;margin-bottom:auto!important } .panel-grid { margin-left: 0 !important; margin-right: 0 !important; } .panel-grid-cell { padding: 0 !important; max-width: 100% !important; }  } \t\t\t<\/style>\n\t\t\t<div class=\"panel-grid ppb-row\" id=\"pg-3402-0\" style=\"margin-top: 40px;margin-bottom: 0;\" ><div class=\"ppb-row panel-row-style panel-row-style- \" style=\"\" ><style>#pg-3402-0 .panel-grid-cell { padding: 0 0.5% 0; }<\/style><div class='panel-grid-cell-container'><div class=\"ppb-col panel-grid-cell \" id=\"pgc-3402-0-0\" ><div id=\"panel-3402-0-0-0\" class=\"ppb-block ppb-no-mobile-spacing\" style=\"\" ><h1>Impresi\u00f3n de Etiquetas de Granja<\/h1><\/div><\/div><\/div><!--.panel-grid-cell-container--><\/div><!--.panel-row-style--><\/div><!--.panel-grid--><div class=\"panel-grid ppb-row\" id=\"pg-3402-1\" style=\"margin-bottom: 0;\" ><div class=\"ppb-row panel-row-style panel-row-style- \" style=\"\" ><style>#pg-3402-1 .panel-grid-cell { padding: 0 2% 0; }<\/style><div class='panel-grid-cell-container'><div class=\"ppb-col panel-grid-cell \" id=\"pgc-3402-1-0\" ><div id=\"panel-3402-1-0-0\" class=\"ppb-block ppb-no-mobile-spacing\" style=\"\" ><p>\n<img loading=\"lazy\" decoding=\"async\" class=\"aligncenter size-medium wp-image-665\" src=\"https:\/\/ovotrack.com\/wp-content\/uploads\/2018\/01\/Etiketten-Pluimveehouder-266x300.jpg\" alt=\"Etiketten Pluimveehouder\" width=\"266\" height=\"300\" srcset=\"https:\/\/ovotrack.com\/wp-content\/uploads\/2018\/01\/Etiketten-Pluimveehouder-266x300.jpg 266w, https:\/\/ovotrack.com\/wp-content\/uploads\/2018\/01\/Etiketten-Pluimveehouder.jpg 300w\" sizes=\"auto, (max-width: 266px) 100vw, 266px\" \/>\n<\/p><\/div><\/div><div class=\"ppb-col panel-grid-cell \" id=\"pgc-3402-1-1\" ><div id=\"panel-3402-1-1-0\" class=\"ppb-block ppb-no-mobile-spacing\" style=\"\" ><p>\nSe pueden imprimir etiquetas para cada granja, nave y estirpe, que produce huevos. Estas etiquetas generalmente son entregadas por los conductores que recogen los huevos. Cada etiqueta contiene la informaci\u00f3n requerida que ya conocemos por adelantado, como el nombre, la direcci\u00f3n y el n\u00famero de registro del lote. Adem\u00e1s, cada etiqueta contiene una identificaci\u00f3n \u00fanica, tanto en texto como en c\u00f3digo de barras.\n<\/p><p>\nEl granjero coloca una etiqueta en cada palet de huevos no clasificado y puede agregar la fecha de puesta y la cantidad de 'clase B', si corresponde.\n<\/p><\/div><\/div><\/div><!--.panel-grid-cell-container--><\/div><!--.panel-row-style--><\/div><!--.panel-grid--><div class=\"panel-grid ppb-row\" id=\"pg-3402-2\" style=\"margin-bottom: 0;\" ><div class=\"ppb-row panel-row-style panel-row-style-  ppb-stretch-full-width ppb-stretch-full-width-1 ppb-full-width-no-bg\" style=\"background-color: #f69f07;\" ><style>#pg-3402-2 .panel-grid-cell { padding: 0 0.5% 0; }<\/style><div class='panel-grid-cell-container'><div class=\"ppb-col panel-grid-cell \" id=\"pgc-3402-2-0\" ><div id=\"panel-3402-2-0-0\" class=\"ppb-block ppb-mobile-behaviour-1\" style=\"margin-top: 20px;\" ><h2 style=\"text-align: center;\" data-mce-style=\"text-align: center;\"><span style=\"color: #ffffff;\" data-mce-style=\"color: #ffffff;\">Ver los otros m\u00f3dulos de software para clasificaci\u00f3n<\/span><\/h2><\/div><\/div><\/div><!--.panel-grid-cell-container--><\/div><!--.panel-row-style--><\/div><!--.panel-grid--><div class=\"panel-grid ppb-row\" id=\"pg-3402-3\" style=\"margin-bottom: 0;\" ><div class=\"ppb-row panel-row-style panel-row-style-  ppb-stretch-full-width ppb-stretch-full-width-1 ppb-full-width-no-bg\" style=\"background-color: #f69f07;\" ><style>#pg-3402-3 .panel-grid-cell { padding: 0 1% 0; }<\/style><div class='panel-grid-cell-container'><div class=\"ppb-col panel-grid-cell ppb-desktop-transparent\" id=\"pgc-3402-3-0\" data--100-bottom-top=\"@data-animation:!FadeInUp\" data-bottom-top=\"@data-animation:!0\" ><div id=\"panel-3402-3-0-0\" class=\"ppb-block ppb-mobile-behaviour-1\" style=\"color: #ffffff;margin-top: 10px;margin-bottom: 20px;\" ><p style=\"text-align: left;\" data-mce-style=\"text-align: left;\"><strong>ANTES DE CLASIFICACI\u00d3N<\/strong>\n<\/p><p>\n<a data-mce-href=\"\/es?page_id=3380\" href=\"https:\/\/ovotrack.com\/es\/modulos-de-clasificacion\/base-de-datos\/\"><span style=\"color: #ffffff;\" data-mce-style=\"color: #ffffff;\">Base de Datos<\/span><\/a><br><span style=\"text-decoration: underline; color: rgb(235, 235, 235);\" data-mce-style=\"text-decoration: underline; color: #ebebeb;\"><span style=\"\"><a data-mce-href=\"\/es?page_id=3402\" href=\"https:\/\/ovotrack.com\/es\/modulos-de-clasificacion\/impresion-de-etiquetas-de-granja\/\" style=\"color: rgb(235, 235, 235); text-decoration: underline;\" data-mce-style=\"color: #ebebeb; text-decoration: underline;\" data-mce-selected=\"inline-boundary\">Impresi\u00f3n de Etiquetas de Granja<\/a><\/span><\/span><br><a data-mce-href=\"\/es?page_id=3398\" href=\"https:\/\/ovotrack.com\/es\/modulos-de-clasificacion\/eggs-cargo-traq\/\"><span style=\"color: rgb(255, 255, 255);\" data-mce-style=\"color: #ffffff;\">Eggs Cargo Traq<\/span><\/a><br><span style=\"color: rgb(255, 255, 255);\" data-mce-style=\"color: #ffffff;\"><a data-mce-href=\"\/es?page_id=3416\" href=\"https:\/\/ovotrack.com\/es\/modulos-de-clasificacion\/escaneando-en-la-granja\/\" style=\"color: rgb(255, 255, 255);\" data-mce-style=\"color: #ffffff;\">Escaneando en la Granja<\/a><\/span><br><span style=\"color: rgb(255, 255, 255);\" data-mce-style=\"color: #ffffff;\"><a data-mce-href=\"\/es?page_id=5379\" href=\"https:\/\/ovotrack.com\/es\/modulos-de-clasificacion\/pesos-de-camiones\/\" style=\"color: rgb(255, 255, 255);\" data-mce-style=\"color: #ffffff;\">Pesos de Camiones<\/a><\/span><br><span style=\"color: rgb(255, 255, 255);\" data-mce-style=\"color: #ffffff;\"><a data-mce-href=\"\/es?page_id=3426\" href=\"https:\/\/ovotrack.com\/es\/modulos-de-clasificacion\/recepcion\/\" style=\"color: rgb(255, 255, 255);\" data-mce-style=\"color: #ffffff;\">Recepci\u00f3n<\/a><\/span><br><span style=\"color: rgb(255, 255, 255);\" data-mce-style=\"color: #ffffff;\"><a data-mce-href=\"\/es?page_id=3428\" href=\"https:\/\/ovotrack.com\/es\/modulos-de-clasificacion\/recepcion-productos-clasificados\/\" style=\"color: rgb(255, 255, 255);\" data-mce-style=\"color: #ffffff;\">Recepci\u00f3n Productos Clasificados<\/a><\/span><br><span style=\"color: rgb(255, 255, 255);\" data-mce-style=\"color: #ffffff;\"><a data-mce-href=\"\/es?page_id=3405\" href=\"https:\/\/ovotrack.com\/es\/modulos-de-clasificacion\/clase-b-de-la-granja\/\" style=\"color: rgb(255, 255, 255);\" data-mce-style=\"color: #ffffff;\">Clase B de la Granja<\/a><\/span><br><span style=\"color: rgb(255, 255, 255);\" data-mce-style=\"color: #ffffff;\"><a data-mce-href=\"\/es?page_id=3418\" href=\"https:\/\/ovotrack.com\/es\/modulos-de-clasificacion\/embalaje\/\" style=\"color: rgb(255, 255, 255);\" data-mce-style=\"color: #ffffff;\">Embalaje<\/a><\/span><br><span style=\"color: rgb(255, 255, 255);\" data-mce-style=\"color: #ffffff;\"><a data-mce-href=\"\/es?page_id=3393\" href=\"https:\/\/ovotrack.com\/es\/modulos-de-clasificacion\/calidad-del-huevo\/\" style=\"color: rgb(255, 255, 255);\" data-mce-style=\"color: #ffffff;\">Calidad del Huevo<\/a><\/span>\n<\/p><\/div><\/div><div class=\"ppb-col panel-grid-cell ppb-desktop-transparent\" id=\"pgc-3402-3-1\" data--100-bottom-top=\"@data-animation:!FadeInUp\" data-bottom-top=\"@data-animation:!0\" ><div id=\"panel-3402-3-1-0\" class=\"ppb-block ppb-mobile-behaviour-1\" style=\"color: #ffffff;margin-top: 10px;margin-bottom: 20px;margin-left: 2px;max-width: 251px;\" ><p style=\"text-align: left;\" data-mce-style=\"text-align: left;\"><strong>DURANTE LA CLASIFICACI\u00d3N<\/strong>\n<\/p><p>\n<span style=\"color: rgb(255, 255, 255);\" data-mce-style=\"color: #ffffff;\"><a data-mce-href=\"https:\/\/ovotrack.com\/es\/modulos-de-clasificacion\/cargador\/\" href=\"https:\/\/ovotrack.com\/es\/modulos-de-clasificacion\/cargador\/\" style=\"color: rgb(255, 255, 255);\" data-mce-style=\"color: #ffffff;\">Cargador<\/a><\/span><br><span style=\"color: rgb(255, 255, 255);\" data-mce-style=\"color: #ffffff;\"><a data-mce-href=\"https:\/\/ovotrack.com\/es\/modulos-de-clasificacion\/eci-identificadores-de-carga-de-huevos\/\" href=\"https:\/\/ovotrack.com\/es\/modulos-de-clasificacion\/eci-identificadores-de-carga-de-huevos\/\" style=\"color: rgb(255, 255, 255);\" data-mce-style=\"color: #ffffff;\">ECI\ufeff<\/a><\/span><br><span style=\"color: rgb(255, 255, 255);\" data-mce-style=\"color: #ffffff;\"><a data-mce-href=\"https:\/\/ovotrack.com\/es\/modulos-de-clasificacion\/resultados-de-clasificacion\/\" href=\"https:\/\/ovotrack.com\/es\/modulos-de-clasificacion\/resultados-de-clasificacion\/\" style=\"color: rgb(255, 255, 255);\" data-mce-style=\"color: #ffffff;\">Resultados de Clasificaci\u00f3n<\/a><\/span><br><span style=\"color: rgb(255, 255, 255);\" data-mce-style=\"color: #ffffff;\"><a data-mce-href=\"https:\/\/ovotrack.com\/es\/modulos-de-clasificacion\/equilibrio-de-huevo\/\" href=\"https:\/\/ovotrack.com\/es\/modulos-de-clasificacion\/equilibrio-de-huevo\/\" data-mce-selected=\"inline-boundary\" style=\"color: rgb(255, 255, 255);\" data-mce-style=\"color: #ffffff;\">Equilibrio de Huevo<\/a><\/span>\n<\/p><\/div><\/div><div class=\"ppb-col panel-grid-cell ppb-desktop-transparent\" id=\"pgc-3402-3-2\" data--100-bottom-top=\"@data-animation:!FadeInUp\" data-bottom-top=\"@data-animation:!0\" ><div id=\"panel-3402-3-2-0\" class=\"ppb-block ppb-mobile-behaviour-1\" style=\"color: #ffffff;margin-top: 10px;margin-bottom: 20px;\" ><p style=\"text-align: left;\" data-mce-style=\"text-align: left;\"><strong>DESPU\u00c9S DE CLASIFICACI\u00d3N<\/strong>\n<\/p><p>\n<span style=\"color: rgb(255, 255, 255);\" data-mce-style=\"color: #ffffff;\"><a data-mce-href=\"https:\/\/ovotrack.com\/es\/modulos-de-clasificacion\/final-de-la-linea\/\" href=\"https:\/\/ovotrack.com\/es\/modulos-de-clasificacion\/final-de-la-linea\/\" style=\"color: rgb(255, 255, 255);\" data-mce-style=\"color: #ffffff;\">Final de la L\u00ednea<\/a><\/span><br><span style=\"color: rgb(255, 255, 255);\" data-mce-style=\"color: #ffffff;\"><a data-mce-href=\"https:\/\/ovotrack.com\/es\/modulos-de-clasificacion\/clase-b-de-la-clasificadora\/\" href=\"https:\/\/ovotrack.com\/es\/modulos-de-clasificacion\/clase-b-de-la-clasificadora\/\" style=\"color: rgb(255, 255, 255);\" data-mce-style=\"color: #ffffff;\">Clase B de la Clasificadora<\/a><\/span><br><span style=\"color: rgb(255, 255, 255);\" data-mce-style=\"color: #ffffff;\"><a data-mce-href=\"https:\/\/ovotrack.com\/es\/modulos-de-clasificacion\/impresion-y-aplicacion\/\" href=\"https:\/\/ovotrack.com\/es\/modulos-de-clasificacion\/impresion-y-aplicacion\/\" style=\"color: rgb(255, 255, 255);\" data-mce-style=\"color: #ffffff;\">Impresi\u00f3n y Aplicaci\u00f3n<\/a><\/span><br><span style=\"color: rgb(255, 255, 255);\" data-mce-style=\"color: #ffffff;\"><a data-mce-href=\"https:\/\/ovotrack.com\/es\/modulos-de-clasificacion\/reempacar\/\" href=\"https:\/\/ovotrack.com\/es\/modulos-de-clasificacion\/reempacar\/\" style=\"color: rgb(255, 255, 255);\" data-mce-style=\"color: #ffffff;\" data-mce-selected=\"inline-boundary\">Reempacar\ufeff<\/a><\/span><br><span style=\"color: rgb(255, 255, 255);\" data-mce-style=\"color: #ffffff;\"><a data-mce-href=\"https:\/\/ovotrack.com\/es\/modulos-de-clasificacion\/paletizado\/\" href=\"https:\/\/ovotrack.com\/es\/modulos-de-clasificacion\/paletizado\/\" style=\"color: rgb(255, 255, 255);\" data-mce-style=\"color: #ffffff;\">Paletizado<\/a><\/span><br><span style=\"color: rgb(255, 255, 255);\" data-mce-style=\"color: #ffffff;\"><a data-mce-href=\"https:\/\/ovotrack.com\/es\/modulos-de-clasificacion\/etiqueta-de-palet-sscc\/\" href=\"https:\/\/ovotrack.com\/es\/modulos-de-clasificacion\/etiqueta-de-palet-sscc\/\" style=\"color: rgb(255, 255, 255);\" data-mce-style=\"color: #ffffff;\">Etiqueta de Palet SSCC<\/a><\/span><br><span style=\"color: rgb(255, 255, 255);\" data-mce-style=\"color: #ffffff;\"><a data-mce-href=\"https:\/\/ovotrack.com\/es\/modulos-de-clasificacion\/expedicion\/\" href=\"https:\/\/ovotrack.com\/es\/modulos-de-clasificacion\/expedicion\/\" style=\"color: rgb(255, 255, 255);\" data-mce-style=\"color: #ffffff;\">Expedici\u00f3n<\/a><\/span>\n<\/p><\/div><\/div><div class=\"ppb-col panel-grid-cell ppb-desktop-transparent\" id=\"pgc-3402-3-3\" data--100-bottom-top=\"@data-animation:!FadeInUp\" data-bottom-top=\"@data-animation:!0\" ><div id=\"panel-3402-3-3-0\" class=\"ppb-block ppb-mobile-behaviour-1\" style=\"color: #ffffff;margin-top: 10px;margin-bottom: 20px;margin-left: 2px;max-width: 268px;\" ><p style=\"text-align: left;\" data-mce-style=\"text-align: left;\"><strong>OTROS M\u00d3DULOS<\/strong>\n<\/p><p>\n<span style=\"color: rgb(255, 255, 255);\" data-mce-style=\"color: #ffffff;\"><a data-mce-href=\"\/es?page_id=5427\" href=\"https:\/\/ovotrack.com\/es\/modulos-de-clasificacion\/advertencias-durante-el-recepcion\/\" style=\"color: rgb(255, 255, 255);\" data-mce-style=\"color: #ffffff;\">Advertencias durante el Recepci\u00f3n<\/a><\/span><br><span style=\"color: rgb(255, 255, 255);\" data-mce-style=\"color: #ffffff;\"><a data-mce-href=\"\/es?page_id=5444\" href=\"https:\/\/ovotrack.com\/es\/modulos-de-clasificacion\/paletizado-autonomo\/\" style=\"color: rgb(255, 255, 255);\" data-mce-style=\"color: #ffffff;\">Paletizado Aut\u00f3nomo<\/a><\/span><br><span style=\"color: rgb(255, 255, 255);\" data-mce-style=\"color: #ffffff;\"><a data-mce-href=\"\/es?page_id=3436\" href=\"https:\/\/ovotrack.com\/es\/modulos-de-clasificacion\/ubicaciones-de-stock\/\" style=\"color: rgb(255, 255, 255);\" data-mce-style=\"color: #ffffff;\" data-mce-selected=\"inline-boundary\">Ubicaciones de Stock<\/a><\/span><br><span style=\"color: rgb(255, 255, 255);\" data-mce-style=\"color: #ffffff;\"><a data-mce-href=\"https:\/\/ovotrack.com\/es\/modulos-de-clasificacion\/programador-de-tareas\/\" href=\"https:\/\/ovotrack.com\/es\/modulos-de-clasificacion\/programador-de-tareas\/\" style=\"color: rgb(255, 255, 255);\" data-mce-style=\"color: #ffffff;\">Programador de Tareas<\/a><\/span><br><span style=\"color: rgb(255, 255, 255);\" data-mce-style=\"color: #ffffff;\"><a data-mce-href=\"\/es?page_id=3411\" href=\"https:\/\/ovotrack.com\/es\/modulos-de-clasificacion\/actualizador-de-datos-de-etiquetas\/\" style=\"color: rgb(255, 255, 255);\" data-mce-style=\"color: #ffffff;\">Actualizador de Datos de Etiquetas<\/a><\/span><br><span style=\"color: rgb(255, 255, 255);\" data-mce-style=\"color: #ffffff;\"><a data-mce-href=\"\/es?page_id=5404\" href=\"https:\/\/ovotrack.com\/es\/modulos-de-clasificacion\/verificacion-de-origen\/\" style=\"color: rgb(255, 255, 255);\" data-mce-style=\"color: #ffffff;\">Verificaci\u00f3n de Origen\ufeff<\/a><\/span><br>\n<\/p><\/div><\/div><\/div><!--.panel-grid-cell-container--><\/div><!--.panel-row-style--><\/div><!--.panel-grid--><div class=\"panel-grid ppb-row\" id=\"pg-3402-4\" style=\"margin-bottom: 0;\" ><div class=\"ppb-row panel-row-style panel-row-style-  ppb-stretch-full-width ppb-stretch-full-width-1 ppb-full-width-no-bg\" style=\"background-image: url( https:\/\/ovotrack.com\/wp-content\/uploads\/2018\/03\/Barcode.jpg ); background-size: cover; background-repeat: no-repeat; min-height:15px;\" ><style>#pg-3402-4 .panel-grid-cell { padding: 0 0.5% 0; }<\/style><div class='panel-grid-cell-container'><div class=\"ppb-col panel-grid-cell \" id=\"pgc-3402-4-0\" ><\/div><\/div><!--.panel-grid-cell-container--><\/div><!--.panel-row-style--><\/div><!--.panel-grid-->\t\t<\/div>\n\t\t","protected":false},"excerpt":{"rendered":"<p>Impresi\u00f3n de Etiquetas de Granja Se pueden imprimir etiquetas para cada granja, nave y estirpe, que produce huevos. Estas etiquetas generalmente son entregadas por los conductores que recogen los huevos. Cada etiqueta contiene la informaci\u00f3n requerida que ya conocemos por adelantado, como el nombre, la direcci\u00f3n y el n\u00famero de registro del lote. Adem\u00e1s, cada [&hellip;]<\/p>\n","protected":false},"author":5,"featured_media":0,"parent":3374,"menu_order":0,"comment_status":"closed","ping_status":"closed","template":"","meta":{"footnotes":""},"class_list":["post-3402","page","type-page","status-publish","hentry"],"_links":{"self":[{"href":"https:\/\/ovotrack.com\/es\/wp-json\/wp\/v2\/pages\/3402","targetHints":{"allow":["GET"]}}],"collection":[{"href":"https:\/\/ovotrack.com\/es\/wp-json\/wp\/v2\/pages"}],"about":[{"href":"https:\/\/ovotrack.com\/es\/wp-json\/wp\/v2\/types\/page"}],"author":[{"embeddable":true,"href":"https:\/\/ovotrack.com\/es\/wp-json\/wp\/v2\/users\/5"}],"replies":[{"embeddable":true,"href":"https:\/\/ovotrack.com\/es\/wp-json\/wp\/v2\/comments?post=3402"}],"version-history":[{"count":7,"href":"https:\/\/ovotrack.com\/es\/wp-json\/wp\/v2\/pages\/3402\/revisions"}],"predecessor-version":[{"id":6051,"href":"https:\/\/ovotrack.com\/es\/wp-json\/wp\/v2\/pages\/3402\/revisions\/6051"}],"up":[{"embeddable":true,"href":"https:\/\/ovotrack.com\/es\/wp-json\/wp\/v2\/pages\/3374"}],"wp:attachment":[{"href":"https:\/\/ovotrack.com\/es\/wp-json\/wp\/v2\/media?parent=3402"}],"curies":[{"name":"wp","href":"https:\/\/api.w.org\/{rel}","templated":true}]}}