{"id":3390,"date":"2020-03-17T12:17:46","date_gmt":"2020-03-17T11:17:46","guid":{"rendered":"https:\/\/ovotrack.com\/?page_id=3390"},"modified":"2020-11-10T10:22:03","modified_gmt":"2020-11-10T09:22:03","slug":"procesamiento-del-huevo","status":"publish","type":"page","link":"https:\/\/ovotrack.com\/es\/modulos-de-clasificacion\/procesamiento-del-huevo\/","title":{"rendered":"Procesamiento del Huevo"},"content":{"rendered":"\t\t<div id=\"pootle-page-builder\">\n\t\t\t<!----------Pootle Page Builder Inline Styles---------->\n\t\t\t<style id=\"pootle-live-editor-styles\" type=\"text\/css\" media=\"all\">\n\t\t\t\t#pgc-3390-1-0 { width:20.179% } #pgc-3390-1-1 { width:75.821% } #pgc-3390-2-0 , #pgc-3390-2-2 { width:28.464% } #pgc-3390-2-1 { width:41.072% } .panel-grid-cell .panel { margin-bottom: 0px } @media ( max-width:780px ) { #pootle-page-builder .panel-grid-cell-container .panel-grid-cell { width:100%;flex: 1 0; } #pootle-page-builder .panel-grid-cell-container { flex-direction: column; } .panel-grid-cell:not(:last-child) { margin-bottom: 0px } .ppb-no-mobile-spacing { padding: 0 !important; margin: 0 !important; } .hide-on-mobile { display: none } br.rwd { display: block } .ppb-mobile-behaviour-2.ppb-block { margin-left:auto!important;margin-right:auto!important;margin-top:auto!important;margin-bottom:auto!important } .panel-grid { margin-left: 0 !important; margin-right: 0 !important; } .panel-grid-cell { padding: 0 !important; max-width: 100% !important; }  } \t\t\t<\/style>\n\t\t\t<div class=\"panel-grid ppb-row\" id=\"pg-3390-0\" style=\"margin-top: 40px;margin-bottom: 0;\" ><div class=\"ppb-row panel-row-style panel-row-style- \" style=\"\" ><style>#pg-3390-0 .panel-grid-cell { padding: 0 0.5% 0; }<\/style><div class='panel-grid-cell-container'><div class=\"ppb-col panel-grid-cell \" id=\"pgc-3390-0-0\" ><div id=\"panel-3390-0-0-0\" class=\"ppb-block ppb-no-mobile-spacing\" style=\"\" ><h1><span lang=\"EN-US\">Procesamiento del Huevo<\/span><\/h1><\/div><\/div><\/div><!--.panel-grid-cell-container--><\/div><!--.panel-row-style--><\/div><!--.panel-grid--><div class=\"panel-grid ppb-row\" id=\"pg-3390-1\" style=\"margin-bottom: 0;\" ><div class=\"ppb-row panel-row-style panel-row-style- \" style=\"\" ><style>#pg-3390-1 .panel-grid-cell { padding: 0 2% 0; }<\/style><div class='panel-grid-cell-container'><div class=\"ppb-col panel-grid-cell \" id=\"pgc-3390-1-0\" ><div id=\"panel-3390-1-0-0\" class=\"ppb-block ppb-no-mobile-spacing\" style=\"\" ><p>\n<img loading=\"lazy\" decoding=\"async\" class=\"aligncenter size-medium wp-image-663\" src=\"https:\/\/ovotrack.com\/wp-content\/uploads\/2018\/01\/Brekerij-203x300.jpg\" alt=\"Brekerij machine eieren\" width=\"203\" height=\"300\" srcset=\"https:\/\/ovotrack.com\/wp-content\/uploads\/2018\/01\/Brekerij-203x300.jpg 203w, https:\/\/ovotrack.com\/wp-content\/uploads\/2018\/01\/Brekerij.jpg 300w\" sizes=\"auto, (max-width: 203px) 100vw, 203px\" \/>\n<\/p><\/div><\/div><div class=\"ppb-col panel-grid-cell \" id=\"pgc-3390-1-1\" ><div id=\"panel-3390-1-1-0\" class=\"ppb-block ppb-no-mobile-spacing\" style=\"\" ><p>\nOvotrack ofrece una soluci\u00f3n de trazabilidad modular para todas las etapas del procesamiento de los huevos, como rompedora, pasteurizaci\u00f3n, deshidrataci\u00f3n, hervir o colorear huevos.\n<\/p><h4><strong><span style=\"color: #000000;\" data-mce-style=\"color: #000000;\">Los beneficios son:<\/span><\/strong><\/h4><ul><li>Control de stock en tiempo real del procesamiento de huevos<\/li><li>Soluci\u00f3n de etiquetado precisa para el etiquetado de productos terminados de confirmidad con requisitos del clientes<\/li><li>Trazabilidad desde lotes de procesamiento de heuvos hasta tanques, palets, cajas, pedidos de venta y conocimientos de embarque<\/li><\/ul><p>\nEncuentre <a data-mce-href=\"https:\/\/ovotrack.com\/wp-content\/uploads\/2020\/03\/Procesamiento-del-Huevo.pdf\" href=\"https:\/\/ovotrack.com\/wp-content\/uploads\/2020\/03\/Procesamiento-del-Huevo.pdf\" data-mce-selected=\"inline-boundary\" target=\"_blank\">aqu\u00ed<\/a> nuestro folleto de 'Procesamiento del Huevo' para obtener m\u00e1s informaci\u00f3n.\n<\/p><\/div><\/div><\/div><!--.panel-grid-cell-container--><\/div><!--.panel-row-style--><\/div><!--.panel-grid--><div class=\"panel-grid ppb-row\" id=\"pg-3390-2\" style=\"margin-bottom: 40px;\" ><div class=\"ppb-row panel-row-style panel-row-style- \" style=\"\" ><style>#pg-3390-2 .panel-grid-cell { padding: 0 0.5% 0; }<\/style><div class='panel-grid-cell-container'><div class=\"ppb-col panel-grid-cell \" id=\"pgc-3390-2-0\" ><div id=\"panel-3390-2-0-0\" class=\"ppb-block ppb-no-mobile-spacing\" style=\"margin-top: 125px;\" ><p style=\"text-align: left;\"><a href=\"https:\/\/ovotrack.com\/es\/modulos\/verificacion-de-origen\/\">\u2039 Verificaci\u00f3n de Origen<\/a>\n<\/p><\/div><\/div><div class=\"ppb-col panel-grid-cell \" id=\"pgc-3390-2-1\" ><div id=\"panel-3390-2-1-0\" class=\"ppb-block ppb-no-mobile-spacing\" style=\"\" ><p>\n<a href=\"https:\/\/ovotrack.com\/es\/modulos\/\"><img loading=\"lazy\" decoding=\"async\" class=\"aligncenter size-full wp-image-3458\" src=\"https:\/\/ovotrack.com\/wp-content\/uploads\/2020\/03\/Haga-clic-aqu\u00ed.jpg\" alt=\"Soluciones Ovotrack\" width=\"600\" height=\"362\" srcset=\"https:\/\/ovotrack.com\/wp-content\/uploads\/2020\/03\/Haga-clic-aqu\u00ed.jpg 600w, https:\/\/ovotrack.com\/wp-content\/uploads\/2020\/03\/Haga-clic-aqu\u00ed-300x181.jpg 300w\" sizes=\"auto, (max-width: 600px) 100vw, 600px\" \/><\/a>\n<\/p><\/div><\/div><div class=\"ppb-col panel-grid-cell \" id=\"pgc-3390-2-2\" ><\/div><\/div><!--.panel-grid-cell-container--><\/div><!--.panel-row-style--><\/div><!--.panel-grid--><div class=\"panel-grid ppb-row\" id=\"pg-3390-3\" style=\"margin-bottom: 0;\" ><div class=\"ppb-row panel-row-style panel-row-style-  ppb-stretch-full-width ppb-stretch-full-width-1 ppb-full-width-no-bg\" style=\"background-image: url( https:\/\/ovotrack.com\/wp-content\/uploads\/2018\/03\/Barcode.jpg ); background-size: cover; background-repeat: no-repeat; min-height:15px;\" ><style>#pg-3390-3 .panel-grid-cell { padding: 0 0.5% 0; }<\/style><div class='panel-grid-cell-container'><div class=\"ppb-col panel-grid-cell \" id=\"pgc-3390-3-0\" ><\/div><\/div><!--.panel-grid-cell-container--><\/div><!--.panel-row-style--><\/div><!--.panel-grid-->\t\t<\/div>\n\t\t","protected":false},"excerpt":{"rendered":"<p>Procesamiento del Huevo Ovotrack ofrece una soluci\u00f3n de trazabilidad modular para todas las etapas del procesamiento de los huevos, como rompedora, pasteurizaci\u00f3n, deshidrataci\u00f3n, hervir o colorear huevos. Los beneficios son:Control de stock en tiempo real del procesamiento de huevosSoluci\u00f3n de etiquetado precisa para el etiquetado de productos terminados de confirmidad con requisitos del clientesTrazabilidad desde [&hellip;]<\/p>\n","protected":false},"author":5,"featured_media":0,"parent":3374,"menu_order":0,"comment_status":"closed","ping_status":"closed","template":"","meta":{"footnotes":""},"class_list":["post-3390","page","type-page","status-publish","hentry"],"_links":{"self":[{"href":"https:\/\/ovotrack.com\/es\/wp-json\/wp\/v2\/pages\/3390","targetHints":{"allow":["GET"]}}],"collection":[{"href":"https:\/\/ovotrack.com\/es\/wp-json\/wp\/v2\/pages"}],"about":[{"href":"https:\/\/ovotrack.com\/es\/wp-json\/wp\/v2\/types\/page"}],"author":[{"embeddable":true,"href":"https:\/\/ovotrack.com\/es\/wp-json\/wp\/v2\/users\/5"}],"replies":[{"embeddable":true,"href":"https:\/\/ovotrack.com\/es\/wp-json\/wp\/v2\/comments?post=3390"}],"version-history":[{"count":9,"href":"https:\/\/ovotrack.com\/es\/wp-json\/wp\/v2\/pages\/3390\/revisions"}],"predecessor-version":[{"id":5408,"href":"https:\/\/ovotrack.com\/es\/wp-json\/wp\/v2\/pages\/3390\/revisions\/5408"}],"up":[{"embeddable":true,"href":"https:\/\/ovotrack.com\/es\/wp-json\/wp\/v2\/pages\/3374"}],"wp:attachment":[{"href":"https:\/\/ovotrack.com\/es\/wp-json\/wp\/v2\/media?parent=3390"}],"curies":[{"name":"wp","href":"https:\/\/api.w.org\/{rel}","templated":true}]}}