{"id":3343,"date":"2020-03-16T12:05:13","date_gmt":"2020-03-16T11:05:13","guid":{"rendered":"https:\/\/ovotrack.com\/?page_id=3343"},"modified":"2022-01-10T10:28:40","modified_gmt":"2022-01-10T09:28:40","slug":"sobre-nosotros","status":"publish","type":"page","link":"https:\/\/ovotrack.com\/es\/sobre-nosotros\/","title":{"rendered":"Sobre nosotros"},"content":{"rendered":"\t\t<div id=\"pootle-page-builder\">\n\t\t\t<!----------Pootle Page Builder Inline Styles---------->\n\t\t\t<style id=\"pootle-live-editor-styles\" type=\"text\/css\" media=\"all\">\n\t\t\t\t#pgc-3343-5-0 { width:61.445% } #pgc-3343-5-1 { width:36.555% } .panel-grid-cell .panel { margin-bottom: 0px } @media ( max-width:780px ) { #pootle-page-builder .panel-grid-cell-container .panel-grid-cell { width:100%;flex: 1 0; } #pootle-page-builder .panel-grid-cell-container { flex-direction: column; } .panel-grid-cell:not(:last-child) { margin-bottom: 0px } .ppb-no-mobile-spacing { padding: 0 !important; margin: 0 !important; } .hide-on-mobile { display: none } br.rwd { display: block } .ppb-mobile-behaviour-2.ppb-block { margin-left:auto!important;margin-right:auto!important;margin-top:auto!important;margin-bottom:auto!important } .panel-grid { margin-left: 0 !important; margin-right: 0 !important; } .panel-grid-cell { padding: 0 !important; max-width: 100% !important; }  } \t\t\t<\/style>\n\t\t\t<div class=\"panel-grid ppb-row\" id=\"pg-3343-0\" style=\"margin-bottom: 0;\" ><div class=\"ppb-row panel-row-style panel-row-style-  ppb-stretch-full-width ppb-stretch-full-width-2 ppb-full-width-no-bg\" style=\"\" ><style>#pg-3343-0 .panel-grid-cell { padding: 0 0.5% 0; }<\/style><div class='panel-grid-cell-container'><div class=\"ppb-col panel-grid-cell \" id=\"pgc-3343-0-0\" ><div id=\"panel-3343-0-0-0\" class=\"ppb-block ppb-no-mobile-spacing\" style=\"\" ><p>\n<img loading=\"lazy\" decoding=\"async\" class=\"aligncenter wp-image-1030 size-full\" src=\"https:\/\/ovotrack.com\/wp-content\/uploads\/2018\/03\/Stemped-Eggs.jpg\" alt=\"About us Ovotrack Stemped Eggs\" width=\"1905\" height=\"665\" data-mce-src=\"https:\/\/ovotrack.com\/wp-content\/uploads\/2018\/03\/Stemped-Eggs.jpg\" srcset=\"https:\/\/ovotrack.com\/wp-content\/uploads\/2018\/03\/Stemped-Eggs.jpg 1905w, https:\/\/ovotrack.com\/wp-content\/uploads\/2018\/03\/Stemped-Eggs-300x105.jpg 300w, https:\/\/ovotrack.com\/wp-content\/uploads\/2018\/03\/Stemped-Eggs-768x268.jpg 768w, https:\/\/ovotrack.com\/wp-content\/uploads\/2018\/03\/Stemped-Eggs-1024x357.jpg 1024w\" sizes=\"auto, (max-width: 1905px) 100vw, 1905px\" \/>\n<\/p><\/div><\/div><\/div><!--.panel-grid-cell-container--><\/div><!--.panel-row-style--><\/div><!--.panel-grid--><div class=\"panel-grid ppb-row\" id=\"pg-3343-1\" style=\"margin-top: 25px;margin-bottom: 0;\" ><div class=\"ppb-row panel-row-style panel-row-style- \" style=\"\" ><style>#pg-3343-1 .panel-grid-cell { padding: 0 0.5% 0; }<\/style><div class='panel-grid-cell-container'><div class=\"ppb-col panel-grid-cell \" id=\"pgc-3343-1-0\" ><div id=\"panel-3343-1-0-0\" class=\"ppb-block ppb-no-mobile-spacing\" style=\"\" ><h1>Ovotrack - la empresa<\/h1><p>\nJob Beekhuis, el actual director gerente de Ovotrack, comenz\u00f3 su carrera en el envasado de huevos en la casa de la familia Beekhuis en Leersum, Pa\u00edses Bajos.\n<\/p><p>\nA medida que la empresa familiar creci\u00f3, se requiri\u00f3 m\u00e1s informaci\u00f3n para la gesti\u00f3n eficaz de la empresa. Del mismo modo, los requisitos de los clientes para el etiquetado aumentaron a\u00f1o tras a\u00f1o. Estos requisitos, tomados en el contexto de varias crisis en la cadena de suministro de huevos, como el asunto de las dioxinas en B\u00e9lgica y el brote de IA en los Pa\u00edses Bajos, dieron como resultado que Job y su hermano programador inform\u00e1tico, Henk, desarrollaran la primera soluci\u00f3n de trazabilidad de huevos.\n<\/p><p>\nFue con la implementaci\u00f3n de la Ley Europea de Alimentos en 2005, lo que signific\u00f3 que el seguimiento y la trazabilidad de los huevos se volvieron obligatorios en Europa que Job y Henk Beekhuis decidieron comenzar su propia empresa. Naci\u00f3 Ovotrack y la soluci\u00f3n se comercializ\u00f3 en otros centros europeos de clasificaci\u00f3n de huevos.\n<\/p><p>\nDesde entonces, Ovotrack B.V. se ha convertido en el l\u00edder mundial de soluciones de trazabilidad de huevos para centros de clasificaci\u00f3n de huevos. Hoy en d\u00eda, las soluciones de Ovotrack se pueden encontrar en centros de clasificaci\u00f3n y procesamiento del huevos en Europa, Estados Unidos, Canad\u00e1, Australia, Nueva Zelanda y \u00c1frica.\n<\/p><h2>La 'Ley General de Alimentos'<\/h2><p>\nLa seguridad alimentaria y la trazabilidad son vitales para los centros de clasificaci\u00f3n de huevos. Los sistemas de calidad del huevo, como IKB, KAT, Lion Code o USDA requieren una trazabilidad completa y en Europa, la Ley 'General de Alimentos' (reglamento 178\/2002 de la UE) hizo que los sistemas y procedimientos de trazabilidad sean obligatorios para todas las empresas de alimentos o procesamiento de alimentos.\n<\/p><\/div><\/div><\/div><!--.panel-grid-cell-container--><\/div><!--.panel-row-style--><\/div><!--.panel-grid--><div class=\"panel-grid ppb-row\" id=\"pg-3343-2\" style=\"margin-bottom: 0;\" ><div class=\"ppb-row panel-row-style panel-row-style-  ppb-stretch-full-width ppb-stretch-full-width-1 ppb-full-width-no-bg ppb-match-col-hi\" style=\"background-color: #f3f3f3;\" ><style>#pg-3343-2 .panel-grid-cell { padding: 0 0.5% 0; }<\/style><div class='panel-grid-cell-container'><div class=\"ppb-col panel-grid-cell \" id=\"pgc-3343-2-0\" ><div id=\"panel-3343-2-0-0\" class=\"ppb-block ppb-mobile-behaviour-1\" style=\"margin-top: 20px;margin-bottom: 30px;\" ><h2>Trazabilidad del huevos<\/h2><p>\nLa trazabilidad de los huevos va en dos direcciones. En la mayor\u00eda de los pa\u00edses, el c\u00f3digo de la granja de origen est\u00e1 estampado o impreso en cada huevo, para que el consumidor pueda ver d\u00f3nde se produjo el huevo. Seguir adelante es mucho m\u00e1s complicado; a qu\u00e9 cliente enviamos los huevos de un productor, nave, lote y fecha de puesta en particular. Esto es a\u00fan m\u00e1s dif\u00edcil porque los huevos a menudo se empaquetan inicialmente para el stock y solo obtienen su destino final en el almac\u00e9n de productos terminados despu\u00e9s de que llega el pedido de ventas.\n<\/p><p>\nEn caso de un retiro del producto, su cliente no quiere basar este retiro en el c\u00f3digo que est\u00e1 estampado en los huevos. Su cliente solo quiere que le diga qu\u00e9 paleta debe recordar.\n<\/p><p>\nPor esta raz\u00f3n, las cajas y paletas externas requieren un c\u00f3digo de barras \u00fanico que debe indicar el origen de los huevos que se encuentran en este caja o paleta. Ovotrack le ofrece la soluci\u00f3n para esto.<br>Ovotrack se puede usar de forma independiente, pero muchas veces Ovotrack est\u00e1 conectado o integrado con un sistema de gesti\u00f3n (ERP) existente o una soluci\u00f3n de facturaci\u00f3n, como Microsoft Dynamics, Great Plains, Sage, Exchequer, NetSuite y muchas m\u00e1s.\n<\/p><\/div><\/div><\/div><!--.panel-grid-cell-container--><\/div><!--.panel-row-style--><\/div><!--.panel-grid--><div class=\"panel-grid ppb-row\" id=\"pg-3343-3\" style=\"margin-bottom: 0;\" ><div class=\"ppb-row panel-row-style panel-row-style-  ppb-stretch-full-width ppb-stretch-full-width-2 ppb-full-width-no-bg\" style=\"background-color: #f09100;\" ><style>#pg-3343-3 .panel-grid-cell { padding: 0 0.5% 0; }<\/style><div class='panel-grid-cell-container'><div class=\"ppb-col panel-grid-cell \" id=\"pgc-3343-3-0\" ><div id=\"panel-3343-3-0-0\" class=\"ppb-block ppb-no-mobile-spacing\" style=\"\" ><h2><img loading=\"lazy\" decoding=\"async\" class=\"aligncenter wp-image-1032 size-full\" src=\"https:\/\/ovotrack.com\/wp-content\/uploads\/2018\/03\/Tray-eggs-brown.jpg\" alt=\"About us Ovotrack Tray brown eggs\" width=\"1905\" height=\"665\" srcset=\"https:\/\/ovotrack.com\/wp-content\/uploads\/2018\/03\/Tray-eggs-brown.jpg 1905w, https:\/\/ovotrack.com\/wp-content\/uploads\/2018\/03\/Tray-eggs-brown-300x105.jpg 300w, https:\/\/ovotrack.com\/wp-content\/uploads\/2018\/03\/Tray-eggs-brown-768x268.jpg 768w, https:\/\/ovotrack.com\/wp-content\/uploads\/2018\/03\/Tray-eggs-brown-1024x357.jpg 1024w\" sizes=\"auto, (max-width: 1905px) 100vw, 1905px\" \/><\/h2><\/div><\/div><\/div><!--.panel-grid-cell-container--><\/div><!--.panel-row-style--><\/div><!--.panel-grid--><div class=\"panel-grid ppb-row\" id=\"pg-3343-4\" style=\"margin-bottom: 0;\" ><div class=\"ppb-row panel-row-style panel-row-style-  ppb-stretch-full-width ppb-stretch-full-width-1 ppb-full-width-no-bg\" style=\"background-color: #f69f07;\" ><style>#pg-3343-4 .panel-grid-cell { padding: 0 0.5% 0; }<\/style><div class='panel-grid-cell-container'><div class=\"ppb-col panel-grid-cell \" id=\"pgc-3343-4-0\" ><div id=\"panel-3343-4-0-0\" class=\"ppb-block ppb-mobile-behaviour-1\" style=\"color: #ffffff;margin-top: 30px;margin-bottom: 30px;\" ><h2><span style=\"color: #ffffff;\">El sistema Ovotrack<\/span><\/h2><p>\nNuestra soluci\u00f3n integrada consiste en una base de datos, m\u00f3dulos de software y hardware industrial dedicado. Un c\u00f3digo de barras \u00fanico, que indica el proveedor y la parvada, se escanea y almacena cuando se recogen, reciben o descargan los huevos. Adem\u00e1s, las unidades de Haugh o la resistencia del proyectil se pueden registrar en la base de datos Ovotrack.\n<\/p><p>\nLos palets con material de embalaje o huevos no clasificados pueden etiquetarse con c\u00f3digos de barras \u00fanicos, que se escanean cuando estos palets llegan a la zona de clasificaci\u00f3n. La informaci\u00f3n sobre el origen de los huevos se puede enviar autom\u00e1ticamente a la m\u00e1quina de clasificaci\u00f3n y los resultados de clasificaci\u00f3n se pueden recopilar y agrupar por lote o palet. Los cambios por lotes entre proveedores se pueden automatizar con 'Identificadores de carga de huevos' (ECI).\n<\/p><p>\nLas impresoras instaladas al final de las l\u00edneas de empaquetado crean etiquetas de cajas con solamente presionar un b\u00f3ton. Se pueden establecer pedidos de ventas o existencias con los dise\u00f1os de etiquetas correspondientes para cada l\u00ednea de empaquetado. El proceso del etiquetado se puede automatizar para empacadoras de cajas con soluciones de impresi\u00f3n y aplicaci\u00f3n. Cada caja recibe una etiqueta \u00fanica y la granja de origen se almacena en la base de datos Ovotrack. Los huevos 'clase B' se pueden almacenar por separado. Durante la paletizaci\u00f3n, las etiquetas de cajas se pueden conectar a una etiqueta de palet.\n<\/p><p>\nUna soluci\u00f3n separada de Ovotrack mantiene la trazabilidad cuando los huevos se vuelven a embalar. Durante el env\u00edo, los huevos clasificados pueden conectarse a su destino final. Las etiquetas de palet SSCC y una factura de carga se pueden generar, imprimir o sincronizar en un sistema de gesti\u00f3n (ERP) o sistema de facturaci\u00f3n.\n<\/p><p>\nEn general, los componentes proporcionan una visi\u00f3n general completa, actualizada y precisa antes, durante y despu\u00e9s de la clasificaci\u00f3n. Adem\u00e1s de hardware y software, Ovotrack ofrece consejos y soporte en cada fase.\n<\/p><\/div><\/div><\/div><!--.panel-grid-cell-container--><\/div><!--.panel-row-style--><\/div><!--.panel-grid--><div class=\"panel-grid ppb-row\" id=\"pg-3343-5\" style=\"margin-bottom: 0;\" ><div class=\"ppb-row panel-row-style panel-row-style- \" style=\"\" ><style>#pg-3343-5 .panel-grid-cell { padding: 0 1% 0; }<\/style><div class='panel-grid-cell-container'><div class=\"ppb-col panel-grid-cell \" id=\"pgc-3343-5-0\" ><div id=\"panel-3343-5-0-0\" class=\"ppb-block ppb-mobile-behaviour-1\" style=\"margin-top: 30px;margin-bottom: 30px;\" ><h2>C\u00f3mo trabajamos<\/h2><p>\n<strong>An\u00e1lisis de requerimientos:<\/strong> cada centro de clasificaci\u00f3n es \u00fanico. Mapeamos su proceso y necesidades \u00fanicas con usted.\n<\/p><p>\n<strong>Consejo: <\/strong>nuestro conocimiento y experiencia aseguran una soluci\u00f3n que le ofrece los mayores beneficios.\n<\/p><p>\n<strong>Plan de proyecto:<\/strong> gestionamos y supervisamos cada paso desde el concepto hasta la entrega final y, si es necesario, los preparativos el sitio de la implementaci\u00f3n.\n<\/p><p>\n<strong>Base de datos y preparaci\u00f3n de etiquetas:<\/strong> antes de la implementaci\u00f3n del sistema, la base de datos se instala en su servidor. Se puede comenzar a ingresar datos b\u00e1sicos y preparar, po ejemplo, la sincronizaci\u00f3n del sistema de gesti\u00f3n (ERP) y el dise\u00f1o de etiquetas.\n<\/p><p>\n<strong>Instalaci\u00f3n e implementaci\u00f3n:<\/strong> nuestros especialistas de soporte instalan el hardware y lo conectan a la LAN, la m\u00e1quina de clasificaci\u00f3n, las b\u00e1sculas, los empacadores de cajas o los dispositivos de caldidad de huevo. Despu\u00e9s de eso, el software est\u00e1 configurado.\n<\/p><p>\n<strong>Formaci\u00f3n:<\/strong> los especialistas de soporte capacitan a su personal y ayudan a comenzar con el sistema.\n<\/p><p>\n<strong>Informes:<\/strong> nuestros especialistas de soporte ajustan los informes a sus necesidades en el dise\u00f1ador de informes integrado.\n<\/p><p>\n<strong>Apoyo:<\/strong> Nuestros especialistas de soporte ofrecen asistencia t\u00e9cnica y se hacen cargo de los PC de Ovotrack para ayudar a los usarios y operadores en tiempo real, est\u00e9n donde est\u00e9n. Las actualizaciones de software, el dise\u00f1o de etiquetas y reportes son parte de nuestras ofertas de soporte.\n<\/p><p style=\"text-align: center;\"><img loading=\"lazy\" decoding=\"async\" class=\"wp-image-3345 size-medium aligncenter\" src=\"https:\/\/ovotrack.com\/wp-content\/uploads\/2018\/07\/Microsoft-Silver-Partner-300x200.png\" alt=\"Microsoft Silver Partner\" width=\"300\" height=\"200\" srcset=\"https:\/\/ovotrack.com\/wp-content\/uploads\/2018\/07\/Microsoft-Silver-Partner-300x200.png 300w, https:\/\/ovotrack.com\/wp-content\/uploads\/2018\/07\/Microsoft-Silver-Partner.png 650w\" sizes=\"auto, (max-width: 300px) 100vw, 300px\" \/>\n<\/p><\/div><\/div><div class=\"ppb-col panel-grid-cell \" id=\"pgc-3343-5-1\" ><div id=\"panel-3343-5-1-0\" class=\"ppb-block ppb-mobile-behaviour-2\" style=\"border: 2px solid #f69f07;padding: 15px;margin-top: 15px;margin-bottom: 30px;border-radius: 5px;\" ><h2>El equipo<\/h2><p>\n<strong>Job Beekhuis<\/strong><br \/>Director &amp; Ventas\n<\/p><p>\n<b>Erik Jan Schimmel<br \/><\/b>Director de Desarollo de Negocios\n<\/p><p>\n<strong>Sebastiaan Klootwijk\u00a0<br \/><\/strong>Gerente de Ventas\u00a0\n<\/p><p>\n<strong>Raul den Adel<br \/><\/strong>Gerente de Ventas y Marketing\n<\/p><p>\n<strong>Ilse van Cappelle\u00a0<br \/><\/strong>Coordinadora de Marketing\n<\/p><p>\n<b>Marco Kruik<br \/><\/b>Gerente de Proyecto\n<\/p><p>\n<strong>Yorick Rieken<br \/><\/strong>Jefe de Equipo de Soporte y Due\u00f1o del Producto\n<\/p><p>\n<strong>Miguel Abadia Sabel<br \/><\/strong>Especialista de Soporte\n<\/p><p>\n<strong>John Suntjens<br \/><\/strong>Especialista de Soporte\n<\/p><p>\n<strong>Fazal Popkema<br \/><\/strong>Especialista de Soporte\n<\/p><p>\n<strong>Marco Harmsen<br \/><\/strong>Especialista de Soporte\n<\/p><p>\n<strong>Puja Mishra\u00a0<br \/><\/strong>Especialista de Soporte\n<\/p><p>\n<strong>Gerjan Verwoert<br \/><\/strong>Especialista de Soporte\n<\/p><p>\n<strong>Sam Groothuis\u00a0<br \/><\/strong>Especialista j\u00fanior de Soporte\n<\/p><p>\n<strong>Brandon Helmuth<br \/><\/strong>Especialista de Soporte de Estados Unidos\n<\/p><p>\n<strong>Henk Beekhuis<br \/><\/strong>Arquitecto de Software\n<\/p><p>\n<strong>Sener Yetgin<br \/><\/strong>Desarrollador Senior de Software\n<\/p><p>\n<strong>Wilfred van de Grift<br \/><\/strong>Desarrollador Senior de Software\n<\/p><p>\n<strong>Olle Kelderman<br \/><\/strong>Desarrollador de Software\n<\/p><p>\n<strong>Wilfred van de Grift<br \/><\/strong>Desarrollador Senior de Software\n<\/p><p>\n<strong>Joost van der Horst\u00a0<br \/><\/strong>Desarrollador Front-end\u00a0\n<\/p><p>\n<strong>Lukas Boekhout\u00a0<br \/><\/strong>Desarrollador Front-end\u00a0\n<\/p><p>\n<strong>Mark Poelen\u00a0<br \/><\/strong>Desarrollador Back-end\u00a0\n<\/p><p>\n<b>Judith Schoorlemmer<br \/><\/b>Gerente de Recursos Humanos\n<\/p><\/div><\/div><\/div><!--.panel-grid-cell-container--><\/div><!--.panel-row-style--><\/div><!--.panel-grid--><div class=\"panel-grid ppb-row\" id=\"pg-3343-6\" style=\"margin-top: 10px;margin-bottom: 0;\" ><div class=\"ppb-row panel-row-style panel-row-style-  ppb-stretch-full-width ppb-stretch-full-width-1 ppb-full-width-no-bg\" style=\"background-color: #f3f3f3;\" ><style>#pg-3343-6 .panel-grid-cell { padding: 0 0.5% 0; }<\/style><div class='panel-grid-cell-container'><div class=\"ppb-col panel-grid-cell \" id=\"pgc-3343-6-0\" ><div id=\"panel-3343-6-0-0\" class=\"ppb-block ppb-mobile-behaviour-1\" style=\"margin-top: 20px;margin-bottom: 30px;\" ><h2>El proceso:<\/h2><ol><li>Impresi\u00f3n de etiquetas de granja.<\/li><li>Recepci\u00f3n de huevos no clasificaco, material de embalaje o huevos clasificados. Escanear etiquetas de granjas o imprimir nuevas etiquetas y registrar fechas de colocaci\u00f3n.<\/li><li>Escanear etiquetas de c\u00f3digo de barras en el cargador. Enviar informaci\u00f3n relevante a la m\u00e1quina de clasificaci\u00f3n.<\/li><li>Seleccionar el pedido de producci\u00f3n o venta correcto. Cambiar la configuraci\u00f3n de la impresora o el dise\u00f1o de la etiqueta si es necesario.<\/li><li>Cajas de botones por cada 2 carriles de embalaje. Con las impresoras al final de las l\u00edneas de empaquetado en la parte superior de las cajas de botones, se pueden imprimir etiquetas para cada caja o paleta.<\/li><li>Con un sistema de impresi\u00f3n y aplicaci\u00f3n, la etiqueta se puede imprimir y aplicar autom\u00e1ticamente.<\/li><li>Durante el paletizado. etiquetas se pueden escanear y imprimir una etiqueta de paleta o una etiqueta SSCC.<\/li><li>Escanear lasetiquetas de cajas durante el preparaci\u00f3n de una paleta mixta, basado de un pedido del cliente.<\/li><li>Escanear las etiquetas de las cajas o las etiquetas de los palets y con\u00e9ctelas a los pedidos de ventas durante el env\u00edo.<\/li><li>Integraci\u00f3n o conexi\u00f3n con otros centros de clasificaci\u00f3n de huevos y \/ o sistemas de gesti\u00f3n (ERP).<\/li><\/ol><\/div><\/div><\/div><!--.panel-grid-cell-container--><\/div><!--.panel-row-style--><\/div><!--.panel-grid--><div class=\"panel-grid ppb-row\" id=\"pg-3343-7\" style=\"margin-bottom: 0;\" ><div class=\"ppb-row panel-row-style panel-row-style-  ppb-stretch-full-width ppb-stretch-full-width-1 ppb-full-width-no-bg\" style=\"background-image: url( https:\/\/ovotrack.com\/wp-content\/uploads\/2018\/03\/Barcode.jpg ); background-size: cover; background-repeat: no-repeat; min-height:16px;\" ><style>#pg-3343-7 .panel-grid-cell { padding: 0 0.5% 0; }<\/style><div class='panel-grid-cell-container'><div class=\"ppb-col panel-grid-cell \" id=\"pgc-3343-7-0\" ><\/div><\/div><!--.panel-grid-cell-container--><\/div><!--.panel-row-style--><\/div><!--.panel-grid-->\t\t<\/div>\n\t\t","protected":false},"excerpt":{"rendered":"<p>Ovotrack &#8211; la empresa Job Beekhuis, el actual director gerente de Ovotrack, comenz\u00f3 su carrera en el envasado de huevos en la casa de la familia Beekhuis en Leersum, Pa\u00edses Bajos. A medida que la empresa familiar creci\u00f3, se requiri\u00f3 m\u00e1s informaci\u00f3n para la gesti\u00f3n eficaz de la empresa. Del mismo modo, los requisitos de [&hellip;]<\/p>\n","protected":false},"author":5,"featured_media":0,"parent":0,"menu_order":0,"comment_status":"closed","ping_status":"closed","template":"","meta":{"footnotes":""},"class_list":["post-3343","page","type-page","status-publish","hentry"],"_links":{"self":[{"href":"https:\/\/ovotrack.com\/es\/wp-json\/wp\/v2\/pages\/3343","targetHints":{"allow":["GET"]}}],"collection":[{"href":"https:\/\/ovotrack.com\/es\/wp-json\/wp\/v2\/pages"}],"about":[{"href":"https:\/\/ovotrack.com\/es\/wp-json\/wp\/v2\/types\/page"}],"author":[{"embeddable":true,"href":"https:\/\/ovotrack.com\/es\/wp-json\/wp\/v2\/users\/5"}],"replies":[{"embeddable":true,"href":"https:\/\/ovotrack.com\/es\/wp-json\/wp\/v2\/comments?post=3343"}],"version-history":[{"count":21,"href":"https:\/\/ovotrack.com\/es\/wp-json\/wp\/v2\/pages\/3343\/revisions"}],"predecessor-version":[{"id":6892,"href":"https:\/\/ovotrack.com\/es\/wp-json\/wp\/v2\/pages\/3343\/revisions\/6892"}],"wp:attachment":[{"href":"https:\/\/ovotrack.com\/es\/wp-json\/wp\/v2\/media?parent=3343"}],"curies":[{"name":"wp","href":"https:\/\/api.w.org\/{rel}","templated":true}]}}